{"id":15717,"date":"2025-09-12T11:01:51","date_gmt":"2025-09-12T09:01:51","guid":{"rendered":"https:\/\/philipp-group.com\/zarzadzanie-jakoscia\/"},"modified":"2026-02-03T12:37:35","modified_gmt":"2026-02-03T11:37:35","slug":"zarzadzanie-jakoscia","status":"publish","type":"page","link":"https:\/\/philipp-group.com\/pl\/zarzadzanie-jakoscia\/","title":{"rendered":"Zarz\u0105dzanie jako\u015bci\u0105"},"content":{"rendered":"\t\t<div data-elementor-type=\"wp-page\" data-elementor-id=\"15717\" class=\"elementor elementor-15717 elementor-3504\" data-elementor-post-type=\"page\">\n\t\t\t\t<div class=\"elementor-element elementor-element-64f7523 e-con-full e-flex e-con e-parent\" data-id=\"64f7523\" data-element_type=\"container\" data-e-type=\"container\">\n\t\t\t\t<div class=\"elementor-element elementor-element-358088a elementor-widget elementor-widget-n-carousel\" data-id=\"358088a\" data-element_type=\"widget\" data-e-type=\"widget\" data-settings=\"{&quot;carousel_items&quot;:[{&quot;slide_title&quot;:&quot;Slide 1&quot;,&quot;_id&quot;:&quot;faae4d4&quot;},{&quot;slide_title&quot;:&quot;Slide 2&quot;,&quot;_id&quot;:&quot;813d16a&quot;},{&quot;slide_title&quot;:&quot;Slide 3&quot;,&quot;_id&quot;:&quot;20caabc&quot;},{&quot;slide_title&quot;:&quot;Slide 4&quot;,&quot;_id&quot;:&quot;9ba5c30&quot;}],&quot;slides_to_show&quot;:&quot;1&quot;,&quot;slides_to_show_tablet&quot;:&quot;1&quot;,&quot;autoplay_speed&quot;:2000,&quot;offset_sides&quot;:&quot;both&quot;,&quot;offset_width&quot;:{&quot;unit&quot;:&quot;px&quot;,&quot;size&quot;:330,&quot;sizes&quot;:[]},&quot;offset_width_tablet&quot;:{&quot;unit&quot;:&quot;px&quot;,&quot;size&quot;:100,&quot;sizes&quot;:[]},&quot;offset_width_mobile&quot;:{&quot;unit&quot;:&quot;px&quot;,&quot;size&quot;:50,&quot;sizes&quot;:[]},&quot;slides_to_show_mobile&quot;:&quot;1&quot;,&quot;autoplay&quot;:&quot;yes&quot;,&quot;pause_on_hover&quot;:&quot;yes&quot;,&quot;pause_on_interaction&quot;:&quot;yes&quot;,&quot;infinite&quot;:&quot;yes&quot;,&quot;speed&quot;:500,&quot;image_spacing_custom&quot;:{&quot;unit&quot;:&quot;px&quot;,&quot;size&quot;:10,&quot;sizes&quot;:[]},&quot;image_spacing_custom_tablet&quot;:{&quot;unit&quot;:&quot;px&quot;,&quot;size&quot;:&quot;&quot;,&quot;sizes&quot;:[]},&quot;image_spacing_custom_mobile&quot;:{&quot;unit&quot;:&quot;px&quot;,&quot;size&quot;:&quot;&quot;,&quot;sizes&quot;:[]}}\" data-widget_type=\"nested-carousel.default\">\n\t\t\t\t<div class=\"elementor-widget-container\">\n\t\t\t\t\t\t\t<div class=\"e-n-carousel swiper\" role=\"region\" aria-roledescription=\"carousel\" aria-label=\"Karussell\" dir=\"ltr\">\n\t\t\t<div class=\"swiper-wrapper\" aria-live=\"off\">\n\t\t\t\t\t\t\t\t\t\t<div class=\"swiper-slide\" data-slide=\"1\" role=\"group\" aria-roledescription=\"slide\" aria-label=\"1 of 4\">\n\t\t\t\t\t\t\t<div class=\"elementor-element elementor-element-21d7d0c7 e-con-full e-flex e-con e-child\" data-id=\"21d7d0c7\" data-element_type=\"container\" data-e-type=\"container\" data-settings=\"{&quot;background_background&quot;:&quot;classic&quot;}\">\n\t\t\t\t<\/div>\n\t\t\t\t\t\t\t\t<\/div>\n\t\t\t\t\t\t\t\t\t\t\t<div class=\"swiper-slide\" data-slide=\"2\" role=\"group\" aria-roledescription=\"slide\" aria-label=\"2 of 4\">\n\t\t\t\t\t\t\t<div class=\"elementor-element elementor-element-6661180a e-con-full e-flex e-con e-child\" data-id=\"6661180a\" data-element_type=\"container\" data-e-type=\"container\" data-settings=\"{&quot;background_background&quot;:&quot;classic&quot;}\">\n\t\t\t\t<\/div>\n\t\t\t\t\t\t\t\t<\/div>\n\t\t\t\t\t\t\t\t\t\t\t<div class=\"swiper-slide\" data-slide=\"3\" role=\"group\" aria-roledescription=\"slide\" aria-label=\"3 of 4\">\n\t\t\t\t\t\t\t<div class=\"elementor-element elementor-element-3610a20b e-con-full e-flex e-con e-child\" data-id=\"3610a20b\" data-element_type=\"container\" data-e-type=\"container\" data-settings=\"{&quot;background_background&quot;:&quot;classic&quot;}\">\n\t\t\t\t<\/div>\n\t\t\t\t\t\t\t\t<\/div>\n\t\t\t\t\t\t\t\t\t\t\t<div class=\"swiper-slide\" data-slide=\"4\" role=\"group\" aria-roledescription=\"slide\" aria-label=\"4 of 4\">\n\t\t\t\t\t\t\t<div class=\"elementor-element elementor-element-57079a6 e-con-full e-flex e-con e-child\" data-id=\"57079a6\" data-element_type=\"container\" data-e-type=\"container\" data-settings=\"{&quot;background_background&quot;:&quot;classic&quot;}\">\n\t\t\t\t<\/div>\n\t\t\t\t\t\t\t\t<\/div>\n\t\t\t\t\t\t\t\t<\/div>\n\t\t<\/div>\n\t\t\t\t\t\t<\/div>\n\t\t\t\t<\/div>\n\t\t\t\t<\/div>\n\t\t<div class=\"elementor-element elementor-element-757a6e85 e-flex e-con-boxed e-con e-parent\" data-id=\"757a6e85\" data-element_type=\"container\" data-e-type=\"container\">\n\t\t\t\t\t<div class=\"e-con-inner\">\n\t\t<div class=\"elementor-element elementor-element-2a8babf5 e-con-full e-flex e-con e-child\" data-id=\"2a8babf5\" data-element_type=\"container\" data-e-type=\"container\">\n\t\t\t\t<div class=\"elementor-element elementor-element-543677a1 elementor-view-default elementor-widget elementor-widget-icon\" data-id=\"543677a1\" data-element_type=\"widget\" data-e-type=\"widget\" data-widget_type=\"icon.default\">\n\t\t\t\t<div class=\"elementor-widget-container\">\n\t\t\t\t\t\t\t<div class=\"elementor-icon-wrapper\">\n\t\t\t<div class=\"elementor-icon\">\n\t\t\t<i aria-hidden=\"true\" class=\"fas fa-square-full\"><\/i>\t\t\t<\/div>\n\t\t<\/div>\n\t\t\t\t\t\t<\/div>\n\t\t\t\t<\/div>\n\t\t\t\t<div class=\"elementor-element elementor-element-7e4c51be elementor-widget elementor-widget-heading\" data-id=\"7e4c51be\" data-element_type=\"widget\" data-e-type=\"widget\" data-widget_type=\"heading.default\">\n\t\t\t\t<div class=\"elementor-widget-container\">\n\t\t\t\t\t<p class=\"elementor-heading-title elementor-size-default\">CERTYFIKACJA ZGODNA Z DIN EN ISO 9001<\/p>\t\t\t\t<\/div>\n\t\t\t\t<\/div>\n\t\t\t\t<div class=\"elementor-element elementor-element-40471624 elementor-view-default elementor-widget elementor-widget-icon\" data-id=\"40471624\" data-element_type=\"widget\" data-e-type=\"widget\" data-widget_type=\"icon.default\">\n\t\t\t\t<div class=\"elementor-widget-container\">\n\t\t\t\t\t\t\t<div class=\"elementor-icon-wrapper\">\n\t\t\t<div class=\"elementor-icon\">\n\t\t\t<i aria-hidden=\"true\" class=\"fas fa-square-full\"><\/i>\t\t\t<\/div>\n\t\t<\/div>\n\t\t\t\t\t\t<\/div>\n\t\t\t\t<\/div>\n\t\t\t\t<\/div>\n\t\t\t\t<div class=\"elementor-element elementor-element-742cec52 elementor-widget elementor-widget-heading\" data-id=\"742cec52\" data-element_type=\"widget\" data-e-type=\"widget\" data-widget_type=\"heading.default\">\n\t\t\t\t<div class=\"elementor-widget-container\">\n\t\t\t\t\t<h1 class=\"elementor-heading-title elementor-size-default\">Zarz\u0105dzanie jako\u015bci\u0105<\/h1>\t\t\t\t<\/div>\n\t\t\t\t<\/div>\n\t\t\t\t<div class=\"elementor-element elementor-element-f2ec1b elementor-widget elementor-widget-text-editor\" data-id=\"f2ec1b\" data-element_type=\"widget\" data-e-type=\"widget\" data-widget_type=\"text-editor.default\">\n\t\t\t\t<div class=\"elementor-widget-container\">\n\t\t\t\t\t\t\t\t\t<p>Stale monitorujemy nasze procesy pracy i kontrolujemy nasze produkty. To gwarantuje jako\u015b\u0107 i wysokie standardy. Stawiamy sobie niezwykle wysokie wymagania i je spe\u0142niamy. Jeste\u015bmy precyzyjni, co znajduje odzwierciedlenie w naszych produktach.   <br><br><\/p><p>Jednostka certyfikuj\u0105ca T\u00dcV PROFiCERT z T\u00dcV Hessen potwierdzi\u0142a zgodnie z procedur\u0105 T\u00dcV PROFiCERT, \u017ce firma PHILIPP wdro\u017cy\u0142a i stosuje system zarz\u0105dzania jako\u015bci\u0105 w nast\u0119puj\u0105cym zakresie: rozw\u00f3j, produkcja i dystrybucja lin stalowych, urz\u0105dze\u0144 d\u017awigowych, element\u00f3w hydraulicznych i pneumatycznych, agregat\u00f3w hydraulicznych, system\u00f3w transportu i monta\u017cu prefabrykat\u00f3w, cylindr\u00f3w hydraulicznych i komponent\u00f3w, a tak\u017ce w zakresie naprawy cylindr\u00f3w hydraulicznych.<\/p>\t\t\t\t\t\t\t\t<\/div>\n\t\t\t\t<\/div>\n\t\t\t\t\t<\/div>\n\t\t\t\t<\/div>\n\t\t<div class=\"elementor-element elementor-element-1f98c36 e-grid e-con-boxed e-con e-parent\" data-id=\"1f98c36\" data-element_type=\"container\" data-e-type=\"container\">\n\t\t\t\t\t<div class=\"e-con-inner\">\n\t\t<div class=\"elementor-element elementor-element-ca9bbb7 e-con-full e-flex e-con e-child\" data-id=\"ca9bbb7\" data-element_type=\"container\" data-e-type=\"container\">\n\t\t\t\t<div class=\"elementor-element elementor-element-c57ed42 elementor-widget elementor-widget-image\" data-id=\"c57ed42\" data-element_type=\"widget\" data-e-type=\"widget\" data-widget_type=\"image.default\">\n\t\t\t\t<div class=\"elementor-widget-container\">\n\t\t\t\t\t\t\t\t\t\t\t\t\t\t\t\t<a href=\"https:\/\/philipp-group.com\/wp-content\/uploads\/2025\/09\/Startseite_Qualitaetsmanagement_BAFA-konformes-Energieaudit-nach-DIN-16247-1_PHILIPPGRUPPE.pdf\" target=\"_blank\" rel=\"nofollow\">\n\t\t\t\t\t\t\t<img fetchpriority=\"high\" decoding=\"async\" width=\"748\" height=\"1067\" src=\"https:\/\/philipp-group.com\/wp-content\/uploads\/2025\/09\/Startseite_Qualitaetsmanagement_BAFA-konformes-Energieaudit-nach-DIN-16247-1_PHILIPPGRUPPE.jpg\" class=\"attachment-medium_large size-medium_large wp-image-15724\" alt=\"\" srcset=\"https:\/\/philipp-group.com\/wp-content\/uploads\/2025\/09\/Startseite_Qualitaetsmanagement_BAFA-konformes-Energieaudit-nach-DIN-16247-1_PHILIPPGRUPPE.jpg 748w, https:\/\/philipp-group.com\/wp-content\/uploads\/2025\/09\/Startseite_Qualitaetsmanagement_BAFA-konformes-Energieaudit-nach-DIN-16247-1_PHILIPPGRUPPE-600x856.jpg 600w, https:\/\/philipp-group.com\/wp-content\/uploads\/2025\/09\/Startseite_Qualitaetsmanagement_BAFA-konformes-Energieaudit-nach-DIN-16247-1_PHILIPPGRUPPE-210x300.jpg 210w, https:\/\/philipp-group.com\/wp-content\/uploads\/2025\/09\/Startseite_Qualitaetsmanagement_BAFA-konformes-Energieaudit-nach-DIN-16247-1_PHILIPPGRUPPE-718x1024.jpg 718w\" sizes=\"(max-width: 748px) 100vw, 748px\" \/>\t\t\t\t\t\t\t\t<\/a>\n\t\t\t\t\t\t\t\t\t\t\t\t\t\t\t<\/div>\n\t\t\t\t<\/div>\n\t\t\t\t<\/div>\n\t\t<div class=\"elementor-element elementor-element-b20caa6 e-con-full e-flex e-con e-child\" data-id=\"b20caa6\" data-element_type=\"container\" data-e-type=\"container\">\n\t\t\t\t<div class=\"elementor-element elementor-element-ae1f105 elementor-widget elementor-widget-image\" data-id=\"ae1f105\" data-element_type=\"widget\" data-e-type=\"widget\" data-widget_type=\"image.default\">\n\t\t\t\t<div class=\"elementor-widget-container\">\n\t\t\t\t\t\t\t\t\t\t\t\t\t\t\t\t<a href=\"https:\/\/philipp-group.com\/wp-content\/uploads\/2025\/09\/Startseite_Qualitaetsmanagement_Parker-Schlauchwerkstattzertifikat-Aschaffenburg_PHILIPPGRUPPE.pdf\" target=\"_blank\" rel=\"nofollow\">\n\t\t\t\t\t\t\t<img decoding=\"async\" width=\"768\" height=\"1085\" src=\"https:\/\/philipp-group.com\/wp-content\/uploads\/2026\/02\/Philipp-GmbH-Mainaschaff-22.01-1-768x1085.png\" class=\"attachment-medium_large size-medium_large wp-image-20447\" alt=\"\" srcset=\"https:\/\/philipp-group.com\/wp-content\/uploads\/2026\/02\/Philipp-GmbH-Mainaschaff-22.01-1-768x1085.png 768w, https:\/\/philipp-group.com\/wp-content\/uploads\/2026\/02\/Philipp-GmbH-Mainaschaff-22.01-1-212x300.png 212w, https:\/\/philipp-group.com\/wp-content\/uploads\/2026\/02\/Philipp-GmbH-Mainaschaff-22.01-1-725x1024.png 725w, https:\/\/philipp-group.com\/wp-content\/uploads\/2026\/02\/Philipp-GmbH-Mainaschaff-22.01-1-1087x1536.png 1087w, https:\/\/philipp-group.com\/wp-content\/uploads\/2026\/02\/Philipp-GmbH-Mainaschaff-22.01-1-600x848.png 600w, https:\/\/philipp-group.com\/wp-content\/uploads\/2026\/02\/Philipp-GmbH-Mainaschaff-22.01-1.png 1129w\" sizes=\"(max-width: 768px) 100vw, 768px\" \/>\t\t\t\t\t\t\t\t<\/a>\n\t\t\t\t\t\t\t\t\t\t\t\t\t\t\t<\/div>\n\t\t\t\t<\/div>\n\t\t\t\t<\/div>\n\t\t<div class=\"elementor-element elementor-element-942e3fd e-con-full e-flex e-con e-child\" data-id=\"942e3fd\" data-element_type=\"container\" data-e-type=\"container\">\n\t\t\t\t<div class=\"elementor-element elementor-element-94ef151 elementor-widget elementor-widget-image\" data-id=\"94ef151\" data-element_type=\"widget\" data-e-type=\"widget\" data-widget_type=\"image.default\">\n\t\t\t\t<div class=\"elementor-widget-container\">\n\t\t\t\t\t\t\t\t\t\t\t\t\t\t\t\t<a href=\"https:\/\/philipp-group.com\/wp-content\/uploads\/2025\/09\/Startseite_Qualitaetsmanagement_Parker-Schlauchwerkstattzertifikat-Neuss_PHILIPPGRUPPE.pdf\" target=\"_blank\" rel=\"nofollow\">\n\t\t\t\t\t\t\t<img decoding=\"async\" width=\"768\" height=\"1089\" src=\"https:\/\/philipp-group.com\/wp-content\/uploads\/2026\/02\/Philipp-GmbH-10.12-768x1089.png\" class=\"attachment-medium_large size-medium_large wp-image-20456\" alt=\"\" srcset=\"https:\/\/philipp-group.com\/wp-content\/uploads\/2026\/02\/Philipp-GmbH-10.12-768x1089.png 768w, https:\/\/philipp-group.com\/wp-content\/uploads\/2026\/02\/Philipp-GmbH-10.12-212x300.png 212w, https:\/\/philipp-group.com\/wp-content\/uploads\/2026\/02\/Philipp-GmbH-10.12-722x1024.png 722w, https:\/\/philipp-group.com\/wp-content\/uploads\/2026\/02\/Philipp-GmbH-10.12-1084x1536.png 1084w, https:\/\/philipp-group.com\/wp-content\/uploads\/2026\/02\/Philipp-GmbH-10.12-600x850.png 600w, https:\/\/philipp-group.com\/wp-content\/uploads\/2026\/02\/Philipp-GmbH-10.12.png 1181w\" sizes=\"(max-width: 768px) 100vw, 768px\" \/>\t\t\t\t\t\t\t\t<\/a>\n\t\t\t\t\t\t\t\t\t\t\t\t\t\t\t<\/div>\n\t\t\t\t<\/div>\n\t\t\t\t<\/div>\n\t\t<div class=\"elementor-element elementor-element-afc113c e-con-full e-flex e-con e-child\" data-id=\"afc113c\" data-element_type=\"container\" data-e-type=\"container\">\n\t\t\t\t<div class=\"elementor-element elementor-element-a6d8e74 elementor-widget elementor-widget-image\" data-id=\"a6d8e74\" data-element_type=\"widget\" data-e-type=\"widget\" data-widget_type=\"image.default\">\n\t\t\t\t<div class=\"elementor-widget-container\">\n\t\t\t\t\t\t\t\t\t\t\t\t\t\t\t\t<a href=\"https:\/\/philipp-group.com\/wp-content\/uploads\/2025\/09\/Startseite_Qualitaetsmanagement_Werkseigene-Produktionskontrolle-EN-1090-1_PHILIPPGRUPPE.pdf\" target=\"_blank\" rel=\"nofollow\">\n\t\t\t\t\t\t\t<img loading=\"lazy\" decoding=\"async\" width=\"754\" height=\"1067\" src=\"https:\/\/philipp-group.com\/wp-content\/uploads\/2025\/09\/Startseite_Qualitaetsmanagement_Werkseigene-Produktionskontrolle-EN-1090-1_PHILIPPGRUPPE.jpg\" class=\"attachment-medium_large size-medium_large wp-image-15727\" alt=\"\" srcset=\"https:\/\/philipp-group.com\/wp-content\/uploads\/2025\/09\/Startseite_Qualitaetsmanagement_Werkseigene-Produktionskontrolle-EN-1090-1_PHILIPPGRUPPE.jpg 754w, https:\/\/philipp-group.com\/wp-content\/uploads\/2025\/09\/Startseite_Qualitaetsmanagement_Werkseigene-Produktionskontrolle-EN-1090-1_PHILIPPGRUPPE-600x849.jpg 600w, https:\/\/philipp-group.com\/wp-content\/uploads\/2025\/09\/Startseite_Qualitaetsmanagement_Werkseigene-Produktionskontrolle-EN-1090-1_PHILIPPGRUPPE-212x300.jpg 212w, https:\/\/philipp-group.com\/wp-content\/uploads\/2025\/09\/Startseite_Qualitaetsmanagement_Werkseigene-Produktionskontrolle-EN-1090-1_PHILIPPGRUPPE-724x1024.jpg 724w\" sizes=\"(max-width: 754px) 100vw, 754px\" \/>\t\t\t\t\t\t\t\t<\/a>\n\t\t\t\t\t\t\t\t\t\t\t\t\t\t\t<\/div>\n\t\t\t\t<\/div>\n\t\t\t\t<\/div>\n\t\t<div class=\"elementor-element elementor-element-f20fb3f e-con-full e-flex e-con e-child\" data-id=\"f20fb3f\" data-element_type=\"container\" data-e-type=\"container\">\n\t\t\t\t<div class=\"elementor-element elementor-element-baad669 elementor-widget elementor-widget-image\" data-id=\"baad669\" data-element_type=\"widget\" data-e-type=\"widget\" data-widget_type=\"image.default\">\n\t\t\t\t<div class=\"elementor-widget-container\">\n\t\t\t\t\t\t\t\t\t\t\t\t\t\t\t\t<a href=\"https:\/\/philipp-group.com\/wp-content\/uploads\/2025\/09\/Startseite_Qualitaetsmanagement_Zertifikat-DIN-EN-ISO-9001-2015_Aschaffenburg_PHILIPPGRUPPE-1.pdf\" target=\"_blank\" rel=\"nofollow\">\n\t\t\t\t\t\t\t<img loading=\"lazy\" decoding=\"async\" width=\"755\" height=\"1067\" src=\"https:\/\/philipp-group.com\/wp-content\/uploads\/2025\/09\/Startseite_Qualitaetsmanagement_Zertifikat-DIN-EN-ISO-9001-2015_Aschaffenburg_PHILIPPGRUPPE.jpg\" class=\"attachment-medium_large size-medium_large wp-image-15728\" alt=\"\" srcset=\"https:\/\/philipp-group.com\/wp-content\/uploads\/2025\/09\/Startseite_Qualitaetsmanagement_Zertifikat-DIN-EN-ISO-9001-2015_Aschaffenburg_PHILIPPGRUPPE.jpg 755w, https:\/\/philipp-group.com\/wp-content\/uploads\/2025\/09\/Startseite_Qualitaetsmanagement_Zertifikat-DIN-EN-ISO-9001-2015_Aschaffenburg_PHILIPPGRUPPE-600x848.jpg 600w, https:\/\/philipp-group.com\/wp-content\/uploads\/2025\/09\/Startseite_Qualitaetsmanagement_Zertifikat-DIN-EN-ISO-9001-2015_Aschaffenburg_PHILIPPGRUPPE-212x300.jpg 212w, https:\/\/philipp-group.com\/wp-content\/uploads\/2025\/09\/Startseite_Qualitaetsmanagement_Zertifikat-DIN-EN-ISO-9001-2015_Aschaffenburg_PHILIPPGRUPPE-725x1024.jpg 725w\" sizes=\"(max-width: 755px) 100vw, 755px\" \/>\t\t\t\t\t\t\t\t<\/a>\n\t\t\t\t\t\t\t\t\t\t\t\t\t\t\t<\/div>\n\t\t\t\t<\/div>\n\t\t\t\t<\/div>\n\t\t<div class=\"elementor-element elementor-element-e93c3be e-con-full e-flex e-con e-child\" data-id=\"e93c3be\" data-element_type=\"container\" data-e-type=\"container\">\n\t\t\t\t<div class=\"elementor-element elementor-element-389454c elementor-widget elementor-widget-image\" data-id=\"389454c\" data-element_type=\"widget\" data-e-type=\"widget\" data-widget_type=\"image.default\">\n\t\t\t\t<div class=\"elementor-widget-container\">\n\t\t\t\t\t\t\t\t\t\t\t\t\t\t\t\t<a href=\"https:\/\/philipp-group.com\/wp-content\/uploads\/2025\/09\/Startseite_Qualitaetsmanagement_Zertifikat_Schweisszertifikat-DIN-EN-1090-2_PHILIPPGRUPPE.pdf\" target=\"_blank\" rel=\"nofollow\">\n\t\t\t\t\t\t\t<img loading=\"lazy\" decoding=\"async\" width=\"724\" height=\"1067\" src=\"https:\/\/philipp-group.com\/wp-content\/uploads\/2025\/09\/Startseite_Qualitaetsmanagement_Zertifikat_Schweisszertifikat-DIN-EN-1090-2_PHILIPPGRUPPE.jpg\" class=\"attachment-medium_large size-medium_large wp-image-15729\" alt=\"\" srcset=\"https:\/\/philipp-group.com\/wp-content\/uploads\/2025\/09\/Startseite_Qualitaetsmanagement_Zertifikat_Schweisszertifikat-DIN-EN-1090-2_PHILIPPGRUPPE.jpg 724w, https:\/\/philipp-group.com\/wp-content\/uploads\/2025\/09\/Startseite_Qualitaetsmanagement_Zertifikat_Schweisszertifikat-DIN-EN-1090-2_PHILIPPGRUPPE-600x884.jpg 600w, https:\/\/philipp-group.com\/wp-content\/uploads\/2025\/09\/Startseite_Qualitaetsmanagement_Zertifikat_Schweisszertifikat-DIN-EN-1090-2_PHILIPPGRUPPE-204x300.jpg 204w, https:\/\/philipp-group.com\/wp-content\/uploads\/2025\/09\/Startseite_Qualitaetsmanagement_Zertifikat_Schweisszertifikat-DIN-EN-1090-2_PHILIPPGRUPPE-695x1024.jpg 695w\" sizes=\"(max-width: 724px) 100vw, 724px\" \/>\t\t\t\t\t\t\t\t<\/a>\n\t\t\t\t\t\t\t\t\t\t\t\t\t\t\t<\/div>\n\t\t\t\t<\/div>\n\t\t\t\t<\/div>\n\t\t<div class=\"elementor-element elementor-element-c525f04 e-con-full e-flex e-con e-child\" data-id=\"c525f04\" data-element_type=\"container\" data-e-type=\"container\">\n\t\t\t\t<div class=\"elementor-element elementor-element-ae1cdd0 elementor-widget elementor-widget-image\" data-id=\"ae1cdd0\" data-element_type=\"widget\" data-e-type=\"widget\" data-widget_type=\"image.default\">\n\t\t\t\t<div class=\"elementor-widget-container\">\n\t\t\t\t\t\t\t\t\t\t\t\t\t\t\t\t<a href=\"https:\/\/philipp-group.com\/wp-content\/uploads\/2025\/11\/20250904-PHILIPP-Zertifikat-17660-B-02_2022-Rev.02.pdf\" target=\"_blank\" rel=\"nofollow\">\n\t\t\t\t\t\t\t<img loading=\"lazy\" decoding=\"async\" width=\"724\" height=\"1067\" src=\"https:\/\/philipp-group.com\/wp-content\/uploads\/2025\/11\/Startseite_Qualitaetsmanagement_Zertifikat_Schweisszertifikat-DIN-EN-17660-1_PHILIPPGRUPPE.jpg\" class=\"attachment-medium_large size-medium_large wp-image-19718\" alt=\"\" srcset=\"https:\/\/philipp-group.com\/wp-content\/uploads\/2025\/11\/Startseite_Qualitaetsmanagement_Zertifikat_Schweisszertifikat-DIN-EN-17660-1_PHILIPPGRUPPE.jpg 724w, https:\/\/philipp-group.com\/wp-content\/uploads\/2025\/11\/Startseite_Qualitaetsmanagement_Zertifikat_Schweisszertifikat-DIN-EN-17660-1_PHILIPPGRUPPE-204x300.jpg 204w, https:\/\/philipp-group.com\/wp-content\/uploads\/2025\/11\/Startseite_Qualitaetsmanagement_Zertifikat_Schweisszertifikat-DIN-EN-17660-1_PHILIPPGRUPPE-695x1024.jpg 695w, https:\/\/philipp-group.com\/wp-content\/uploads\/2025\/11\/Startseite_Qualitaetsmanagement_Zertifikat_Schweisszertifikat-DIN-EN-17660-1_PHILIPPGRUPPE-600x884.jpg 600w\" sizes=\"(max-width: 724px) 100vw, 724px\" \/>\t\t\t\t\t\t\t\t<\/a>\n\t\t\t\t\t\t\t\t\t\t\t\t\t\t\t<\/div>\n\t\t\t\t<\/div>\n\t\t\t\t<\/div>\n\t\t\t\t\t<\/div>\n\t\t\t\t<\/div>\n\t\t\t\t<\/div>\n\t\t","protected":false},"excerpt":{"rendered":"<p>CERTYFIKACJA ZGODNA Z DIN EN ISO 9001 Zarz\u0105dzanie jako\u015bci\u0105 Stale monitorujemy nasze procesy pracy i kontrolujemy nasze produkty. To gwarantuje jako\u015b\u0107 i wysokie standardy. Stawiamy sobie niezwykle wysokie wymagania i je spe\u0142niamy. Jeste\u015bmy precyzyjni, co znajduje odzwierciedlenie w naszych produktach. Jednostka certyfikuj\u0105ca T\u00dcV PROFiCERT z T\u00dcV Hessen potwierdzi\u0142a zgodnie z procedur\u0105 T\u00dcV PROFiCERT, \u017ce firma [&hellip;]<\/p>\n","protected":false},"author":4,"featured_media":0,"parent":0,"menu_order":0,"comment_status":"closed","ping_status":"closed","template":"","meta":{"_acf_changed":false,"site-sidebar-layout":"no-sidebar","site-content-layout":"page-builder","ast-site-content-layout":"full-width-container","site-content-style":"default","site-sidebar-style":"default","ast-global-header-display":"","ast-banner-title-visibility":"","ast-main-header-display":"","ast-hfb-above-header-display":"","ast-hfb-below-header-display":"","ast-hfb-mobile-header-display":"","site-post-title":"disabled","ast-breadcrumbs-content":"","ast-featured-img":"disabled","footer-sml-layout":"","ast-disable-related-posts":"","theme-transparent-header-meta":"","adv-header-id-meta":"","stick-header-meta":"","header-above-stick-meta":"","header-main-stick-meta":"","header-below-stick-meta":"","astra-migrate-meta-layouts":"default","ast-page-background-enabled":"default","ast-page-background-meta":{"desktop":{"background-color":"","background-image":"","background-repeat":"repeat","background-position":"center center","background-size":"auto","background-attachment":"scroll","background-type":"","background-media":"","overlay-type":"","overlay-color":"","overlay-opacity":"","overlay-gradient":""},"tablet":{"background-color":"","background-image":"","background-repeat":"repeat","background-position":"center center","background-size":"auto","background-attachment":"scroll","background-type":"","background-media":"","overlay-type":"","overlay-color":"","overlay-opacity":"","overlay-gradient":""},"mobile":{"background-color":"","background-image":"","background-repeat":"repeat","background-position":"center center","background-size":"auto","background-attachment":"scroll","background-type":"","background-media":"","overlay-type":"","overlay-color":"","overlay-opacity":"","overlay-gradient":""}},"ast-content-background-meta":{"desktop":{"background-color":"var(--ast-global-color-5)","background-image":"","background-repeat":"repeat","background-position":"center center","background-size":"auto","background-attachment":"scroll","background-type":"","background-media":"","overlay-type":"","overlay-color":"","overlay-opacity":"","overlay-gradient":""},"tablet":{"background-color":"var(--ast-global-color-5)","background-image":"","background-repeat":"repeat","background-position":"center center","background-size":"auto","background-attachment":"scroll","background-type":"","background-media":"","overlay-type":"","overlay-color":"","overlay-opacity":"","overlay-gradient":""},"mobile":{"background-color":"var(--ast-global-color-5)","background-image":"","background-repeat":"repeat","background-position":"center center","background-size":"auto","background-attachment":"scroll","background-type":"","background-media":"","overlay-type":"","overlay-color":"","overlay-opacity":"","overlay-gradient":""}},"footnotes":""},"class_list":["post-15717","page","type-page","status-publish","hentry"],"acf":[],"_links":{"self":[{"href":"https:\/\/philipp-group.com\/pl\/wp-json\/wp\/v2\/pages\/15717","targetHints":{"allow":["GET"]}}],"collection":[{"href":"https:\/\/philipp-group.com\/pl\/wp-json\/wp\/v2\/pages"}],"about":[{"href":"https:\/\/philipp-group.com\/pl\/wp-json\/wp\/v2\/types\/page"}],"author":[{"embeddable":true,"href":"https:\/\/philipp-group.com\/pl\/wp-json\/wp\/v2\/users\/4"}],"replies":[{"embeddable":true,"href":"https:\/\/philipp-group.com\/pl\/wp-json\/wp\/v2\/comments?post=15717"}],"version-history":[{"count":11,"href":"https:\/\/philipp-group.com\/pl\/wp-json\/wp\/v2\/pages\/15717\/revisions"}],"predecessor-version":[{"id":20457,"href":"https:\/\/philipp-group.com\/pl\/wp-json\/wp\/v2\/pages\/15717\/revisions\/20457"}],"wp:attachment":[{"href":"https:\/\/philipp-group.com\/pl\/wp-json\/wp\/v2\/media?parent=15717"}],"curies":[{"name":"wp","href":"https:\/\/api.w.org\/{rel}","templated":true}]}}