{"id":15802,"date":"2020-06-29T13:13:10","date_gmt":"2020-06-29T11:13:10","guid":{"rendered":"https:\/\/philipp-group.com\/nadruk\/"},"modified":"2026-01-30T16:22:36","modified_gmt":"2026-01-30T15:22:36","slug":"nadruk","status":"publish","type":"page","link":"https:\/\/philipp-group.com\/pl\/nadruk\/","title":{"rendered":"Nota prawna"},"content":{"rendered":"\t\t<div data-elementor-type=\"wp-page\" data-elementor-id=\"15802\" class=\"elementor elementor-15802 elementor-139\" data-elementor-post-type=\"page\">\n\t\t\t\t\t\t<section class=\"elementor-section elementor-top-section elementor-element elementor-element-653b9bb elementor-section-boxed elementor-section-height-default elementor-section-height-default\" data-id=\"653b9bb\" data-element_type=\"section\" data-e-type=\"section\">\n\t\t\t\t\t\t<div class=\"elementor-container elementor-column-gap-default\">\n\t\t\t\t\t<div class=\"elementor-column elementor-col-100 elementor-top-column elementor-element elementor-element-6ea0d68\" data-id=\"6ea0d68\" data-element_type=\"column\" data-e-type=\"column\">\n\t\t\t<div class=\"elementor-widget-wrap elementor-element-populated\">\n\t\t\t\t\t\t<div class=\"elementor-element elementor-element-715f6a0 elementor-widget elementor-widget-n-accordion\" data-id=\"715f6a0\" data-element_type=\"widget\" data-e-type=\"widget\" data-settings=\"{&quot;default_state&quot;:&quot;expanded&quot;,&quot;max_items_expended&quot;:&quot;one&quot;,&quot;n_accordion_animation_duration&quot;:{&quot;unit&quot;:&quot;ms&quot;,&quot;size&quot;:400,&quot;sizes&quot;:[]}}\" data-widget_type=\"nested-accordion.default\">\n\t\t\t\t<div class=\"elementor-widget-container\">\n\t\t\t\t\t\t\t<div class=\"e-n-accordion\" aria-label=\"Accordion. Open links with Enter or Space, close with Escape, and navigate with Arrow Keys\">\n\t\t\t\t\t\t<details id=\"e-n-accordion-item-1180\" class=\"e-n-accordion-item\" open>\n\t\t\t\t<summary class=\"e-n-accordion-item-title\" data-accordion-index=\"1\" tabindex=\"0\" aria-expanded=\"true\" aria-controls=\"e-n-accordion-item-1180\" >\n\t\t\t\t\t<span class='e-n-accordion-item-title-header'><h4 class=\"e-n-accordion-item-title-text\"> Siedziba g\u0142\u00f3wna Aschaffenburg <\/h4><\/span>\n\t\t\t\t\t\t\t<span class='e-n-accordion-item-title-icon'>\n\t\t\t<span class='e-opened' ><i aria-hidden=\"true\" class=\"fas fa-minus\"><\/i><\/span>\n\t\t\t<span class='e-closed'><i aria-hidden=\"true\" class=\"fas fa-plus\"><\/i><\/span>\n\t\t<\/span>\n\n\t\t\t\t\t\t<\/summary>\n\t\t\t\t<div role=\"region\" aria-labelledby=\"e-n-accordion-item-1180\" class=\"elementor-element elementor-element-a10d01e e-con-full e-flex e-con e-child\" data-id=\"a10d01e\" data-element_type=\"container\" data-e-type=\"container\">\n\t\t\t\t<div class=\"elementor-element elementor-element-5cb93b9 elementor-widget elementor-widget-text-editor\" data-id=\"5cb93b9\" data-element_type=\"widget\" data-e-type=\"widget\" data-widget_type=\"text-editor.default\">\n\t\t\t\t<div class=\"elementor-widget-container\">\n\t\t\t\t\t\t\t\t\t<h4>Nota prawna<\/h4><h5>Informacje zgodnie z \u00a7 5 niemieckiej ustawy o mediach elektronicznych (TMG)<\/h5><p>PHILIPP GmbH<br>Lilienthalstra\u00dfe 7-9<br>63741 Aschaffenburg<\/p><h5>Reprezentowana przez<\/h5><p>Martin Philipp<br>Thorsten Philipp<\/p><h5>Kontakt<\/h5><p>Telefon: +49 (0)6021 4027-0<br>Faks: +49 (0)6021 4027-440<br>E-mail: info@philipp-gruppe.de<\/p><h5>Wpis do rejestru<\/h5><p>Wpis do rejestru handlowego.<br>S\u0105d rejestrowy: S\u0105d Rejonowy w Aschaffenburgu<br>Numer rejestru: HRB 896<\/p><h5>Podatek od towar\u00f3w i us\u0142ug<\/h5><p>Numer identyfikacyjny podatku obrotowego zgodnie z \u00a727 a ustawy o podatku obrotowym:<br>DE 132084295<\/p><h5>Odpowiedzialny za tre\u015b\u0107 zgodnie z \u00a7 18 ust. 2 MStV  <\/h5><p>Thorsten Philipp<br>PHILIPP GmbH<br>Lilienthalstra\u00dfe 7-9<br>63741 Aschaffenburg<\/p><h5>Rozstrzyganie spor\u00f3w<\/h5><p>Komisja Europejska udost\u0119pnia platform\u0119 internetowego rozstrzygania spor\u00f3w (OS): <a href=\"https:\/\/ec.europa.eu\/consumers\/odr\" target=\"_blank\" rel=\"noopener nofollow\">https:\/\/ec.europa.eu\/consumers\/odr.<\/a><br>Nasz adres e-mail znajd\u0105 Pa\u0144stwo w powy\u017cszej nocie prawnej.<\/p><p>Nie jeste\u015bmy sk\u0142onni ani zobowi\u0105zani do udzia\u0142u w post\u0119powaniu rozstrzygaj\u0105cym spory przed komisj\u0105 arbitra\u017cow\u0105 ds. konsument\u00f3w.<\/p><h5>Odpowiedzialno\u015b\u0107 za tre\u015b\u0107<\/h5><p>Jako dostawca us\u0142ug jeste\u015bmy odpowiedzialni zgodnie z \u00a7 7 ust. 1 niemieckiej ustawy o mediach elektronicznych (TMG) za w\u0142asne tre\u015bci zamieszczone na tych stronach zgodnie z og\u00f3lnymi przepisami prawa. Zgodnie z \u00a7\u00a7 8 do 10 TMG jako dostawca us\u0142ug nie jeste\u015bmy jednak zobowi\u0105zani do monitorowania przekazywanych lub przechowywanych informacji os\u00f3b trzecich ani do badania okoliczno\u015bci wskazuj\u0105cych na dzia\u0142alno\u015b\u0107 niezgodn\u0105 z prawem.  <\/p><p>Nie ma to wp\u0142ywu na zobowi\u0105zania dotycz\u0105ce usuwania lub blokowania wykorzystania informacji zgodnie z og\u00f3lnymi przepisami prawa. Odpowiedzialno\u015b\u0107 w tym zakresie jest jednak mo\u017cliwa dopiero od momentu uzyskania wiedzy o konkretnym naruszeniu prawa. Po uzyskaniu informacji o takich naruszeniach prawa niezw\u0142ocznie usuniemy te tre\u015bci.  <\/p><h5>Odpowiedzialno\u015b\u0107 za linki<\/h5><p>Nasza oferta zawiera linki do zewn\u0119trznych stron internetowych os\u00f3b trzecich, na kt\u00f3rych tre\u015bci nie mamy wp\u0142ywu. Dlatego nie mo\u017cemy ponosi\u0107 odpowiedzialno\u015bci za te tre\u015bci. Za tre\u015bci stron, do kt\u00f3rych prowadz\u0105 linki, odpowiedzialno\u015b\u0107 ponosi zawsze odpowiedni dostawca lub operator stron. Strony, do kt\u00f3rych prowadz\u0105 linki, zosta\u0142y sprawdzone pod k\u0105tem ewentualnych narusze\u0144 prawa w momencie umieszczania link\u00f3w. W momencie umieszczania link\u00f3w nie stwierdzono \u017cadnych tre\u015bci niezgodnych z prawem.    <\/p><p>Sta\u0142e monitorowanie tre\u015bci stron, do kt\u00f3rych prowadz\u0105 linki, nie jest jednak uzasadnione bez konkretnych dowod\u00f3w naruszenia prawa. Je\u015bli dowiemy si\u0119 o jakichkolwiek naruszeniach prawa, niezw\u0142ocznie usuniemy takie linki. <\/p><h5>Prawa autorskie<\/h5><p>Tre\u015bci i dzie\u0142a zamieszczone na tych stronach przez operator\u00f3w stron podlegaj\u0105 niemieckiemu prawu autorskiemu. Powielanie, przetwarzanie, rozpowszechnianie i wszelkiego rodzaju wykorzystywanie poza granicami prawa autorskiego wymaga pisemnej zgody odpowiedniego autora lub tw\u00f3rcy. Pobieranie i kopiowanie tej strony jest dozwolone wy\u0142\u0105cznie do u\u017cytku prywatnego, niekomercyjnego.  <\/p><p>O ile tre\u015bci na tej stronie nie zosta\u0142y stworzone przez operatora, przestrzegane s\u0105 prawa autorskie os\u00f3b trzecich. W szczeg\u00f3lno\u015bci tre\u015bci os\u00f3b trzecich s\u0105 oznaczone jako takie. Je\u015bli mimo to zauwa\u017cysz naruszenie praw autorskich, prosimy o odpowiedni\u0105 informacj\u0119. Po uzyskaniu informacji o naruszeniach praw natychmiast usuniemy takie tre\u015bci.   <\/p>\t\t\t\t\t\t\t\t<\/div>\n\t\t\t\t<\/div>\n\t\t\t\t<\/div>\n\t\t\t\t\t<\/details>\n\t\t\t\t\t<\/div>\n\t\t\t\t\t\t<\/div>\n\t\t\t\t<\/div>\n\t\t\t\t<div class=\"elementor-element elementor-element-e361af0 elementor-widget elementor-widget-n-accordion\" data-id=\"e361af0\" data-element_type=\"widget\" data-e-type=\"widget\" data-settings=\"{&quot;default_state&quot;:&quot;expanded&quot;,&quot;max_items_expended&quot;:&quot;one&quot;,&quot;n_accordion_animation_duration&quot;:{&quot;unit&quot;:&quot;ms&quot;,&quot;size&quot;:400,&quot;sizes&quot;:[]}}\" data-widget_type=\"nested-accordion.default\">\n\t\t\t\t<div class=\"elementor-widget-container\">\n\t\t\t\t\t\t\t<div class=\"e-n-accordion\" aria-label=\"Accordion. Open links with Enter or Space, close with Escape, and navigate with Arrow Keys\">\n\t\t\t\t\t\t<details id=\"e-n-accordion-item-2380\" class=\"e-n-accordion-item\" open>\n\t\t\t\t<summary class=\"e-n-accordion-item-title\" data-accordion-index=\"1\" tabindex=\"0\" aria-expanded=\"true\" aria-controls=\"e-n-accordion-item-2380\" >\n\t\t\t\t\t<span class='e-n-accordion-item-title-header'><h4 class=\"e-n-accordion-item-title-text\"> \u0179r\u00f3d\u0142o zdj\u0119\u0107 <\/h4><\/span>\n\t\t\t\t\t\t\t<span class='e-n-accordion-item-title-icon'>\n\t\t\t<span class='e-opened' ><i aria-hidden=\"true\" class=\"fas fa-minus\"><\/i><\/span>\n\t\t\t<span class='e-closed'><i aria-hidden=\"true\" class=\"fas fa-plus\"><\/i><\/span>\n\t\t<\/span>\n\n\t\t\t\t\t\t<\/summary>\n\t\t\t\t<div role=\"region\" aria-labelledby=\"e-n-accordion-item-2380\" class=\"elementor-element elementor-element-a512630 e-con-full e-flex e-con e-child\" data-id=\"a512630\" data-element_type=\"container\" data-e-type=\"container\">\n\t\t\t\t<div class=\"elementor-element elementor-element-e564d54 elementor-widget elementor-widget-text-editor\" data-id=\"e564d54\" data-element_type=\"widget\" data-e-type=\"widget\" data-widget_type=\"text-editor.default\">\n\t\t\t\t<div class=\"elementor-widget-container\">\n\t\t\t\t\t\t\t\t\t<h4> <\/h4><p>Strona startowa \u00a9 nskyr2 &#8211; stock.adobe.com<\/p><p>Zarz\u0105dzanie jako\u015bci\u0105 \u00a9 Urelzita &#8211; stock.adobe.com \u00a9 growth &#8211; stock.adobe.com \u00a9 N7 &#8211; stock.adobe.com \u00a9 Bussarin &#8211; stock.adobe.com<\/p><p>Kodeks post\u0119powania \u00a9 Nowa Afryka &#8211; stock.adobe.com<\/p><p>\u00a9 PX Media &#8211; stock.adobe.com<\/p><p>\u00a9 Uuganbayar &#8211; stock.adobe.com<\/p><p>\u00a9 Pixel-Shot &#8211; stock.adobe.com<\/p><p>\u00a9 WrightStudio- stock.adobe.com<\/p><p>\u00a9 Satori Studio- stock.adobe.com<\/p><p>\u00a9 Thapana_Studio- stock.adobe.com \u00a9 Bussarin &#8211; stock.adobe.com \u00a9 Arthur &#8211; stock.adobe.com \u00a9 HiroSund &#8211; stock.adobe.com \u00a9 Chor muang &#8211; stock.adobe.com<\/p><p>\u00a9 alisaaa &#8211; stock.adobe.com<\/p><p>\u00a9 Kowit &#8211; stock.adobe.com<\/p><p>Cz\u0142onkostwo<\/p><p>\u00a9 Studio Romantic &#8211; stock.adobe.com<\/p><p>\u00a9 Krakenimages.com &#8211; stock.adobe.com<\/p><p>\u00a9 Garun Studios &#8211; stock.adobe.com<\/p><p>PHILIPP Digital<\/p><p>\u00a9 uu &#8211; stock.adobe.com<\/p><p>\u00a9 VERTEX SPACE &#8211; stock.adobe.com<\/p><p>\u00a9 hrui &#8211; stock.adobe.com<\/p><p>\u00a9 bongkam &#8211; stock.adobe.com<\/p><p>\u00a9 Drobot Dean &#8211; stock.adobe.com<\/p><p>\u00a9 Rymden &#8211; stock.adobe.com<\/p><p>\u00a9 Alex from the Rock &#8211; stock.adobe.com<\/p><p>\u00a9 Syda Productions &#8211; stock.adobe.com<\/p><p>\u00a9 bongkam &#8211; stock.adobe.com<\/p><p>\u00a9 Rawpixel.com &#8211; stock.adobe.com<\/p><p>\u00a9 Gorodenkoff &#8211; stock.adobe.com<\/p><p>\u00a9 vegefox.com &#8211; stock.adobe.com<\/p><p>\u00a9 BullRun.com &#8211; stock.adobe.com<\/p><p>\u00a9 Gnublin &#8211; stock.adobe.com<\/p><p>\u00a9 Serhii &#8211; stock.adobe.com<\/p><p>\u00a9 romaset &#8211; stock.adobe.com<\/p><p>\u00a9 Kaspars Grinvalds- stock.adobe.com<\/p><p>Technika budowlana<\/p><p>\u00a9 Meenaxi &#8211; stock.adobe.com<\/p><p>\u00a9 InfiniteFlow &#8211; stock.adobe.com<\/p><p>\u00a9 goodluz &#8211; stock.adobe.com<\/p><p>\u00a9 rh2010 &#8211; stock.adobe.com<\/p><p>\u00a9 borevina &#8211; stock.adobe.com<\/p><p>\u00a9 Natchanok &#8211; stock.adobe.com<\/p><p>\u00a9 Sasint &#8211; stock.adobe.com<\/p><p>\u00a9 Thapana_Studio &#8211; stock.adobe.com<\/p><p>\u00a9 intha &#8211; stock.adobe.com<\/p><p>\u00a9 Suriyo &#8211; stock.adobe.com<\/p><p>\u00a9 andov &#8211; stock.adobe.com<\/p><p>\u00a9 Parilov &#8211; stock.adobe.com<\/p><p>\u00a9 ThomBal &#8211; stock.adobe.com<\/p><p>Zawiesia i systemy podnoszenia<\/p><p>\u00a9 AZIZAH ART Ai &#8211; stock.adobe.com<\/p><p>\u00a9 Lucas &#8211; stock.adobe.com<\/p><p>\u00a9 thien &#8211; stock.adobe.com<\/p><p>\u00a9 IMAGINIAC &#8211; stock.adobe.com<\/p><p>\u00a9 pwkgfx &#8211; stock.adobe.com<\/p><p>\u00a9 Unkas Photo &#8211; stock.adobe.com<\/p><p>\u00a9 Lukassek &#8211; stock.adobe.com<\/p><p>\u00a9 Zigmunds- stock.adobe.com<\/p><p>\u00a9 angelmaxmixam &#8211; stock.adobe.com<\/p><p>\u00a9 bulent &#8211; stock.adobe.com<\/p><p>\u00a9 THAWERAT &#8211; stock.adobe.com<\/p><p>Nowo\u015bci<\/p><p>\u00a9 Coloures-Pic &#8211; stock.adobe.com<\/p><p>Kariera<\/p><p>\u00a9 Drobot Dean &#8211; stock.adobe.com<\/p><p>\u00a9 LIGHTFIELD STUDIOS &#8211; stock.adobe.com<\/p><p>\u00a9 littlewolf1989 &#8211; stock.adobe.com<\/p><p>\u00a9 snowing12 &#8211; stock.adobe.com<\/p><p>\u00a9 Yakobchuk Olena &#8211; stock.adobe.com<\/p><p>\u00a9 wutzkoh &#8211; stock.adobe.com<\/p><p>\u00a9 Dragonimages &#8211; stock.adobe.com<\/p><p>\u00a9 BullRun &#8211; stock.adobe.com<\/p><p>\u00a9 Shopping King Louie &#8211; stock.adobe.com<\/p><p>\u00a9 fizkes &#8211; stock.adobe.com<\/p><p>\u00a9 goodluz &#8211; stock.adobe.com<\/p><p>\u00a9 Studio Romantic &#8211; stock.adobe.com<\/p><p>\u00a9 Nirusmee &#8211; stock.adobe.com<\/p><p>\u00a9 Harsha- stock.adobe.com<\/p><p>\u00a9 crizzystudio- stock.adobe.com<\/p><p>Hydraulika<\/p><p>\u00a9 Nattapat- stock.adobe.com<\/p><p>\u00a9 Wolfilser &#8211; stock.adobe.com<\/p><p>\u00a9 Butsarakham &#8211; stock.adobe.com<\/p><p>\u00a9 Butsarakham &#8211; stock.adobe.com<\/p><p>\u00a9 chartchai &#8211; stock.adobe.com \u00a9 \u041d\u0438\u043a\u043e\u043b\u0430\u0439 \u0410\u043c\u043e\u0441\u0435\u0435\u0432 &#8211; stock.adobe.com<\/p><p>\u00a9 LimeSky &#8211; stock.adobe.com<\/p><p>Sergey Ryzhow &#8211; stock.adobe.com<\/p><p>\u00a9 Nataliya &#8211; stock.adobe.com<\/p><p>\u00a9 Parilov &#8211; stock.adobe.com<\/p><p>\u00a9 ilyaplatonov &#8211; stock.adobe.com<\/p><p>\u00a9 Mulderphoto &#8211; stock.adobe.com<\/p><p>\u00a9 vectorwin &#8211; stock.adobe.com<\/p><p>\u00a9 gen_A &#8211; stock.adobe.com<\/p><p>\u00a9 forenna &#8211; stock.adobe.com<\/p><p>\u00a9 Budimir Jevtic &#8211; stock.adobe.com<\/p><p>\u00a9 andov &#8211; stock.adobe.com<\/p><p>\u00a9 TuruMuru &#8211; stock.adobe.com<\/p><p>\u00a9 PTC_KICKCAT &#8211; stock.adobe.com<\/p><p>\u00a9 INT888 &#8211; stock.adobe.com<\/p><p>\u00a9 newlifestock &#8211; stock.adobe.com<\/p><p>\u00a9 Kitta Studio &#8211; stock.adobe.com<\/p><p>\u00a9 Kadmy &#8211; stock.adobe.com<\/p><p>\u00a9 juliars &#8211; stock.adobe.com<\/p><p>\u00a9 maesarin &#8211; stock.adobe.com<\/p>\t\t\t\t\t\t\t\t<\/div>\n\t\t\t\t<\/div>\n\t\t\t\t<\/div>\n\t\t\t\t\t<\/details>\n\t\t\t\t\t<\/div>\n\t\t\t\t\t\t<\/div>\n\t\t\t\t<\/div>\n\t\t\t\t\t<\/div>\n\t\t<\/div>\n\t\t\t\t\t<\/div>\n\t\t<\/section>\n\t\t<div class=\"elementor-element elementor-element-05e2d5f e-flex e-con-boxed e-con e-parent\" data-id=\"05e2d5f\" data-element_type=\"container\" data-e-type=\"container\">\n\t\t\t\t\t<div class=\"e-con-inner\">\n\t\t\t\t<div class=\"elementor-element elementor-element-69404a3 elementor-widget elementor-widget-heading\" data-id=\"69404a3\" data-element_type=\"widget\" data-e-type=\"widget\" data-widget_type=\"heading.default\">\n\t\t\t\t<div class=\"elementor-widget-container\">\n\t\t\t\t\t<h2 class=\"elementor-heading-title elementor-size-default\">Przydatne informacje<\/h2>\t\t\t\t<\/div>\n\t\t\t\t<\/div>\n\t\t\t\t\t<\/div>\n\t\t\t\t<\/div>\n\t\t<div class=\"elementor-element elementor-element-893293a e-flex e-con-boxed e-con e-parent\" data-id=\"893293a\" data-element_type=\"container\" data-e-type=\"container\">\n\t\t\t\t\t<div class=\"e-con-inner\">\n\t\t<div class=\"elementor-element elementor-element-aa42a44 e-con-full e-flex e-con e-child\" data-id=\"aa42a44\" data-element_type=\"container\" data-e-type=\"container\">\n\t\t\t\t<div class=\"elementor-element elementor-element-c437970 elementor-widget elementor-widget-button\" data-id=\"c437970\" data-element_type=\"widget\" data-e-type=\"widget\" data-widget_type=\"button.default\">\n\t\t\t\t<div class=\"elementor-widget-container\">\n\t\t\t\t\t\t\t\t\t<div class=\"elementor-button-wrapper\">\n\t\t\t\t\t<a class=\"elementor-button elementor-button-link elementor-size-sm\" href=\"https:\/\/philipp-group.com\/wp-content\/uploads\/2026\/01\/General-Terms-and-Conditions-of-Sale-and-Delivery.pdf\">\n\t\t\t\t\t\t<span class=\"elementor-button-content-wrapper\">\n\t\t\t\t\t\t<span class=\"elementor-button-icon\">\n\t\t\t\t<i aria-hidden=\"true\" class=\"fas fa-arrow-right\"><\/i>\t\t\t<\/span>\n\t\t\t\t\t\t\t\t\t<span class=\"elementor-button-text\">Warunki sprzeda\u017cy i dostawy od sierpnia 2022 r.<\/span>\n\t\t\t\t\t<\/span>\n\t\t\t\t\t<\/a>\n\t\t\t\t<\/div>\n\t\t\t\t\t\t\t\t<\/div>\n\t\t\t\t<\/div>\n\t\t\t\t<div class=\"elementor-element elementor-element-3a945a8 elementor-widget elementor-widget-button\" data-id=\"3a945a8\" data-element_type=\"widget\" data-e-type=\"widget\" data-widget_type=\"button.default\">\n\t\t\t\t<div class=\"elementor-widget-container\">\n\t\t\t\t\t\t\t\t\t<div class=\"elementor-button-wrapper\">\n\t\t\t\t\t<a class=\"elementor-button elementor-button-link elementor-size-sm\" href=\"https:\/\/philipp-group.com\/wp-content\/uploads\/2026\/01\/General-Terms-and-Conditions-of-Sale-and-Delivery.pdf\">\n\t\t\t\t\t\t<span class=\"elementor-button-content-wrapper\">\n\t\t\t\t\t\t<span class=\"elementor-button-icon\">\n\t\t\t\t<i aria-hidden=\"true\" class=\"fas fa-arrow-right\"><\/i>\t\t\t<\/span>\n\t\t\t\t\t\t\t\t\t<span class=\"elementor-button-text\">Warunki sprzeda\u017cy i dostawy do lipca 2022 r.<\/span>\n\t\t\t\t\t<\/span>\n\t\t\t\t\t<\/a>\n\t\t\t\t<\/div>\n\t\t\t\t\t\t\t\t<\/div>\n\t\t\t\t<\/div>\n\t\t\t\t<\/div>\n\t\t<div class=\"elementor-element elementor-element-21b2feb e-con-full e-flex e-con e-child\" data-id=\"21b2feb\" data-element_type=\"container\" data-e-type=\"container\">\n\t\t\t\t<div class=\"elementor-element elementor-element-c7fd2c2 elementor-widget elementor-widget-button\" data-id=\"c7fd2c2\" data-element_type=\"widget\" data-e-type=\"widget\" data-widget_type=\"button.default\">\n\t\t\t\t<div class=\"elementor-widget-container\">\n\t\t\t\t\t\t\t\t\t<div class=\"elementor-button-wrapper\">\n\t\t\t\t\t<a class=\"elementor-button elementor-button-link elementor-size-sm\" href=\"https:\/\/philipp-group.com\/wp-content\/uploads\/2026\/01\/General-Conditions-of-Purchase.pdf\">\n\t\t\t\t\t\t<span class=\"elementor-button-content-wrapper\">\n\t\t\t\t\t\t<span class=\"elementor-button-icon\">\n\t\t\t\t<i aria-hidden=\"true\" class=\"fas fa-arrow-right\"><\/i>\t\t\t<\/span>\n\t\t\t\t\t\t\t\t\t<span class=\"elementor-button-text\">Warunki zakupu od sierpnia 2022 r.<\/span>\n\t\t\t\t\t<\/span>\n\t\t\t\t\t<\/a>\n\t\t\t\t<\/div>\n\t\t\t\t\t\t\t\t<\/div>\n\t\t\t\t<\/div>\n\t\t\t\t<div class=\"elementor-element elementor-element-3f05b5b elementor-widget elementor-widget-button\" data-id=\"3f05b5b\" data-element_type=\"widget\" data-e-type=\"widget\" data-widget_type=\"button.default\">\n\t\t\t\t<div class=\"elementor-widget-container\">\n\t\t\t\t\t\t\t\t\t<div class=\"elementor-button-wrapper\">\n\t\t\t\t\t<a class=\"elementor-button elementor-button-link elementor-size-sm\" href=\"https:\/\/philipp-group.com\/wp-content\/uploads\/2026\/01\/General-Conditions-of-Purchase_2022-en.pdf\">\n\t\t\t\t\t\t<span class=\"elementor-button-content-wrapper\">\n\t\t\t\t\t\t<span class=\"elementor-button-icon\">\n\t\t\t\t<i aria-hidden=\"true\" class=\"fas fa-arrow-right\"><\/i>\t\t\t<\/span>\n\t\t\t\t\t\t\t\t\t<span class=\"elementor-button-text\">Warunki zakupu do lipca 2022 r.<\/span>\n\t\t\t\t\t<\/span>\n\t\t\t\t\t<\/a>\n\t\t\t\t<\/div>\n\t\t\t\t\t\t\t\t<\/div>\n\t\t\t\t<\/div>\n\t\t\t\t<\/div>\n\t\t\t\t\t<\/div>\n\t\t\t\t<\/div>\n\t\t<div class=\"elementor-element elementor-element-29c04c2 e-flex e-con-boxed e-con e-parent\" data-id=\"29c04c2\" data-element_type=\"container\" data-e-type=\"container\">\n\t\t\t\t\t<div class=\"e-con-inner\">\n\t\t\t\t<div class=\"elementor-element elementor-element-ccbd687 elementor-widget elementor-widget-text-editor\" data-id=\"ccbd687\" data-element_type=\"widget\" data-e-type=\"widget\" data-widget_type=\"text-editor.default\">\n\t\t\t\t<div class=\"elementor-widget-container\">\n\t\t\t\t\t\t\t\t\t<p>\u00a92025 <strong>PHILIPP GmbH<\/strong>, wszelkie prawa zastrze\u017cone!<br>Niniejsza informacja prawna obowi\u0105zuje r\u00f3wnie\u017c w nast\u0119puj\u0105cych kana\u0142ach medi\u00f3w spo\u0142eczno\u015bciowych firmy Philipp: Facebook, Instagram, Xing, Linkedin i Youtube.<\/p>\t\t\t\t\t\t\t\t<\/div>\n\t\t\t\t<\/div>\n\t\t\t\t\t<\/div>\n\t\t\t\t<\/div>\n\t\t\t\t<\/div>\n\t\t","protected":false},"excerpt":{"rendered":"<p>Siedziba g\u0142\u00f3wna Aschaffenburg Nota prawna Informacje zgodnie z \u00a7 5 niemieckiej ustawy o mediach elektronicznych (TMG) PHILIPP GmbHLilienthalstra\u00dfe 7-963741 Aschaffenburg Reprezentowana przez Martin PhilippThorsten Philipp Kontakt Telefon: +49 (0)6021 4027-0Faks: +49 (0)6021 4027-440E-mail: info@philipp-gruppe.de Wpis do rejestru Wpis do rejestru handlowego.S\u0105d rejestrowy: S\u0105d Rejonowy w AschaffenburguNumer rejestru: HRB 896 Podatek od towar\u00f3w i us\u0142ug Numer [&hellip;]<\/p>\n","protected":false},"author":1,"featured_media":0,"parent":0,"menu_order":0,"comment_status":"closed","ping_status":"closed","template":"","meta":{"_acf_changed":false,"site-sidebar-layout":"no-sidebar","site-content-layout":"page-builder","ast-site-content-layout":"full-width-container","site-content-style":"unboxed","site-sidebar-style":"unboxed","ast-global-header-display":"","ast-banner-title-visibility":"","ast-main-header-display":"","ast-hfb-above-header-display":"","ast-hfb-below-header-display":"","ast-hfb-mobile-header-display":"","site-post-title":"disabled","ast-breadcrumbs-content":"","ast-featured-img":"disabled","footer-sml-layout":"","ast-disable-related-posts":"","theme-transparent-header-meta":"default","adv-header-id-meta":"","stick-header-meta":"","header-above-stick-meta":"","header-main-stick-meta":"","header-below-stick-meta":"","astra-migrate-meta-layouts":"default","ast-page-background-enabled":"default","ast-page-background-meta":{"desktop":{"background-color":"","background-image":"","background-repeat":"repeat","background-position":"center center","background-size":"auto","background-attachment":"scroll","background-type":"","background-media":"","overlay-type":"","overlay-color":"","overlay-opacity":"","overlay-gradient":""},"tablet":{"background-color":"","background-image":"","background-repeat":"repeat","background-position":"center center","background-size":"auto","background-attachment":"scroll","background-type":"","background-media":"","overlay-type":"","overlay-color":"","overlay-opacity":"","overlay-gradient":""},"mobile":{"background-color":"","background-image":"","background-repeat":"repeat","background-position":"center center","background-size":"auto","background-attachment":"scroll","background-type":"","background-media":"","overlay-type":"","overlay-color":"","overlay-opacity":"","overlay-gradient":""}},"ast-content-background-meta":{"desktop":{"background-color":"var(--ast-global-color-5)","background-image":"","background-repeat":"repeat","background-position":"center center","background-size":"auto","background-attachment":"scroll","background-type":"","background-media":"","overlay-type":"","overlay-color":"","overlay-opacity":"","overlay-gradient":""},"tablet":{"background-color":"var(--ast-global-color-5)","background-image":"","background-repeat":"repeat","background-position":"center center","background-size":"auto","background-attachment":"scroll","background-type":"","background-media":"","overlay-type":"","overlay-color":"","overlay-opacity":"","overlay-gradient":""},"mobile":{"background-color":"var(--ast-global-color-5)","background-image":"","background-repeat":"repeat","background-position":"center center","background-size":"auto","background-attachment":"scroll","background-type":"","background-media":"","overlay-type":"","overlay-color":"","overlay-opacity":"","overlay-gradient":""}},"footnotes":""},"class_list":["post-15802","page","type-page","status-publish","hentry"],"acf":[],"_links":{"self":[{"href":"https:\/\/philipp-group.com\/pl\/wp-json\/wp\/v2\/pages\/15802","targetHints":{"allow":["GET"]}}],"collection":[{"href":"https:\/\/philipp-group.com\/pl\/wp-json\/wp\/v2\/pages"}],"about":[{"href":"https:\/\/philipp-group.com\/pl\/wp-json\/wp\/v2\/types\/page"}],"author":[{"embeddable":true,"href":"https:\/\/philipp-group.com\/pl\/wp-json\/wp\/v2\/users\/1"}],"replies":[{"embeddable":true,"href":"https:\/\/philipp-group.com\/pl\/wp-json\/wp\/v2\/comments?post=15802"}],"version-history":[{"count":10,"href":"https:\/\/philipp-group.com\/pl\/wp-json\/wp\/v2\/pages\/15802\/revisions"}],"predecessor-version":[{"id":20408,"href":"https:\/\/philipp-group.com\/pl\/wp-json\/wp\/v2\/pages\/15802\/revisions\/20408"}],"wp:attachment":[{"href":"https:\/\/philipp-group.com\/pl\/wp-json\/wp\/v2\/media?parent=15802"}],"curies":[{"name":"wp","href":"https:\/\/api.w.org\/{rel}","templated":true}]}}