{"id":16048,"date":"2025-09-12T11:36:39","date_gmt":"2025-09-12T09:36:39","guid":{"rendered":"https:\/\/philipp-group.com\/czlonkostwo\/"},"modified":"2025-12-28T13:32:49","modified_gmt":"2025-12-28T12:32:49","slug":"czlonkostwo","status":"publish","type":"page","link":"https:\/\/philipp-group.com\/pl\/czlonkostwo\/","title":{"rendered":"Cz\u0142onkostwo w stowarzyszeniach i zwi\u0105zkach bran\u017cowych"},"content":{"rendered":"\t\t<div data-elementor-type=\"wp-page\" data-elementor-id=\"16048\" class=\"elementor elementor-16048 elementor-3555\" data-elementor-post-type=\"page\">\n\t\t\t\t<div class=\"elementor-element elementor-element-376f18dc e-con-full e-flex e-con e-parent\" data-id=\"376f18dc\" data-element_type=\"container\" data-e-type=\"container\">\n\t\t\t\t<div class=\"elementor-element elementor-element-4e21a6bb elementor-widget elementor-widget-n-carousel\" data-id=\"4e21a6bb\" data-element_type=\"widget\" data-e-type=\"widget\" data-settings=\"{&quot;carousel_items&quot;:[{&quot;slide_title&quot;:&quot;Slide 1&quot;,&quot;_id&quot;:&quot;faae4d4&quot;},{&quot;slide_title&quot;:&quot;Slide 2&quot;,&quot;_id&quot;:&quot;813d16a&quot;},{&quot;slide_title&quot;:&quot;Slide 3&quot;,&quot;_id&quot;:&quot;20caabc&quot;},{&quot;slide_title&quot;:&quot;Slide 4&quot;,&quot;_id&quot;:&quot;2985109&quot;}],&quot;slides_to_show&quot;:&quot;1&quot;,&quot;slides_to_show_tablet&quot;:&quot;1&quot;,&quot;autoplay_speed&quot;:2000,&quot;offset_sides&quot;:&quot;both&quot;,&quot;offset_width&quot;:{&quot;unit&quot;:&quot;px&quot;,&quot;size&quot;:330,&quot;sizes&quot;:[]},&quot;offset_width_tablet&quot;:{&quot;unit&quot;:&quot;px&quot;,&quot;size&quot;:100,&quot;sizes&quot;:[]},&quot;offset_width_mobile&quot;:{&quot;unit&quot;:&quot;px&quot;,&quot;size&quot;:50,&quot;sizes&quot;:[]},&quot;slides_to_show_mobile&quot;:&quot;1&quot;,&quot;autoplay&quot;:&quot;yes&quot;,&quot;pause_on_hover&quot;:&quot;yes&quot;,&quot;pause_on_interaction&quot;:&quot;yes&quot;,&quot;infinite&quot;:&quot;yes&quot;,&quot;speed&quot;:500,&quot;image_spacing_custom&quot;:{&quot;unit&quot;:&quot;px&quot;,&quot;size&quot;:10,&quot;sizes&quot;:[]},&quot;image_spacing_custom_tablet&quot;:{&quot;unit&quot;:&quot;px&quot;,&quot;size&quot;:&quot;&quot;,&quot;sizes&quot;:[]},&quot;image_spacing_custom_mobile&quot;:{&quot;unit&quot;:&quot;px&quot;,&quot;size&quot;:&quot;&quot;,&quot;sizes&quot;:[]}}\" data-widget_type=\"nested-carousel.default\">\n\t\t\t\t<div class=\"elementor-widget-container\">\n\t\t\t\t\t\t\t<div class=\"e-n-carousel swiper\" role=\"region\" aria-roledescription=\"carousel\" aria-label=\"Karussell\" dir=\"ltr\">\n\t\t\t<div class=\"swiper-wrapper\" aria-live=\"off\">\n\t\t\t\t\t\t\t\t\t\t<div class=\"swiper-slide\" data-slide=\"1\" role=\"group\" aria-roledescription=\"slide\" aria-label=\"1 of 4\">\n\t\t\t\t\t\t\t<div class=\"elementor-element elementor-element-46aea47a e-con-full e-flex e-con e-child\" data-id=\"46aea47a\" data-element_type=\"container\" data-e-type=\"container\" data-settings=\"{&quot;background_background&quot;:&quot;classic&quot;}\">\n\t\t\t\t<\/div>\n\t\t\t\t\t\t\t\t<\/div>\n\t\t\t\t\t\t\t\t\t\t\t<div class=\"swiper-slide\" data-slide=\"2\" role=\"group\" aria-roledescription=\"slide\" aria-label=\"2 of 4\">\n\t\t\t\t\t\t\t<div class=\"elementor-element elementor-element-3ea83c56 e-con-full e-flex e-con e-child\" data-id=\"3ea83c56\" data-element_type=\"container\" data-e-type=\"container\" data-settings=\"{&quot;background_background&quot;:&quot;classic&quot;}\">\n\t\t\t\t<\/div>\n\t\t\t\t\t\t\t\t<\/div>\n\t\t\t\t\t\t\t\t\t\t\t<div class=\"swiper-slide\" data-slide=\"3\" role=\"group\" aria-roledescription=\"slide\" aria-label=\"3 of 4\">\n\t\t\t\t\t\t\t<div class=\"elementor-element elementor-element-4a0e0755 e-con-full e-flex e-con e-child\" data-id=\"4a0e0755\" data-element_type=\"container\" data-e-type=\"container\" data-settings=\"{&quot;background_background&quot;:&quot;classic&quot;}\">\n\t\t\t\t<\/div>\n\t\t\t\t\t\t\t\t<\/div>\n\t\t\t\t\t\t\t\t\t\t\t<div class=\"swiper-slide\" data-slide=\"4\" role=\"group\" aria-roledescription=\"slide\" aria-label=\"4 of 4\">\n\t\t\t\t\t\t\t<div class=\"elementor-element elementor-element-4b083a8 e-con-full e-flex e-con e-child\" data-id=\"4b083a8\" data-element_type=\"container\" data-e-type=\"container\" data-settings=\"{&quot;background_background&quot;:&quot;classic&quot;}\">\n\t\t\t\t<\/div>\n\t\t\t\t\t\t\t\t<\/div>\n\t\t\t\t\t\t\t\t<\/div>\n\t\t<\/div>\n\t\t\t\t\t\t<\/div>\n\t\t\t\t<\/div>\n\t\t\t\t<\/div>\n\t\t<div class=\"elementor-element elementor-element-7b2e4740 e-flex e-con-boxed e-con e-parent\" data-id=\"7b2e4740\" data-element_type=\"container\" data-e-type=\"container\">\n\t\t\t\t\t<div class=\"e-con-inner\">\n\t\t\t\t<div class=\"elementor-element elementor-element-7618f47d elementor-widget elementor-widget-heading\" data-id=\"7618f47d\" data-element_type=\"widget\" data-e-type=\"widget\" data-widget_type=\"heading.default\">\n\t\t\t\t<div class=\"elementor-widget-container\">\n\t\t\t\t\t<h1 class=\"elementor-heading-title elementor-size-default\">Cz\u0142onkostwo w stowarzyszeniach i zwi\u0105zkach bran\u017cowych<\/h1>\t\t\t\t<\/div>\n\t\t\t\t<\/div>\n\t\t\t\t<div class=\"elementor-element elementor-element-7df26f75 elementor-widget elementor-widget-text-editor\" data-id=\"7df26f75\" data-element_type=\"widget\" data-e-type=\"widget\" data-widget_type=\"text-editor.default\">\n\t\t\t\t<div class=\"elementor-widget-container\">\n\t\t\t\t\t\t\t\t\t<p>Poniewa\u017c dobrze wiadomo, \u017ce razem jeste\u015bmy najsilniejsi, wsp\u00f3\u0142pracujemy z wa\u017cnymi stowarzyszeniami. Jeste\u015bmy \u015bci\u015ble powi\u0105zani, dzi\u0119ki czemu zawsze jeste\u015bmy na bie\u017c\u0105co i dobrze poinformowani. <\/p>\t\t\t\t\t\t\t\t<\/div>\n\t\t\t\t<\/div>\n\t\t\t\t\t<\/div>\n\t\t\t\t<\/div>\n\t\t<div class=\"elementor-element elementor-element-96f8cac e-con-full e-flex e-con e-parent\" data-id=\"96f8cac\" data-element_type=\"container\" data-e-type=\"container\">\n\t\t<div class=\"elementor-element elementor-element-25d8b96 e-con-full e-flex e-con e-child\" data-id=\"25d8b96\" data-element_type=\"container\" data-e-type=\"container\">\n\t\t\t\t<div class=\"elementor-element elementor-element-1afffb8 elementor-widget elementor-widget-image\" data-id=\"1afffb8\" data-element_type=\"widget\" data-e-type=\"widget\" data-widget_type=\"image.default\">\n\t\t\t\t<div class=\"elementor-widget-container\">\n\t\t\t\t\t\t\t\t\t\t\t\t\t\t\t<img fetchpriority=\"high\" decoding=\"async\" width=\"209\" height=\"300\" src=\"https:\/\/philipp-group.com\/wp-content\/uploads\/2025\/09\/FSA-209x300.png\" class=\"elementor-animation-grow attachment-medium size-medium wp-image-16063\" alt=\"\" srcset=\"https:\/\/philipp-group.com\/wp-content\/uploads\/2025\/09\/FSA-209x300.png 209w, https:\/\/philipp-group.com\/wp-content\/uploads\/2025\/09\/FSA-600x859.png 600w, https:\/\/philipp-group.com\/wp-content\/uploads\/2025\/09\/FSA-715x1024.png 715w, https:\/\/philipp-group.com\/wp-content\/uploads\/2025\/09\/FSA-768x1100.png 768w, https:\/\/philipp-group.com\/wp-content\/uploads\/2025\/09\/FSA.png 1000w\" sizes=\"(max-width: 209px) 100vw, 209px\" \/>\t\t\t\t\t\t\t\t\t\t\t\t\t\t\t<\/div>\n\t\t\t\t<\/div>\n\t\t<div class=\"elementor-element elementor-element-799c0b1 e-con-full e-flex e-con e-child\" data-id=\"799c0b1\" data-element_type=\"container\" data-e-type=\"container\">\n\t\t\t\t<div class=\"elementor-element elementor-element-86c9087 elementor-widget elementor-widget-heading\" data-id=\"86c9087\" data-element_type=\"widget\" data-e-type=\"widget\" data-widget_type=\"heading.default\">\n\t\t\t\t<div class=\"elementor-widget-container\">\n\t\t\t\t\t<h3 class=\"elementor-heading-title elementor-size-default\">STOWARZYSZENIE BRAN\u017bOWE LINY I ZAWIESI (FSA)<\/h3>\t\t\t\t<\/div>\n\t\t\t\t<\/div>\n\t\t\t\t<div class=\"elementor-element elementor-element-b8e8168 elementor-widget elementor-widget-text-editor\" data-id=\"b8e8168\" data-element_type=\"widget\" data-e-type=\"widget\" data-widget_type=\"text-editor.default\">\n\t\t\t\t<div class=\"elementor-widget-container\">\n\t\t\t\t\t\t\t\t\t<p>FSA (Niemieckie Stowarzyszenie Lin i Sprz\u0119tu D\u017awigowego) zosta\u0142o za\u0142o\u017cone w Hamburgu w 1947 roku. Obecnie pod jego patronatem zrzesza 35 specjalistycznych firm z oddzia\u0142ami w ca\u0142ych Niemczech. Ich dzia\u0142alno\u015b\u0107 obejmuje z jednej strony handel linami i zawiesiami oraz ich profesjonaln\u0105 obr\u00f3bk\u0119 zgodn\u0105 z normami technicznymi, a z drugiej strony sprzeda\u017c specjalistyczn\u0105 i konfekcjonowanie produkt\u00f3w do zabezpieczania \u0142adunk\u00f3w. Inne wa\u017cne grupy produkt\u00f3w obejmuj\u0105 d\u017cwignice, urz\u0105dzenia do podnoszenia \u0142adunk\u00f3w, \u015brodki ochrony indywidualnej oraz wszelkiego rodzaju akcesoria. Wszyscy cz\u0142onkowie FSA posiadaj\u0105 certyfikowany system zarz\u0105dzania jako\u015bci\u0105 zgodny z mi\u0119dzynarodow\u0105 norm\u0105 DIN EN ISO 9001, podkre\u015blaj\u0105c tym samym wsp\u00f3lne zaanga\u017cowanie w has\u0142o \u201eBezpiecze\u0144stwo poprzez jako\u015b\u0107!\u201d.    <\/p>\t\t\t\t\t\t\t\t<\/div>\n\t\t\t\t<\/div>\n\t\t\t\t<\/div>\n\t\t\t\t<\/div>\n\t\t<div class=\"elementor-element elementor-element-ad79da5 e-con-full e-flex e-con e-child\" data-id=\"ad79da5\" data-element_type=\"container\" data-e-type=\"container\">\n\t\t\t\t<div class=\"elementor-element elementor-element-cc6ef02 elementor-widget elementor-widget-image\" data-id=\"cc6ef02\" data-element_type=\"widget\" data-e-type=\"widget\" data-widget_type=\"image.default\">\n\t\t\t\t<div class=\"elementor-widget-container\">\n\t\t\t\t\t\t\t\t\t\t\t\t\t\t\t<img decoding=\"async\" width=\"300\" height=\"216\" src=\"https:\/\/philipp-group.com\/wp-content\/uploads\/2025\/09\/fdb_logo-300x216.png\" class=\"elementor-animation-grow attachment-medium size-medium wp-image-16062\" alt=\"\" srcset=\"https:\/\/philipp-group.com\/wp-content\/uploads\/2025\/09\/fdb_logo-300x216.png 300w, https:\/\/philipp-group.com\/wp-content\/uploads\/2025\/09\/fdb_logo.png 600w\" sizes=\"(max-width: 300px) 100vw, 300px\" \/>\t\t\t\t\t\t\t\t\t\t\t\t\t\t\t<\/div>\n\t\t\t\t<\/div>\n\t\t<div class=\"elementor-element elementor-element-13eec6e e-con-full e-flex e-con e-child\" data-id=\"13eec6e\" data-element_type=\"container\" data-e-type=\"container\">\n\t\t\t\t<div class=\"elementor-element elementor-element-d021ba1 elementor-widget elementor-widget-heading\" data-id=\"d021ba1\" data-element_type=\"widget\" data-e-type=\"widget\" data-widget_type=\"heading.default\">\n\t\t\t\t<div class=\"elementor-widget-container\">\n\t\t\t\t\t<h3 class=\"elementor-heading-title elementor-size-default\">STOWARZYSZENIE BRAN\u017bOWE NIEMIECKICH PRODUCENT\u00d3W PREFABRYKAT\u00d3W BETONOWYCH (FDB)<\/h3>\t\t\t\t<\/div>\n\t\t\t\t<\/div>\n\t\t\t\t<div class=\"elementor-element elementor-element-4d929f1 elementor-widget elementor-widget-text-editor\" data-id=\"4d929f1\" data-element_type=\"widget\" data-e-type=\"widget\" data-widget_type=\"text-editor.default\">\n\t\t\t\t<div class=\"elementor-widget-container\">\n\t\t\t\t\t\t\t\t\t<p>FDB to stowarzyszenie techniczne zajmuj\u0105ce si\u0119 prefabrykatami betonowymi. Reprezentuje interesy swoich cz\u0142onk\u00f3w w kraju i za granic\u0105 oraz zapewnia fachowe doradztwo we wszystkich kluczowych obszarach technologii. Za\u0142o\u017cone w 1970 roku, FDB jest og\u00f3lnokrajowym stowarzyszeniem producent\u00f3w konstrukcyjnych prefabrykat\u00f3w betonowych i wnosi swoj\u0105 wiedz\u0119 techniczn\u0105 do krajowych i europejskich organ\u00f3w normalizacyjnych.  <\/p>\t\t\t\t\t\t\t\t<\/div>\n\t\t\t\t<\/div>\n\t\t\t\t<\/div>\n\t\t\t\t<\/div>\n\t\t<div class=\"elementor-element elementor-element-4c9bd52 e-con-full e-flex e-con e-child\" data-id=\"4c9bd52\" data-element_type=\"container\" data-e-type=\"container\">\n\t\t\t\t<div class=\"elementor-element elementor-element-f13d5ea elementor-widget elementor-widget-image\" data-id=\"f13d5ea\" data-element_type=\"widget\" data-e-type=\"widget\" data-widget_type=\"image.default\">\n\t\t\t\t<div class=\"elementor-widget-container\">\n\t\t\t\t\t\t\t\t\t\t\t\t\t\t\t<img decoding=\"async\" width=\"220\" height=\"300\" src=\"https:\/\/philipp-group.com\/wp-content\/uploads\/2025\/09\/logo-bbf-220x300.png\" class=\"elementor-animation-grow attachment-medium size-medium wp-image-16064\" alt=\"\" srcset=\"https:\/\/philipp-group.com\/wp-content\/uploads\/2025\/09\/logo-bbf-220x300.png 220w, https:\/\/philipp-group.com\/wp-content\/uploads\/2025\/09\/logo-bbf-600x819.png 600w, https:\/\/philipp-group.com\/wp-content\/uploads\/2025\/09\/logo-bbf-750x1024.png 750w, https:\/\/philipp-group.com\/wp-content\/uploads\/2025\/09\/logo-bbf-768x1048.png 768w, https:\/\/philipp-group.com\/wp-content\/uploads\/2025\/09\/logo-bbf.png 1000w\" sizes=\"(max-width: 220px) 100vw, 220px\" \/>\t\t\t\t\t\t\t\t\t\t\t\t\t\t\t<\/div>\n\t\t\t\t<\/div>\n\t\t<div class=\"elementor-element elementor-element-916f1a5 e-con-full e-flex e-con e-child\" data-id=\"916f1a5\" data-element_type=\"container\" data-e-type=\"container\">\n\t\t\t\t<div class=\"elementor-element elementor-element-3129c0a elementor-widget elementor-widget-heading\" data-id=\"3129c0a\" data-element_type=\"widget\" data-e-type=\"widget\" data-widget_type=\"heading.default\">\n\t\t\t\t<div class=\"elementor-widget-container\">\n\t\t\t\t\t<h3 class=\"elementor-heading-title elementor-size-default\">ORGANIZACJA DS. PROMOCJI ZAWODOWEJ DLA PRODUCENT\u00d3W BETONU I PREFABRYKAT\u00d3W BETONOWYCH (BBF)<\/h3>\t\t\t\t<\/div>\n\t\t\t\t<\/div>\n\t\t\t\t<div class=\"elementor-element elementor-element-ffee7cb elementor-widget elementor-widget-text-editor\" data-id=\"ffee7cb\" data-element_type=\"widget\" data-e-type=\"widget\" data-widget_type=\"text-editor.default\">\n\t\t\t\t<div class=\"elementor-widget-container\">\n\t\t\t\t\t\t\t\t\t<p>W najbli\u017cszych latach znaczenie przygotowania zawodowego b\u0119dzie jeszcze bardziej widoczne. Ju\u017c teraz wiele przedsi\u0119biorstw ma trudno\u015bci ze znalezieniem wykwalifikowanych pracownik\u00f3w lub praktykant\u00f3w. Celem Berufsf\u00f6rderungswerk f\u00fcr die Beton- und Fertigteilhersteller e. V. (BBF) jest przeciwdzia\u0142anie tej sytuacji poprzez odpowiednie dzia\u0142ania. BBF udost\u0119pnia broszury informacyjne, materia\u0142y reklamowe i podr\u0119czniki specjalistyczne, utrzymuje kontakty ze szko\u0142ami zawodowymi, o\u015brodkami szkoleniowymi i stowarzyszeniami oraz doradza przedsi\u0119biorstwom z bran\u017cy przemys\u0142owej i rzemie\u015blniczej we wszystkich kwestiach zwi\u0105zanych z kszta\u0142ceniem i doskonaleniem zawodowym.   <\/p>\t\t\t\t\t\t\t\t<\/div>\n\t\t\t\t<\/div>\n\t\t\t\t<\/div>\n\t\t\t\t<\/div>\n\t\t<div class=\"elementor-element elementor-element-b1ff28a e-con-full e-flex e-con e-child\" data-id=\"b1ff28a\" data-element_type=\"container\" data-e-type=\"container\">\n\t\t\t\t<div class=\"elementor-element elementor-element-99b8a61 elementor-widget elementor-widget-image\" data-id=\"99b8a61\" data-element_type=\"widget\" data-e-type=\"widget\" data-widget_type=\"image.default\">\n\t\t\t\t<div class=\"elementor-widget-container\">\n\t\t\t\t\t\t\t\t\t\t\t\t\t\t\t<img loading=\"lazy\" decoding=\"async\" width=\"300\" height=\"157\" src=\"https:\/\/philipp-group.com\/wp-content\/uploads\/2025\/09\/DerMittelstand-300x157.png\" class=\"elementor-animation-grow attachment-medium size-medium wp-image-16061\" alt=\"\" srcset=\"https:\/\/philipp-group.com\/wp-content\/uploads\/2025\/09\/DerMittelstand-300x157.png 300w, https:\/\/philipp-group.com\/wp-content\/uploads\/2025\/09\/DerMittelstand.png 600w\" sizes=\"(max-width: 300px) 100vw, 300px\" \/>\t\t\t\t\t\t\t\t\t\t\t\t\t\t\t<\/div>\n\t\t\t\t<\/div>\n\t\t<div class=\"elementor-element elementor-element-fc63e3e e-con-full e-flex e-con e-child\" data-id=\"fc63e3e\" data-element_type=\"container\" data-e-type=\"container\">\n\t\t\t\t<div class=\"elementor-element elementor-element-e8e20b4 elementor-widget elementor-widget-heading\" data-id=\"e8e20b4\" data-element_type=\"widget\" data-e-type=\"widget\" data-widget_type=\"heading.default\">\n\t\t\t\t<div class=\"elementor-widget-container\">\n\t\t\t\t\t<h3 class=\"elementor-heading-title elementor-size-default\">FEDERALNE STOWARZYSZENIE MA\u0141YCH I \u015aREDNICH PRZEDSI\u0118BIORSTW W NIEMCZECH (BVMW)<\/h3>\t\t\t\t<\/div>\n\t\t\t\t<\/div>\n\t\t\t\t<div class=\"elementor-element elementor-element-7a6e9ed elementor-widget elementor-widget-text-editor\" data-id=\"7a6e9ed\" data-element_type=\"widget\" data-e-type=\"widget\" data-widget_type=\"text-editor.default\">\n\t\t\t\t<div class=\"elementor-widget-container\">\n\t\t\t\t\t\t\t\t\t<p>BVMW jest najwi\u0119kszym, dobrowolnym i mi\u0119dzybran\u017cowym stowarzyszeniem reprezentuj\u0105cym interesy niemieckich ma\u0142ych i \u015brednich przedsi\u0119biorstw w Niemczech. W ramach sojuszu ma\u0142ych i \u015brednich przedsi\u0119biorstw reprezentowane s\u0105 wsp\u00f3lne interesy gospodarcze, spo\u0142eczne i spo\u0142eczno-polityczne 32 stowarzysze\u0144 pracodawc\u00f3w i organizacji gospodarczych, zrzeszaj\u0105cych ponad 900 000 cz\u0142onk\u00f3w.  <\/p>\t\t\t\t\t\t\t\t<\/div>\n\t\t\t\t<\/div>\n\t\t\t\t<\/div>\n\t\t\t\t<\/div>\n\t\t<div class=\"elementor-element elementor-element-6a4b728 e-con-full e-flex e-con e-child\" data-id=\"6a4b728\" data-element_type=\"container\" data-e-type=\"container\">\n\t\t\t\t<div class=\"elementor-element elementor-element-b22380a elementor-widget elementor-widget-image\" data-id=\"b22380a\" data-element_type=\"widget\" data-e-type=\"widget\" data-widget_type=\"image.default\">\n\t\t\t\t<div class=\"elementor-widget-container\">\n\t\t\t\t\t\t\t\t\t\t\t\t\t\t\t<img loading=\"lazy\" decoding=\"async\" width=\"300\" height=\"79\" src=\"https:\/\/philipp-group.com\/wp-content\/uploads\/2025\/09\/voeb-logo-400-300x79.jpg\" class=\"elementor-animation-grow attachment-medium size-medium wp-image-16065\" alt=\"\" srcset=\"https:\/\/philipp-group.com\/wp-content\/uploads\/2025\/09\/voeb-logo-400-300x79.jpg 300w, https:\/\/philipp-group.com\/wp-content\/uploads\/2025\/09\/voeb-logo-400.jpg 400w\" sizes=\"(max-width: 300px) 100vw, 300px\" \/>\t\t\t\t\t\t\t\t\t\t\t\t\t\t\t<\/div>\n\t\t\t\t<\/div>\n\t\t<div class=\"elementor-element elementor-element-8599a0b e-con-full e-flex e-con e-child\" data-id=\"8599a0b\" data-element_type=\"container\" data-e-type=\"container\">\n\t\t\t\t<div class=\"elementor-element elementor-element-acd66b3 elementor-widget elementor-widget-heading\" data-id=\"acd66b3\" data-element_type=\"widget\" data-e-type=\"widget\" data-widget_type=\"heading.default\">\n\t\t\t\t<div class=\"elementor-widget-container\">\n\t\t\t\t\t<h3 class=\"elementor-heading-title elementor-size-default\">STOWARZYSZENIE AUSTRIACKICH PRODUCENT\u00d3W BETONU I PREFABRYKAT\u00d3W BETONOWYCH (V\u00d6B)<\/h3>\t\t\t\t<\/div>\n\t\t\t\t<\/div>\n\t\t\t\t<div class=\"elementor-element elementor-element-0fd37c4 elementor-widget elementor-widget-text-editor\" data-id=\"0fd37c4\" data-element_type=\"widget\" data-e-type=\"widget\" data-widget_type=\"text-editor.default\">\n\t\t\t\t<div class=\"elementor-widget-container\">\n\t\t\t\t\t\t\t\t\t<p>Stowarzyszenie Austriackich Producent\u00f3w Betonu i Prefabrykat\u00f3w Betonowych (V\u00d6B) jest centralnym organem przedstawicielskim austriackich producent\u00f3w prefabrykat\u00f3w betonowych. Za\u0142o\u017cone w 1956 roku stowarzyszenie reprezentuje oko\u0142o 70 firm cz\u0142onkowskich \u2013 a tym samym wi\u0119kszo\u015b\u0107 wszystkich zak\u0142ad\u00f3w produkuj\u0105cych prefabrykaty betonowe w Austrii. V\u00d6B, utworzone na podstawie austriackiego prawa o stowarzyszeniach, jest dobrowoln\u0105 grup\u0105 interes\u00f3w i postrzega siebie jako innowacyjne i otwarte stowarzyszenie gospodarcze. Przemys\u0142 prefabrykat\u00f3w betonowych stanowi znacz\u0105cy sektor austriackiego przemys\u0142u budowlanego. Dzi\u0119ki wysokiej jako\u015bci produktom wytwarzanym w kraju, bran\u017ca ta reprezentuje efektywno\u015b\u0107, koncentracj\u0119 na jako\u015bci, zasobooszcz\u0119dn\u0105 produkcj\u0119 i jako\u015bciowy wzrost. W ten spos\u00f3b austriackie zak\u0142ady prefabrykat\u00f3w betonowych wnosz\u0105 znacz\u0105cy wk\u0142ad w przysz\u0142o\u015bciowe i zr\u00f3wnowa\u017cone budownictwo.     <\/p>\t\t\t\t\t\t\t\t<\/div>\n\t\t\t\t<\/div>\n\t\t\t\t<\/div>\n\t\t\t\t<\/div>\n\t\t<div class=\"elementor-element elementor-element-dd02b29 e-con-full e-flex e-con e-child\" data-id=\"dd02b29\" data-element_type=\"container\" data-e-type=\"container\">\n\t\t\t\t<div class=\"elementor-element elementor-element-5d3ce19 elementor-widget elementor-widget-image\" data-id=\"5d3ce19\" data-element_type=\"widget\" data-e-type=\"widget\" data-widget_type=\"image.default\">\n\t\t\t\t<div class=\"elementor-widget-container\">\n\t\t\t\t\t\t\t\t\t\t\t\t\t\t\t<img loading=\"lazy\" decoding=\"async\" width=\"300\" height=\"80\" src=\"https:\/\/philipp-group.com\/wp-content\/uploads\/2025\/09\/zutun-logo-300x80.png\" class=\"elementor-animation-grow attachment-medium size-medium wp-image-16066\" alt=\"\" srcset=\"https:\/\/philipp-group.com\/wp-content\/uploads\/2025\/09\/zutun-logo-300x80.png 300w, https:\/\/philipp-group.com\/wp-content\/uploads\/2025\/09\/zutun-logo-600x161.png 600w, https:\/\/philipp-group.com\/wp-content\/uploads\/2025\/09\/zutun-logo-768x206.png 768w, https:\/\/philipp-group.com\/wp-content\/uploads\/2025\/09\/zutun-logo.png 1000w\" sizes=\"(max-width: 300px) 100vw, 300px\" \/>\t\t\t\t\t\t\t\t\t\t\t\t\t\t\t<\/div>\n\t\t\t\t<\/div>\n\t\t<div class=\"elementor-element elementor-element-e56c1f4 e-con-full e-flex e-con e-child\" data-id=\"e56c1f4\" data-element_type=\"container\" data-e-type=\"container\">\n\t\t\t\t<div class=\"elementor-element elementor-element-a25f2b3 elementor-widget elementor-widget-heading\" data-id=\"a25f2b3\" data-element_type=\"widget\" data-e-type=\"widget\" data-widget_type=\"heading.default\">\n\t\t\t\t<div class=\"elementor-widget-container\">\n\t\t\t\t\t<h3 class=\"elementor-heading-title elementor-size-default\">ZUTUN.DE<\/h3>\t\t\t\t<\/div>\n\t\t\t\t<\/div>\n\t\t\t\t<div class=\"elementor-element elementor-element-35b632e elementor-widget elementor-widget-text-editor\" data-id=\"35b632e\" data-element_type=\"widget\" data-e-type=\"widget\" data-widget_type=\"text-editor.default\">\n\t\t\t\t<div class=\"elementor-widget-container\">\n\t\t\t\t\t\t\t\t\t<p>Zutun to innowacyjna platforma, kt\u00f3ra prezentuje wszystkie aktualne oferty pracy na jednej stronie \u2013 to unikalna funkcja, kt\u00f3ra wyr\u00f3\u017cnia \u017ar\u00f3d\u0142a ofert. Przeszukuje nie tylko tradycyjne portale z ofertami pracy, ale tak\u017ce media spo\u0142eczno\u015bciowe. Dzi\u0119ki temu na Zutun mo\u017cesz odkry\u0107 wyj\u0105tkowe oferty, kt\u00f3rych nie znajdziesz na \u017cadnej innej platformie. Znajdujemy si\u0119 w czo\u0142\u00f3wce 10 najlepszych pracodawc\u00f3w w Aschaffenburgu.   <\/p>\t\t\t\t\t\t\t\t<\/div>\n\t\t\t\t<\/div>\n\t\t\t\t<\/div>\n\t\t\t\t<\/div>\n\t\t\t\t<\/div>\n\t\t\t\t<\/div>\n\t\t","protected":false},"excerpt":{"rendered":"<p>Cz\u0142onkostwo w stowarzyszeniach i zwi\u0105zkach bran\u017cowych Poniewa\u017c dobrze wiadomo, \u017ce razem jeste\u015bmy najsilniejsi, wsp\u00f3\u0142pracujemy z wa\u017cnymi stowarzyszeniami. Jeste\u015bmy \u015bci\u015ble powi\u0105zani, dzi\u0119ki czemu zawsze jeste\u015bmy na bie\u017c\u0105co i dobrze poinformowani. STOWARZYSZENIE BRAN\u017bOWE LINY I ZAWIESI (FSA) FSA (Niemieckie Stowarzyszenie Lin i Sprz\u0119tu D\u017awigowego) zosta\u0142o za\u0142o\u017cone w Hamburgu w 1947 roku. Obecnie pod jego patronatem zrzesza 35 [&hellip;]<\/p>\n","protected":false},"author":4,"featured_media":0,"parent":0,"menu_order":0,"comment_status":"closed","ping_status":"closed","template":"","meta":{"_acf_changed":false,"site-sidebar-layout":"no-sidebar","site-content-layout":"page-builder","ast-site-content-layout":"full-width-container","site-content-style":"default","site-sidebar-style":"default","ast-global-header-display":"","ast-banner-title-visibility":"","ast-main-header-display":"","ast-hfb-above-header-display":"","ast-hfb-below-header-display":"","ast-hfb-mobile-header-display":"","site-post-title":"disabled","ast-breadcrumbs-content":"","ast-featured-img":"disabled","footer-sml-layout":"","ast-disable-related-posts":"","theme-transparent-header-meta":"","adv-header-id-meta":"","stick-header-meta":"","header-above-stick-meta":"","header-main-stick-meta":"","header-below-stick-meta":"","astra-migrate-meta-layouts":"default","ast-page-background-enabled":"default","ast-page-background-meta":{"desktop":{"background-color":"","background-image":"","background-repeat":"repeat","background-position":"center center","background-size":"auto","background-attachment":"scroll","background-type":"","background-media":"","overlay-type":"","overlay-color":"","overlay-opacity":"","overlay-gradient":""},"tablet":{"background-color":"","background-image":"","background-repeat":"repeat","background-position":"center center","background-size":"auto","background-attachment":"scroll","background-type":"","background-media":"","overlay-type":"","overlay-color":"","overlay-opacity":"","overlay-gradient":""},"mobile":{"background-color":"","background-image":"","background-repeat":"repeat","background-position":"center center","background-size":"auto","background-attachment":"scroll","background-type":"","background-media":"","overlay-type":"","overlay-color":"","overlay-opacity":"","overlay-gradient":""}},"ast-content-background-meta":{"desktop":{"background-color":"var(--ast-global-color-5)","background-image":"","background-repeat":"repeat","background-position":"center center","background-size":"auto","background-attachment":"scroll","background-type":"","background-media":"","overlay-type":"","overlay-color":"","overlay-opacity":"","overlay-gradient":""},"tablet":{"background-color":"var(--ast-global-color-5)","background-image":"","background-repeat":"repeat","background-position":"center center","background-size":"auto","background-attachment":"scroll","background-type":"","background-media":"","overlay-type":"","overlay-color":"","overlay-opacity":"","overlay-gradient":""},"mobile":{"background-color":"var(--ast-global-color-5)","background-image":"","background-repeat":"repeat","background-position":"center center","background-size":"auto","background-attachment":"scroll","background-type":"","background-media":"","overlay-type":"","overlay-color":"","overlay-opacity":"","overlay-gradient":""}},"footnotes":""},"class_list":["post-16048","page","type-page","status-publish","hentry"],"acf":[],"_links":{"self":[{"href":"https:\/\/philipp-group.com\/pl\/wp-json\/wp\/v2\/pages\/16048","targetHints":{"allow":["GET"]}}],"collection":[{"href":"https:\/\/philipp-group.com\/pl\/wp-json\/wp\/v2\/pages"}],"about":[{"href":"https:\/\/philipp-group.com\/pl\/wp-json\/wp\/v2\/types\/page"}],"author":[{"embeddable":true,"href":"https:\/\/philipp-group.com\/pl\/wp-json\/wp\/v2\/users\/4"}],"replies":[{"embeddable":true,"href":"https:\/\/philipp-group.com\/pl\/wp-json\/wp\/v2\/comments?post=16048"}],"version-history":[{"count":6,"href":"https:\/\/philipp-group.com\/pl\/wp-json\/wp\/v2\/pages\/16048\/revisions"}],"predecessor-version":[{"id":19730,"href":"https:\/\/philipp-group.com\/pl\/wp-json\/wp\/v2\/pages\/16048\/revisions\/19730"}],"wp:attachment":[{"href":"https:\/\/philipp-group.com\/pl\/wp-json\/wp\/v2\/media?parent=16048"}],"curies":[{"name":"wp","href":"https:\/\/api.w.org\/{rel}","templated":true}]}}