{"id":15529,"date":"2025-10-02T15:09:45","date_gmt":"2025-10-02T13:09:45","guid":{"rendered":"https:\/\/philipp-group.com\/produkt\/gwintowane-przedluzenie-kotwicy-sr\/"},"modified":"2026-02-25T16:46:30","modified_gmt":"2026-02-25T15:46:30","slug":"gwintowane-przedluzenie-kotwicy-sr","status":"publish","type":"product","link":"https:\/\/philipp-group.com\/pl\/produkt\/gwintowane-przedluzenie-kotwicy-sr\/","title":{"rendered":"Gwintowane przed\u0142u\u017cenie kotwicy (SR)"},"content":{"rendered":"<p>Przed\u0142u\u017cenie kotwy gwintowanej SR jest przeznaczone do zastosowa\u0144, w kt\u00f3rych podnoszenie bezpo\u015brednio z kotwy transportowej nie jest mo\u017cliwe. Na przyk\u0142ad, w przypadku kom\u00f3rek pomieszczeniowych w konstrukcji prefabrykowanej z p\u00f3\u017aniej podpartym elementem sufitowym, mo\u017cna zrealizowa\u0107 transport kompletnej jednostki pomieszczeniowej. Przed\u0142u\u017cenie jest wkr\u0119cane w istniej\u0105c\u0105 gwintowan\u0105 kotw\u0119 transportow\u0105 (jednostki pomieszczenia) poprzez wg\u0142\u0119bienie w elemencie sufitowym.  <\/p>\n","protected":false},"excerpt":{"rendered":"<p>Przed\u0142u\u017cenie kotwy gwintowanej SR jest przeznaczone do zastosowa\u0144, w kt\u00f3rych podnoszenie bezpo\u015brednio z kotwy transportowej nie jest mo\u017cliwe. Na przyk\u0142ad, w przypadku kom\u00f3rek pomieszczeniowych w konstrukcji prefabrykowanej z p\u00f3\u017aniej podpartym elementem sufitowym, mo\u017cna zrealizowa\u0107 transport kompletnej jednostki pomieszczeniowej. Przed\u0142u\u017cenie jest wkr\u0119cane w istniej\u0105c\u0105 gwintowan\u0105 kotw\u0119 transportow\u0105 (jednostki pomieszczenia) poprzez wg\u0142\u0119bienie w elemencie sufitowym.  <\/p>\n","protected":false},"featured_media":15530,"template":"","meta":{"_acf_changed":false,"site-sidebar-layout":"default","site-content-layout":"","ast-site-content-layout":"default","site-content-style":"default","site-sidebar-style":"default","ast-global-header-display":"","ast-banner-title-visibility":"","ast-main-header-display":"","ast-hfb-above-header-display":"","ast-hfb-below-header-display":"","ast-hfb-mobile-header-display":"","site-post-title":"","ast-breadcrumbs-content":"","ast-featured-img":"","footer-sml-layout":"","ast-disable-related-posts":"","theme-transparent-header-meta":"default","adv-header-id-meta":"","stick-header-meta":"","header-above-stick-meta":"","header-main-stick-meta":"","header-below-stick-meta":"","astra-migrate-meta-layouts":"default","ast-page-background-enabled":"default","ast-page-background-meta":{"desktop":{"background-color":"","background-image":"","background-repeat":"repeat","background-position":"center center","background-size":"auto","background-attachment":"scroll","background-type":"","background-media":"","overlay-type":"","overlay-color":"","overlay-opacity":"","overlay-gradient":""},"tablet":{"background-color":"","background-image":"","background-repeat":"repeat","background-position":"center center","background-size":"auto","background-attachment":"scroll","background-type":"","background-media":"","overlay-type":"","overlay-color":"","overlay-opacity":"","overlay-gradient":""},"mobile":{"background-color":"","background-image":"","background-repeat":"repeat","background-position":"center center","background-size":"auto","background-attachment":"scroll","background-type":"","background-media":"","overlay-type":"","overlay-color":"","overlay-opacity":"","overlay-gradient":""}},"ast-content-background-meta":{"desktop":{"background-color":"var(--ast-global-color-5)","background-image":"","background-repeat":"repeat","background-position":"center center","background-size":"auto","background-attachment":"scroll","background-type":"","background-media":"","overlay-type":"","overlay-color":"","overlay-opacity":"","overlay-gradient":""},"tablet":{"background-color":"var(--ast-global-color-5)","background-image":"","background-repeat":"repeat","background-position":"center center","background-size":"auto","background-attachment":"scroll","background-type":"","background-media":"","overlay-type":"","overlay-color":"","overlay-opacity":"","overlay-gradient":""},"mobile":{"background-color":"var(--ast-global-color-5)","background-image":"","background-repeat":"repeat","background-position":"center center","background-size":"auto","background-attachment":"scroll","background-type":"","background-media":"","overlay-type":"","overlay-color":"","overlay-opacity":"","overlay-gradient":""}}},"bauteilart":[],"bauteil_subtyp":[],"anwendung":[],"funktionsgruppe":[],"product_brand":[],"product_cat":[583,589,584,582],"product_tag":[],"class_list":{"0":"post-15529","1":"product","2":"type-product","3":"status-publish","4":"has-post-thumbnail","6":"product_cat-gwintowane-systemy-kotew-transportowych","7":"product_cat-kotwica-transportowa","8":"product_cat-system-zasilania-sr","9":"product_cat-systemy-kotwic-transportowych","10":"desktop-align-left","11":"tablet-align-left","12":"mobile-align-left","14":"first","15":"instock","16":"shipping-taxable","17":"purchasable","18":"product-type-simple"},"acf":[],"_links":{"self":[{"href":"https:\/\/philipp-group.com\/pl\/wp-json\/wp\/v2\/product\/15529","targetHints":{"allow":["GET"]}}],"collection":[{"href":"https:\/\/philipp-group.com\/pl\/wp-json\/wp\/v2\/product"}],"about":[{"href":"https:\/\/philipp-group.com\/pl\/wp-json\/wp\/v2\/types\/product"}],"wp:featuredmedia":[{"embeddable":true,"href":"https:\/\/philipp-group.com\/pl\/wp-json\/wp\/v2\/media\/15530"}],"wp:attachment":[{"href":"https:\/\/philipp-group.com\/pl\/wp-json\/wp\/v2\/media?parent=15529"}],"wp:term":[{"taxonomy":"bauteilart","embeddable":true,"href":"https:\/\/philipp-group.com\/pl\/wp-json\/wp\/v2\/bauteilart?post=15529"},{"taxonomy":"bauteil_subtyp","embeddable":true,"href":"https:\/\/philipp-group.com\/pl\/wp-json\/wp\/v2\/bauteil_subtyp?post=15529"},{"taxonomy":"anwendung","embeddable":true,"href":"https:\/\/philipp-group.com\/pl\/wp-json\/wp\/v2\/anwendung?post=15529"},{"taxonomy":"funktionsgruppe","embeddable":true,"href":"https:\/\/philipp-group.com\/pl\/wp-json\/wp\/v2\/funktionsgruppe?post=15529"},{"taxonomy":"product_brand","embeddable":true,"href":"https:\/\/philipp-group.com\/pl\/wp-json\/wp\/v2\/product_brand?post=15529"},{"taxonomy":"product_cat","embeddable":true,"href":"https:\/\/philipp-group.com\/pl\/wp-json\/wp\/v2\/product_cat?post=15529"},{"taxonomy":"product_tag","embeddable":true,"href":"https:\/\/philipp-group.com\/pl\/wp-json\/wp\/v2\/product_tag?post=15529"}],"curies":[{"name":"wp","href":"https:\/\/api.w.org\/{rel}","templated":true}]}}