{"id":15881,"date":"2025-10-02T15:04:34","date_gmt":"2025-10-02T13:04:34","guid":{"rendered":"https:\/\/philipp-group.com\/produkt\/petla-z-polipropylenu\/"},"modified":"2026-02-25T16:54:37","modified_gmt":"2026-02-25T15:54:37","slug":"petla-z-polipropylenu","status":"publish","type":"product","link":"https:\/\/philipp-group.com\/pl\/produkt\/petla-z-polipropylenu\/","title":{"rendered":"P\u0119tla z polipropylenu"},"content":{"rendered":"<p>P\u0119tla wykonana z tworzywa sztucznego polipropylenowego (PP) jest ekonomicznym rozwi\u0105zaniem do transportu ma\u0142ych prefabrykowanych element\u00f3w betonowych przypominaj\u0105cych p\u0142yty lub \u015bciany. No\u015bno\u015b\u0107 do 1,2 tony na kotw\u0119 mo\u017cna osi\u0105gn\u0105\u0107 dzi\u0119ki dodatkowemu wzmocnieniu tylnego zawieszenia. Do transportu i monta\u017cu tego typu kotew nie jest wymagane specjalne urz\u0105dzenie no\u015bne.  <\/p>\n","protected":false},"excerpt":{"rendered":"<p>P\u0119tla wykonana z tworzywa sztucznego polipropylenowego (PP) jest ekonomicznym rozwi\u0105zaniem do transportu ma\u0142ych prefabrykowanych element\u00f3w betonowych przypominaj\u0105cych p\u0142yty lub \u015bciany. No\u015bno\u015b\u0107 do 1,2 tony na kotw\u0119 mo\u017cna osi\u0105gn\u0105\u0107 dzi\u0119ki dodatkowemu wzmocnieniu tylnego zawieszenia. Do transportu i monta\u017cu tego typu kotew nie jest wymagane specjalne urz\u0105dzenie no\u015bne.  <\/p>\n","protected":false},"featured_media":15883,"template":"","meta":{"_acf_changed":false,"site-sidebar-layout":"default","site-content-layout":"","ast-site-content-layout":"default","site-content-style":"default","site-sidebar-style":"default","ast-global-header-display":"","ast-banner-title-visibility":"","ast-main-header-display":"","ast-hfb-above-header-display":"","ast-hfb-below-header-display":"","ast-hfb-mobile-header-display":"","site-post-title":"","ast-breadcrumbs-content":"","ast-featured-img":"","footer-sml-layout":"","ast-disable-related-posts":"","theme-transparent-header-meta":"default","adv-header-id-meta":"","stick-header-meta":"","header-above-stick-meta":"","header-main-stick-meta":"","header-below-stick-meta":"","astra-migrate-meta-layouts":"default","ast-page-background-enabled":"default","ast-page-background-meta":{"desktop":{"background-color":"","background-image":"","background-repeat":"repeat","background-position":"center center","background-size":"auto","background-attachment":"scroll","background-type":"","background-media":"","overlay-type":"","overlay-color":"","overlay-opacity":"","overlay-gradient":""},"tablet":{"background-color":"","background-image":"","background-repeat":"repeat","background-position":"center center","background-size":"auto","background-attachment":"scroll","background-type":"","background-media":"","overlay-type":"","overlay-color":"","overlay-opacity":"","overlay-gradient":""},"mobile":{"background-color":"","background-image":"","background-repeat":"repeat","background-position":"center center","background-size":"auto","background-attachment":"scroll","background-type":"","background-media":"","overlay-type":"","overlay-color":"","overlay-opacity":"","overlay-gradient":""}},"ast-content-background-meta":{"desktop":{"background-color":"var(--ast-global-color-5)","background-image":"","background-repeat":"repeat","background-position":"center center","background-size":"auto","background-attachment":"scroll","background-type":"","background-media":"","overlay-type":"","overlay-color":"","overlay-opacity":"","overlay-gradient":""},"tablet":{"background-color":"var(--ast-global-color-5)","background-image":"","background-repeat":"repeat","background-position":"center center","background-size":"auto","background-attachment":"scroll","background-type":"","background-media":"","overlay-type":"","overlay-color":"","overlay-opacity":"","overlay-gradient":""},"mobile":{"background-color":"var(--ast-global-color-5)","background-image":"","background-repeat":"repeat","background-position":"center center","background-size":"auto","background-attachment":"scroll","background-type":"","background-media":"","overlay-type":"","overlay-color":"","overlay-opacity":"","overlay-gradient":""}}},"bauteilart":[606],"bauteil_subtyp":[],"anwendung":[587],"funktionsgruppe":[607],"product_brand":[],"product_cat":[589,608,582],"product_tag":[],"class_list":{"0":"post-15881","1":"product","2":"type-product","3":"status-publish","4":"has-post-thumbnail","6":"bauteilart-element-przypominajacy-plyte","7":"anwendung-transport","8":"funktionsgruppe-petle-podnoszenia","9":"product_cat-kotwica-transportowa","10":"product_cat-petle-podnoszenia","11":"product_cat-systemy-kotwic-transportowych","12":"desktop-align-left","13":"tablet-align-left","14":"mobile-align-left","16":"first","17":"instock","18":"shipping-taxable","19":"purchasable","20":"product-type-simple"},"acf":[],"_links":{"self":[{"href":"https:\/\/philipp-group.com\/pl\/wp-json\/wp\/v2\/product\/15881","targetHints":{"allow":["GET"]}}],"collection":[{"href":"https:\/\/philipp-group.com\/pl\/wp-json\/wp\/v2\/product"}],"about":[{"href":"https:\/\/philipp-group.com\/pl\/wp-json\/wp\/v2\/types\/product"}],"wp:featuredmedia":[{"embeddable":true,"href":"https:\/\/philipp-group.com\/pl\/wp-json\/wp\/v2\/media\/15883"}],"wp:attachment":[{"href":"https:\/\/philipp-group.com\/pl\/wp-json\/wp\/v2\/media?parent=15881"}],"wp:term":[{"taxonomy":"bauteilart","embeddable":true,"href":"https:\/\/philipp-group.com\/pl\/wp-json\/wp\/v2\/bauteilart?post=15881"},{"taxonomy":"bauteil_subtyp","embeddable":true,"href":"https:\/\/philipp-group.com\/pl\/wp-json\/wp\/v2\/bauteil_subtyp?post=15881"},{"taxonomy":"anwendung","embeddable":true,"href":"https:\/\/philipp-group.com\/pl\/wp-json\/wp\/v2\/anwendung?post=15881"},{"taxonomy":"funktionsgruppe","embeddable":true,"href":"https:\/\/philipp-group.com\/pl\/wp-json\/wp\/v2\/funktionsgruppe?post=15881"},{"taxonomy":"product_brand","embeddable":true,"href":"https:\/\/philipp-group.com\/pl\/wp-json\/wp\/v2\/product_brand?post=15881"},{"taxonomy":"product_cat","embeddable":true,"href":"https:\/\/philipp-group.com\/pl\/wp-json\/wp\/v2\/product_cat?post=15881"},{"taxonomy":"product_tag","embeddable":true,"href":"https:\/\/philipp-group.com\/pl\/wp-json\/wp\/v2\/product_tag?post=15881"}],"curies":[{"name":"wp","href":"https:\/\/api.w.org\/{rel}","templated":true}]}}