{"id":15897,"date":"2025-10-02T15:04:36","date_gmt":"2025-10-02T13:04:36","guid":{"rendered":"https:\/\/philipp-group.com\/produkt\/trzpien-mocujacy\/"},"modified":"2026-02-25T17:01:24","modified_gmt":"2026-02-25T16:01:24","slug":"trzpien-mocujacy","status":"publish","type":"product","link":"https:\/\/philipp-group.com\/pl\/produkt\/trzpien-mocujacy\/","title":{"rendered":"Trzpie\u0144 mocuj\u0105cy"},"content":{"rendered":"<p>Ko\u0142ek rozporowy s\u0142u\u017cy do zabezpieczenia pozycji prefabrykowanych element\u00f3w \u017celbetowych, a jednocze\u015bnie tworzy po\u0142\u0105czenie konstrukcyjne mi\u0119dzy dwoma elementami betonowymi.<\/p>\n","protected":false},"excerpt":{"rendered":"<p>Ko\u0142ek rozporowy s\u0142u\u017cy do zabezpieczenia pozycji prefabrykowanych element\u00f3w \u017celbetowych, a jednocze\u015bnie tworzy po\u0142\u0105czenie konstrukcyjne mi\u0119dzy dwoma elementami betonowymi.<\/p>\n","protected":false},"featured_media":15898,"template":"","meta":{"_acf_changed":false,"site-sidebar-layout":"default","site-content-layout":"","ast-site-content-layout":"default","site-content-style":"default","site-sidebar-style":"default","ast-global-header-display":"","ast-banner-title-visibility":"","ast-main-header-display":"","ast-hfb-above-header-display":"","ast-hfb-below-header-display":"","ast-hfb-mobile-header-display":"","site-post-title":"","ast-breadcrumbs-content":"","ast-featured-img":"","footer-sml-layout":"","ast-disable-related-posts":"","theme-transparent-header-meta":"default","adv-header-id-meta":"","stick-header-meta":"","header-above-stick-meta":"","header-main-stick-meta":"","header-below-stick-meta":"","astra-migrate-meta-layouts":"default","ast-page-background-enabled":"default","ast-page-background-meta":{"desktop":{"background-color":"","background-image":"","background-repeat":"repeat","background-position":"center center","background-size":"auto","background-attachment":"scroll","background-type":"","background-media":"","overlay-type":"","overlay-color":"","overlay-opacity":"","overlay-gradient":""},"tablet":{"background-color":"","background-image":"","background-repeat":"repeat","background-position":"center center","background-size":"auto","background-attachment":"scroll","background-type":"","background-media":"","overlay-type":"","overlay-color":"","overlay-opacity":"","overlay-gradient":""},"mobile":{"background-color":"","background-image":"","background-repeat":"repeat","background-position":"center center","background-size":"auto","background-attachment":"scroll","background-type":"","background-media":"","overlay-type":"","overlay-color":"","overlay-opacity":"","overlay-gradient":""}},"ast-content-background-meta":{"desktop":{"background-color":"var(--ast-global-color-5)","background-image":"","background-repeat":"repeat","background-position":"center center","background-size":"auto","background-attachment":"scroll","background-type":"","background-media":"","overlay-type":"","overlay-color":"","overlay-opacity":"","overlay-gradient":""},"tablet":{"background-color":"var(--ast-global-color-5)","background-image":"","background-repeat":"repeat","background-position":"center center","background-size":"auto","background-attachment":"scroll","background-type":"","background-media":"","overlay-type":"","overlay-color":"","overlay-opacity":"","overlay-gradient":""},"mobile":{"background-color":"var(--ast-global-color-5)","background-image":"","background-repeat":"repeat","background-position":"center center","background-size":"auto","background-attachment":"scroll","background-type":"","background-media":"","overlay-type":"","overlay-color":"","overlay-opacity":"","overlay-gradient":""}}},"bauteilart":[],"bauteil_subtyp":[],"anwendung":[],"funktionsgruppe":[],"product_brand":[],"product_cat":[586],"product_tag":[],"class_list":{"0":"post-15897","1":"product","2":"type-product","3":"status-publish","4":"has-post-thumbnail","6":"product_cat-technologia-polaczen","7":"desktop-align-left","8":"tablet-align-left","9":"mobile-align-left","11":"first","12":"instock","13":"shipping-taxable","14":"purchasable","15":"product-type-simple"},"acf":[],"_links":{"self":[{"href":"https:\/\/philipp-group.com\/pl\/wp-json\/wp\/v2\/product\/15897","targetHints":{"allow":["GET"]}}],"collection":[{"href":"https:\/\/philipp-group.com\/pl\/wp-json\/wp\/v2\/product"}],"about":[{"href":"https:\/\/philipp-group.com\/pl\/wp-json\/wp\/v2\/types\/product"}],"wp:featuredmedia":[{"embeddable":true,"href":"https:\/\/philipp-group.com\/pl\/wp-json\/wp\/v2\/media\/15898"}],"wp:attachment":[{"href":"https:\/\/philipp-group.com\/pl\/wp-json\/wp\/v2\/media?parent=15897"}],"wp:term":[{"taxonomy":"bauteilart","embeddable":true,"href":"https:\/\/philipp-group.com\/pl\/wp-json\/wp\/v2\/bauteilart?post=15897"},{"taxonomy":"bauteil_subtyp","embeddable":true,"href":"https:\/\/philipp-group.com\/pl\/wp-json\/wp\/v2\/bauteil_subtyp?post=15897"},{"taxonomy":"anwendung","embeddable":true,"href":"https:\/\/philipp-group.com\/pl\/wp-json\/wp\/v2\/anwendung?post=15897"},{"taxonomy":"funktionsgruppe","embeddable":true,"href":"https:\/\/philipp-group.com\/pl\/wp-json\/wp\/v2\/funktionsgruppe?post=15897"},{"taxonomy":"product_brand","embeddable":true,"href":"https:\/\/philipp-group.com\/pl\/wp-json\/wp\/v2\/product_brand?post=15897"},{"taxonomy":"product_cat","embeddable":true,"href":"https:\/\/philipp-group.com\/pl\/wp-json\/wp\/v2\/product_cat?post=15897"},{"taxonomy":"product_tag","embeddable":true,"href":"https:\/\/philipp-group.com\/pl\/wp-json\/wp\/v2\/product_tag?post=15897"}],"curies":[{"name":"wp","href":"https:\/\/api.w.org\/{rel}","templated":true}]}}