{"id":15899,"date":"2025-10-02T15:04:35","date_gmt":"2025-10-02T13:04:35","guid":{"rendered":"https:\/\/philipp-group.com\/produkt\/system-power-box\/"},"modified":"2026-02-25T16:57:18","modified_gmt":"2026-02-25T15:57:18","slug":"system-power-box","status":"publish","type":"product","link":"https:\/\/philipp-group.com\/pl\/produkt\/system-power-box\/","title":{"rendered":"System Power Box"},"content":{"rendered":"<p>Power Box to ma\u0142e, ale nie mniej wydajne rozwi\u0105zanie do po\u0142\u0105cze\u0144 prefabrykowanych element\u00f3w betonowych. S\u0142u\u017cy do bezpiecznego przenoszenia si\u0142 \u015bcinaj\u0105cych r\u00f3wnolegle i prostopadle do po\u0142\u0105czenia. To rozwi\u0105zanie po\u0142\u0105czeniowe charakteryzuje si\u0119 r\u00f3wnie\u017c wysokimi warto\u015bciami projektowymi na skrzynk\u0119, a tak\u017ce uwzgl\u0119dnieniem obci\u0105\u017ce\u0144 ogniowych.  <\/p>\n","protected":false},"excerpt":{"rendered":"<p>Power Box to ma\u0142e, ale nie mniej wydajne rozwi\u0105zanie do po\u0142\u0105cze\u0144 prefabrykowanych element\u00f3w betonowych. S\u0142u\u017cy do bezpiecznego przenoszenia si\u0142 \u015bcinaj\u0105cych r\u00f3wnolegle i prostopadle do po\u0142\u0105czenia. To rozwi\u0105zanie po\u0142\u0105czeniowe charakteryzuje si\u0119 r\u00f3wnie\u017c wysokimi warto\u015bciami projektowymi na skrzynk\u0119, a tak\u017ce uwzgl\u0119dnieniem obci\u0105\u017ce\u0144 ogniowych.  <\/p>\n","protected":false},"featured_media":15900,"template":"","meta":{"_acf_changed":false,"site-sidebar-layout":"default","site-content-layout":"","ast-site-content-layout":"default","site-content-style":"default","site-sidebar-style":"default","ast-global-header-display":"","ast-banner-title-visibility":"","ast-main-header-display":"","ast-hfb-above-header-display":"","ast-hfb-below-header-display":"","ast-hfb-mobile-header-display":"","site-post-title":"","ast-breadcrumbs-content":"","ast-featured-img":"","footer-sml-layout":"","ast-disable-related-posts":"","theme-transparent-header-meta":"default","adv-header-id-meta":"","stick-header-meta":"","header-above-stick-meta":"","header-main-stick-meta":"","header-below-stick-meta":"","astra-migrate-meta-layouts":"default","ast-page-background-enabled":"default","ast-page-background-meta":{"desktop":{"background-color":"","background-image":"","background-repeat":"repeat","background-position":"center center","background-size":"auto","background-attachment":"scroll","background-type":"","background-media":"","overlay-type":"","overlay-color":"","overlay-opacity":"","overlay-gradient":""},"tablet":{"background-color":"","background-image":"","background-repeat":"repeat","background-position":"center center","background-size":"auto","background-attachment":"scroll","background-type":"","background-media":"","overlay-type":"","overlay-color":"","overlay-opacity":"","overlay-gradient":""},"mobile":{"background-color":"","background-image":"","background-repeat":"repeat","background-position":"center center","background-size":"auto","background-attachment":"scroll","background-type":"","background-media":"","overlay-type":"","overlay-color":"","overlay-opacity":"","overlay-gradient":""}},"ast-content-background-meta":{"desktop":{"background-color":"var(--ast-global-color-5)","background-image":"","background-repeat":"repeat","background-position":"center center","background-size":"auto","background-attachment":"scroll","background-type":"","background-media":"","overlay-type":"","overlay-color":"","overlay-opacity":"","overlay-gradient":""},"tablet":{"background-color":"var(--ast-global-color-5)","background-image":"","background-repeat":"repeat","background-position":"center center","background-size":"auto","background-attachment":"scroll","background-type":"","background-media":"","overlay-type":"","overlay-color":"","overlay-opacity":"","overlay-gradient":""},"mobile":{"background-color":"var(--ast-global-color-5)","background-image":"","background-repeat":"repeat","background-position":"center center","background-size":"auto","background-attachment":"scroll","background-type":"","background-media":"","overlay-type":"","overlay-color":"","overlay-opacity":"","overlay-gradient":""}}},"bauteilart":[603,618,617],"bauteil_subtyp":[609],"anwendung":[616],"funktionsgruppe":[612],"product_brand":[],"product_cat":[586],"product_tag":[],"class_list":{"0":"post-15899","1":"product","2":"type-product","3":"status-publish","4":"has-post-thumbnail","6":"bauteilart-element-przypominajacy-sciane","7":"bauteilart-komorka-pokoju","8":"bauteilart-komponent-wspornik-drazka","9":"bauteil_subtyp-solidna-sciana","10":"anwendung-polaczenie","11":"funktionsgruppe-zatwierdzony-sprawdzony-typ","12":"product_cat-technologia-polaczen","13":"desktop-align-left","14":"tablet-align-left","15":"mobile-align-left","17":"first","18":"instock","19":"shipping-taxable","20":"purchasable","21":"product-type-simple"},"acf":[],"_links":{"self":[{"href":"https:\/\/philipp-group.com\/pl\/wp-json\/wp\/v2\/product\/15899","targetHints":{"allow":["GET"]}}],"collection":[{"href":"https:\/\/philipp-group.com\/pl\/wp-json\/wp\/v2\/product"}],"about":[{"href":"https:\/\/philipp-group.com\/pl\/wp-json\/wp\/v2\/types\/product"}],"wp:featuredmedia":[{"embeddable":true,"href":"https:\/\/philipp-group.com\/pl\/wp-json\/wp\/v2\/media\/15900"}],"wp:attachment":[{"href":"https:\/\/philipp-group.com\/pl\/wp-json\/wp\/v2\/media?parent=15899"}],"wp:term":[{"taxonomy":"bauteilart","embeddable":true,"href":"https:\/\/philipp-group.com\/pl\/wp-json\/wp\/v2\/bauteilart?post=15899"},{"taxonomy":"bauteil_subtyp","embeddable":true,"href":"https:\/\/philipp-group.com\/pl\/wp-json\/wp\/v2\/bauteil_subtyp?post=15899"},{"taxonomy":"anwendung","embeddable":true,"href":"https:\/\/philipp-group.com\/pl\/wp-json\/wp\/v2\/anwendung?post=15899"},{"taxonomy":"funktionsgruppe","embeddable":true,"href":"https:\/\/philipp-group.com\/pl\/wp-json\/wp\/v2\/funktionsgruppe?post=15899"},{"taxonomy":"product_brand","embeddable":true,"href":"https:\/\/philipp-group.com\/pl\/wp-json\/wp\/v2\/product_brand?post=15899"},{"taxonomy":"product_cat","embeddable":true,"href":"https:\/\/philipp-group.com\/pl\/wp-json\/wp\/v2\/product_cat?post=15899"},{"taxonomy":"product_tag","embeddable":true,"href":"https:\/\/philipp-group.com\/pl\/wp-json\/wp\/v2\/product_tag?post=15899"}],"curies":[{"name":"wp","href":"https:\/\/api.w.org\/{rel}","templated":true}]}}