{"id":15902,"date":"2025-10-23T09:26:27","date_gmt":"2025-10-23T07:26:27","guid":{"rendered":"https:\/\/philipp-group.com\/produkt\/kolnierz-przeciwpozarowy\/"},"modified":"2026-02-25T17:20:47","modified_gmt":"2026-02-25T16:20:47","slug":"kolnierz-przeciwpozarowy","status":"publish","type":"product","link":"https:\/\/philipp-group.com\/pl\/produkt\/kolnierz-przeciwpozarowy\/","title":{"rendered":"PAKON Ko\u0142nierz przeciwpo\u017carowy"},"content":{"rendered":"<p>Ko\u0142nierz przeciwpo\u017carowy s\u0142u\u017cy do po\u0142\u0105czenia no\u015bno\u015bci i ochrony przeciwpo\u017carowej. Zapobiega on bezpo\u015bredniemu wystawieniu \u015bruby \u015bcinanej na dzia\u0142anie p\u0142omieni poprzez odleg\u0142o\u015b\u0107 monta\u017cow\u0105 mi\u0119dzy prefabrykatem a \u015bcian\u0105 klatki schodowej. Oznacza to, \u017ce specyfikacje dotycz\u0105ce ochrony przeciwpo\u017carowej i no\u015bno\u015bci mog\u0105 by\u0107 spe\u0142nione w przypadku po\u017caru.  <\/p>\n","protected":false},"excerpt":{"rendered":"<p>Ko\u0142nierz przeciwpo\u017carowy s\u0142u\u017cy do po\u0142\u0105czenia no\u015bno\u015bci i ochrony przeciwpo\u017carowej. Zapobiega on bezpo\u015bredniemu wystawieniu \u015bruby \u015bcinanej na dzia\u0142anie p\u0142omieni poprzez odleg\u0142o\u015b\u0107 monta\u017cow\u0105 mi\u0119dzy prefabrykatem a \u015bcian\u0105 klatki schodowej. Oznacza to, \u017ce specyfikacje dotycz\u0105ce ochrony przeciwpo\u017carowej i no\u015bno\u015bci mog\u0105 by\u0107 spe\u0142nione w przypadku po\u017caru.  <\/p>\n","protected":false},"featured_media":15903,"template":"","meta":{"_acf_changed":false,"site-sidebar-layout":"default","site-content-layout":"","ast-site-content-layout":"default","site-content-style":"default","site-sidebar-style":"default","ast-global-header-display":"","ast-banner-title-visibility":"","ast-main-header-display":"","ast-hfb-above-header-display":"","ast-hfb-below-header-display":"","ast-hfb-mobile-header-display":"","site-post-title":"","ast-breadcrumbs-content":"","ast-featured-img":"","footer-sml-layout":"","ast-disable-related-posts":"","theme-transparent-header-meta":"default","adv-header-id-meta":"","stick-header-meta":"","header-above-stick-meta":"","header-main-stick-meta":"","header-below-stick-meta":"","astra-migrate-meta-layouts":"default","ast-page-background-enabled":"default","ast-page-background-meta":{"desktop":{"background-color":"","background-image":"","background-repeat":"repeat","background-position":"center center","background-size":"auto","background-attachment":"scroll","background-type":"","background-media":"","overlay-type":"","overlay-color":"","overlay-opacity":"","overlay-gradient":""},"tablet":{"background-color":"","background-image":"","background-repeat":"repeat","background-position":"center center","background-size":"auto","background-attachment":"scroll","background-type":"","background-media":"","overlay-type":"","overlay-color":"","overlay-opacity":"","overlay-gradient":""},"mobile":{"background-color":"","background-image":"","background-repeat":"repeat","background-position":"center center","background-size":"auto","background-attachment":"scroll","background-type":"","background-media":"","overlay-type":"","overlay-color":"","overlay-opacity":"","overlay-gradient":""}},"ast-content-background-meta":{"desktop":{"background-color":"var(--ast-global-color-5)","background-image":"","background-repeat":"repeat","background-position":"center center","background-size":"auto","background-attachment":"scroll","background-type":"","background-media":"","overlay-type":"","overlay-color":"","overlay-opacity":"","overlay-gradient":""},"tablet":{"background-color":"var(--ast-global-color-5)","background-image":"","background-repeat":"repeat","background-position":"center center","background-size":"auto","background-attachment":"scroll","background-type":"","background-media":"","overlay-type":"","overlay-color":"","overlay-opacity":"","overlay-gradient":""},"mobile":{"background-color":"var(--ast-global-color-5)","background-image":"","background-repeat":"repeat","background-position":"center center","background-size":"auto","background-attachment":"scroll","background-type":"","background-media":"","overlay-type":"","overlay-color":"","overlay-opacity":"","overlay-gradient":""}}},"bauteilart":[],"bauteil_subtyp":[],"anwendung":[],"funktionsgruppe":[],"product_brand":[],"product_cat":[619],"product_tag":[],"class_list":{"0":"post-15902","1":"product","2":"type-product","3":"status-publish","4":"has-post-thumbnail","6":"product_cat-systemy-izolacji-dzwiekow-uderzeniowych","7":"desktop-align-left","8":"tablet-align-left","9":"mobile-align-left","11":"first","12":"instock","13":"shipping-taxable","14":"purchasable","15":"product-type-simple"},"acf":[],"_links":{"self":[{"href":"https:\/\/philipp-group.com\/pl\/wp-json\/wp\/v2\/product\/15902","targetHints":{"allow":["GET"]}}],"collection":[{"href":"https:\/\/philipp-group.com\/pl\/wp-json\/wp\/v2\/product"}],"about":[{"href":"https:\/\/philipp-group.com\/pl\/wp-json\/wp\/v2\/types\/product"}],"wp:featuredmedia":[{"embeddable":true,"href":"https:\/\/philipp-group.com\/pl\/wp-json\/wp\/v2\/media\/15903"}],"wp:attachment":[{"href":"https:\/\/philipp-group.com\/pl\/wp-json\/wp\/v2\/media?parent=15902"}],"wp:term":[{"taxonomy":"bauteilart","embeddable":true,"href":"https:\/\/philipp-group.com\/pl\/wp-json\/wp\/v2\/bauteilart?post=15902"},{"taxonomy":"bauteil_subtyp","embeddable":true,"href":"https:\/\/philipp-group.com\/pl\/wp-json\/wp\/v2\/bauteil_subtyp?post=15902"},{"taxonomy":"anwendung","embeddable":true,"href":"https:\/\/philipp-group.com\/pl\/wp-json\/wp\/v2\/anwendung?post=15902"},{"taxonomy":"funktionsgruppe","embeddable":true,"href":"https:\/\/philipp-group.com\/pl\/wp-json\/wp\/v2\/funktionsgruppe?post=15902"},{"taxonomy":"product_brand","embeddable":true,"href":"https:\/\/philipp-group.com\/pl\/wp-json\/wp\/v2\/product_brand?post=15902"},{"taxonomy":"product_cat","embeddable":true,"href":"https:\/\/philipp-group.com\/pl\/wp-json\/wp\/v2\/product_cat?post=15902"},{"taxonomy":"product_tag","embeddable":true,"href":"https:\/\/philipp-group.com\/pl\/wp-json\/wp\/v2\/product_tag?post=15902"}],"curies":[{"name":"wp","href":"https:\/\/api.w.org\/{rel}","templated":true}]}}