{"id":15906,"date":"2025-10-02T15:04:37","date_gmt":"2025-10-02T13:04:37","guid":{"rendered":"https:\/\/philipp-group.com\/produkt\/power-os\/"},"modified":"2026-02-25T16:57:03","modified_gmt":"2026-02-25T15:57:03","slug":"power-os","status":"publish","type":"product","link":"https:\/\/philipp-group.com\/pl\/produkt\/power-os\/","title":{"rendered":"Power OS"},"content":{"rendered":"<p>Szyna Power OS \u0142\u0105czy w sobie do\u015bwiadczenie znanych system\u00f3w po\u0142\u0105cze\u0144 z serii Power z wymaganiami konstrukcji betonowych in-situ. Zatwierdzone rozwi\u0105zanie do \u0142\u0105czenia element\u00f3w (p\u00f3\u0142)prefabrykowanych\/konstrukcji betonowych in-situ z elementami betonowymi in-situ lub elementami p\u00f3\u0142prefabrykowanymi sk\u0142ada si\u0119 tylko z jednego kana\u0142u. Wysokie warto\u015bci obliczeniowe dla wszystkich trzech kierunk\u00f3w dzia\u0142ania si\u0142y s\u0105 r\u00f3wnie\u017c dost\u0119pne w standardzie, co umo\u017cliwia szeroki zakres zastosowa\u0144.  <\/p>\n","protected":false},"excerpt":{"rendered":"<p>Szyna Power OS \u0142\u0105czy w sobie do\u015bwiadczenie znanych system\u00f3w po\u0142\u0105cze\u0144 z serii Power z wymaganiami konstrukcji betonowych in-situ. Zatwierdzone rozwi\u0105zanie do \u0142\u0105czenia element\u00f3w (p\u00f3\u0142)prefabrykowanych\/konstrukcji betonowych in-situ z elementami betonowymi in-situ lub elementami p\u00f3\u0142prefabrykowanymi sk\u0142ada si\u0119 tylko z jednego kana\u0142u. Wysokie warto\u015bci obliczeniowe dla wszystkich trzech kierunk\u00f3w dzia\u0142ania si\u0142y s\u0105 r\u00f3wnie\u017c dost\u0119pne w standardzie, co umo\u017cliwia szeroki zakres zastosowa\u0144.  <\/p>\n","protected":false},"featured_media":15908,"template":"","meta":{"_acf_changed":false,"site-sidebar-layout":"default","site-content-layout":"","ast-site-content-layout":"default","site-content-style":"default","site-sidebar-style":"default","ast-global-header-display":"","ast-banner-title-visibility":"","ast-main-header-display":"","ast-hfb-above-header-display":"","ast-hfb-below-header-display":"","ast-hfb-mobile-header-display":"","site-post-title":"","ast-breadcrumbs-content":"","ast-featured-img":"","footer-sml-layout":"","ast-disable-related-posts":"","theme-transparent-header-meta":"default","adv-header-id-meta":"","stick-header-meta":"","header-above-stick-meta":"","header-main-stick-meta":"","header-below-stick-meta":"","astra-migrate-meta-layouts":"default","ast-page-background-enabled":"default","ast-page-background-meta":{"desktop":{"background-color":"","background-image":"","background-repeat":"repeat","background-position":"center center","background-size":"auto","background-attachment":"scroll","background-type":"","background-media":"","overlay-type":"","overlay-color":"","overlay-opacity":"","overlay-gradient":""},"tablet":{"background-color":"","background-image":"","background-repeat":"repeat","background-position":"center center","background-size":"auto","background-attachment":"scroll","background-type":"","background-media":"","overlay-type":"","overlay-color":"","overlay-opacity":"","overlay-gradient":""},"mobile":{"background-color":"","background-image":"","background-repeat":"repeat","background-position":"center center","background-size":"auto","background-attachment":"scroll","background-type":"","background-media":"","overlay-type":"","overlay-color":"","overlay-opacity":"","overlay-gradient":""}},"ast-content-background-meta":{"desktop":{"background-color":"var(--ast-global-color-5)","background-image":"","background-repeat":"repeat","background-position":"center center","background-size":"auto","background-attachment":"scroll","background-type":"","background-media":"","overlay-type":"","overlay-color":"","overlay-opacity":"","overlay-gradient":""},"tablet":{"background-color":"var(--ast-global-color-5)","background-image":"","background-repeat":"repeat","background-position":"center center","background-size":"auto","background-attachment":"scroll","background-type":"","background-media":"","overlay-type":"","overlay-color":"","overlay-opacity":"","overlay-gradient":""},"mobile":{"background-color":"var(--ast-global-color-5)","background-image":"","background-repeat":"repeat","background-position":"center center","background-size":"auto","background-attachment":"scroll","background-type":"","background-media":"","overlay-type":"","overlay-color":"","overlay-opacity":"","overlay-gradient":""}}},"bauteilart":[603,617],"bauteil_subtyp":[609],"anwendung":[616],"funktionsgruppe":[612],"product_brand":[],"product_cat":[586],"product_tag":[],"class_list":{"0":"post-15906","1":"product","2":"type-product","3":"status-publish","4":"has-post-thumbnail","6":"bauteilart-element-przypominajacy-sciane","7":"bauteilart-komponent-wspornik-drazka","8":"bauteil_subtyp-solidna-sciana","9":"anwendung-polaczenie","10":"funktionsgruppe-zatwierdzony-sprawdzony-typ","11":"product_cat-technologia-polaczen","12":"desktop-align-left","13":"tablet-align-left","14":"mobile-align-left","16":"first","17":"instock","18":"shipping-taxable","19":"purchasable","20":"product-type-simple"},"acf":[],"_links":{"self":[{"href":"https:\/\/philipp-group.com\/pl\/wp-json\/wp\/v2\/product\/15906","targetHints":{"allow":["GET"]}}],"collection":[{"href":"https:\/\/philipp-group.com\/pl\/wp-json\/wp\/v2\/product"}],"about":[{"href":"https:\/\/philipp-group.com\/pl\/wp-json\/wp\/v2\/types\/product"}],"wp:featuredmedia":[{"embeddable":true,"href":"https:\/\/philipp-group.com\/pl\/wp-json\/wp\/v2\/media\/15908"}],"wp:attachment":[{"href":"https:\/\/philipp-group.com\/pl\/wp-json\/wp\/v2\/media?parent=15906"}],"wp:term":[{"taxonomy":"bauteilart","embeddable":true,"href":"https:\/\/philipp-group.com\/pl\/wp-json\/wp\/v2\/bauteilart?post=15906"},{"taxonomy":"bauteil_subtyp","embeddable":true,"href":"https:\/\/philipp-group.com\/pl\/wp-json\/wp\/v2\/bauteil_subtyp?post=15906"},{"taxonomy":"anwendung","embeddable":true,"href":"https:\/\/philipp-group.com\/pl\/wp-json\/wp\/v2\/anwendung?post=15906"},{"taxonomy":"funktionsgruppe","embeddable":true,"href":"https:\/\/philipp-group.com\/pl\/wp-json\/wp\/v2\/funktionsgruppe?post=15906"},{"taxonomy":"product_brand","embeddable":true,"href":"https:\/\/philipp-group.com\/pl\/wp-json\/wp\/v2\/product_brand?post=15906"},{"taxonomy":"product_cat","embeddable":true,"href":"https:\/\/philipp-group.com\/pl\/wp-json\/wp\/v2\/product_cat?post=15906"},{"taxonomy":"product_tag","embeddable":true,"href":"https:\/\/philipp-group.com\/pl\/wp-json\/wp\/v2\/product_tag?post=15906"}],"curies":[{"name":"wp","href":"https:\/\/api.w.org\/{rel}","templated":true}]}}