{"id":15913,"date":"2025-10-02T15:04:37","date_gmt":"2025-10-02T13:04:37","guid":{"rendered":"https:\/\/philipp-group.com\/produkt\/wspornik-zabezpieczajacy-krawedz\/"},"modified":"2026-02-25T17:03:13","modified_gmt":"2026-02-25T16:03:13","slug":"wspornik-zabezpieczajacy-krawedz","status":"publish","type":"product","link":"https:\/\/philipp-group.com\/pl\/produkt\/wspornik-zabezpieczajacy-krawedz\/","title":{"rendered":"Wspornik zabezpieczaj\u0105cy kraw\u0119d\u017a"},"content":{"rendered":"<p>K\u0105towniki ochronne kraw\u0119dzi s\u0142u\u017c\u0105 do zabezpieczania naro\u017cnik\u00f3w element\u00f3w betonowych, zapewniaj\u0105c w ten spos\u00f3b skuteczn\u0105 ochron\u0119 przed uszkodzeniem kraw\u0119dzi betonu.<\/p>\n","protected":false},"excerpt":{"rendered":"<p>K\u0105towniki ochronne kraw\u0119dzi s\u0142u\u017c\u0105 do zabezpieczania naro\u017cnik\u00f3w element\u00f3w betonowych, zapewniaj\u0105c w ten spos\u00f3b skuteczn\u0105 ochron\u0119 przed uszkodzeniem kraw\u0119dzi betonu.<\/p>\n","protected":false},"featured_media":15916,"template":"","meta":{"_acf_changed":false,"site-sidebar-layout":"default","site-content-layout":"","ast-site-content-layout":"default","site-content-style":"default","site-sidebar-style":"default","ast-global-header-display":"","ast-banner-title-visibility":"","ast-main-header-display":"","ast-hfb-above-header-display":"","ast-hfb-below-header-display":"","ast-hfb-mobile-header-display":"","site-post-title":"","ast-breadcrumbs-content":"","ast-featured-img":"","footer-sml-layout":"","ast-disable-related-posts":"","theme-transparent-header-meta":"default","adv-header-id-meta":"","stick-header-meta":"","header-above-stick-meta":"","header-main-stick-meta":"","header-below-stick-meta":"","astra-migrate-meta-layouts":"default","ast-page-background-enabled":"default","ast-page-background-meta":{"desktop":{"background-color":"","background-image":"","background-repeat":"repeat","background-position":"center center","background-size":"auto","background-attachment":"scroll","background-type":"","background-media":"","overlay-type":"","overlay-color":"","overlay-opacity":"","overlay-gradient":""},"tablet":{"background-color":"","background-image":"","background-repeat":"repeat","background-position":"center center","background-size":"auto","background-attachment":"scroll","background-type":"","background-media":"","overlay-type":"","overlay-color":"","overlay-opacity":"","overlay-gradient":""},"mobile":{"background-color":"","background-image":"","background-repeat":"repeat","background-position":"center center","background-size":"auto","background-attachment":"scroll","background-type":"","background-media":"","overlay-type":"","overlay-color":"","overlay-opacity":"","overlay-gradient":""}},"ast-content-background-meta":{"desktop":{"background-color":"var(--ast-global-color-5)","background-image":"","background-repeat":"repeat","background-position":"center center","background-size":"auto","background-attachment":"scroll","background-type":"","background-media":"","overlay-type":"","overlay-color":"","overlay-opacity":"","overlay-gradient":""},"tablet":{"background-color":"var(--ast-global-color-5)","background-image":"","background-repeat":"repeat","background-position":"center center","background-size":"auto","background-attachment":"scroll","background-type":"","background-media":"","overlay-type":"","overlay-color":"","overlay-opacity":"","overlay-gradient":""},"mobile":{"background-color":"var(--ast-global-color-5)","background-image":"","background-repeat":"repeat","background-position":"center center","background-size":"auto","background-attachment":"scroll","background-type":"","background-media":"","overlay-type":"","overlay-color":"","overlay-opacity":"","overlay-gradient":""}}},"bauteilart":[603,618,617],"bauteil_subtyp":[609],"anwendung":[622],"funktionsgruppe":[614],"product_brand":[],"product_cat":[623],"product_tag":[],"class_list":{"0":"post-15913","1":"product","2":"type-product","3":"status-publish","4":"has-post-thumbnail","6":"bauteilart-element-przypominajacy-sciane","7":"bauteilart-komorka-pokoju","8":"bauteilart-komponent-wspornik-drazka","9":"bauteil_subtyp-solidna-sciana","10":"anwendung-mocowanie","11":"funktionsgruppe-konstruktywny","12":"product_cat-technologia-mocowania","13":"desktop-align-left","14":"tablet-align-left","15":"mobile-align-left","17":"first","18":"instock","19":"shipping-taxable","20":"purchasable","21":"product-type-simple"},"acf":[],"_links":{"self":[{"href":"https:\/\/philipp-group.com\/pl\/wp-json\/wp\/v2\/product\/15913","targetHints":{"allow":["GET"]}}],"collection":[{"href":"https:\/\/philipp-group.com\/pl\/wp-json\/wp\/v2\/product"}],"about":[{"href":"https:\/\/philipp-group.com\/pl\/wp-json\/wp\/v2\/types\/product"}],"wp:featuredmedia":[{"embeddable":true,"href":"https:\/\/philipp-group.com\/pl\/wp-json\/wp\/v2\/media\/15916"}],"wp:attachment":[{"href":"https:\/\/philipp-group.com\/pl\/wp-json\/wp\/v2\/media?parent=15913"}],"wp:term":[{"taxonomy":"bauteilart","embeddable":true,"href":"https:\/\/philipp-group.com\/pl\/wp-json\/wp\/v2\/bauteilart?post=15913"},{"taxonomy":"bauteil_subtyp","embeddable":true,"href":"https:\/\/philipp-group.com\/pl\/wp-json\/wp\/v2\/bauteil_subtyp?post=15913"},{"taxonomy":"anwendung","embeddable":true,"href":"https:\/\/philipp-group.com\/pl\/wp-json\/wp\/v2\/anwendung?post=15913"},{"taxonomy":"funktionsgruppe","embeddable":true,"href":"https:\/\/philipp-group.com\/pl\/wp-json\/wp\/v2\/funktionsgruppe?post=15913"},{"taxonomy":"product_brand","embeddable":true,"href":"https:\/\/philipp-group.com\/pl\/wp-json\/wp\/v2\/product_brand?post=15913"},{"taxonomy":"product_cat","embeddable":true,"href":"https:\/\/philipp-group.com\/pl\/wp-json\/wp\/v2\/product_cat?post=15913"},{"taxonomy":"product_tag","embeddable":true,"href":"https:\/\/philipp-group.com\/pl\/wp-json\/wp\/v2\/product_tag?post=15913"}],"curies":[{"name":"wp","href":"https:\/\/api.w.org\/{rel}","templated":true}]}}