{"id":15963,"date":"2025-10-02T15:09:47","date_gmt":"2025-10-02T13:09:47","guid":{"rendered":"https:\/\/philipp-group.com\/produkt\/kotwa-kompaktowa-krotka-sr\/"},"modified":"2026-02-26T13:31:04","modified_gmt":"2026-02-26T12:31:04","slug":"kotwa-kompaktowa-krotka-sr","status":"publish","type":"product","link":"https:\/\/philipp-group.com\/pl\/produkt\/kotwa-kompaktowa-krotka-sr\/","title":{"rendered":"Kotwa kompaktowa &#8211; kr\u00f3tka (SR)"},"content":{"rendered":"<p>Ze wzgl\u0119du na niewielk\u0105 g\u0142\u0119boko\u015b\u0107 zakotwienia, kotwy kompaktowe SR o kr\u00f3tkiej konstrukcji s\u0105 idealnym rozwi\u0105zaniem dla lekkich, cienkich, p\u0142ytowych prefabrykat\u00f3w betonowych. Dla tego typu kotew dost\u0119pne s\u0105 bez ogranicze\u0144 osiowe i uko\u015bne kierunki obci\u0105\u017cenia rozci\u0105gaj\u0105cego. <\/p>\n","protected":false},"excerpt":{"rendered":"<p>Ze wzgl\u0119du na niewielk\u0105 g\u0142\u0119boko\u015b\u0107 zakotwienia, kotwy kompaktowe SR o kr\u00f3tkiej konstrukcji s\u0105 idealnym rozwi\u0105zaniem dla lekkich, cienkich, p\u0142ytowych prefabrykat\u00f3w betonowych. Dla tego typu kotew dost\u0119pne s\u0105 bez ogranicze\u0144 osiowe i uko\u015bne kierunki obci\u0105\u017cenia rozci\u0105gaj\u0105cego. <\/p>\n","protected":false},"featured_media":15965,"template":"","meta":{"_acf_changed":false,"site-sidebar-layout":"default","site-content-layout":"","ast-site-content-layout":"default","site-content-style":"default","site-sidebar-style":"default","ast-global-header-display":"","ast-banner-title-visibility":"","ast-main-header-display":"","ast-hfb-above-header-display":"","ast-hfb-below-header-display":"","ast-hfb-mobile-header-display":"","site-post-title":"","ast-breadcrumbs-content":"","ast-featured-img":"","footer-sml-layout":"","ast-disable-related-posts":"","theme-transparent-header-meta":"default","adv-header-id-meta":"","stick-header-meta":"","header-above-stick-meta":"","header-main-stick-meta":"","header-below-stick-meta":"","astra-migrate-meta-layouts":"default","ast-page-background-enabled":"default","ast-page-background-meta":{"desktop":{"background-color":"","background-image":"","background-repeat":"repeat","background-position":"center center","background-size":"auto","background-attachment":"scroll","background-type":"","background-media":"","overlay-type":"","overlay-color":"","overlay-opacity":"","overlay-gradient":""},"tablet":{"background-color":"","background-image":"","background-repeat":"repeat","background-position":"center center","background-size":"auto","background-attachment":"scroll","background-type":"","background-media":"","overlay-type":"","overlay-color":"","overlay-opacity":"","overlay-gradient":""},"mobile":{"background-color":"","background-image":"","background-repeat":"repeat","background-position":"center center","background-size":"auto","background-attachment":"scroll","background-type":"","background-media":"","overlay-type":"","overlay-color":"","overlay-opacity":"","overlay-gradient":""}},"ast-content-background-meta":{"desktop":{"background-color":"var(--ast-global-color-5)","background-image":"","background-repeat":"repeat","background-position":"center center","background-size":"auto","background-attachment":"scroll","background-type":"","background-media":"","overlay-type":"","overlay-color":"","overlay-opacity":"","overlay-gradient":""},"tablet":{"background-color":"var(--ast-global-color-5)","background-image":"","background-repeat":"repeat","background-position":"center center","background-size":"auto","background-attachment":"scroll","background-type":"","background-media":"","overlay-type":"","overlay-color":"","overlay-opacity":"","overlay-gradient":""},"mobile":{"background-color":"var(--ast-global-color-5)","background-image":"","background-repeat":"repeat","background-position":"center center","background-size":"auto","background-attachment":"scroll","background-type":"","background-media":"","overlay-type":"","overlay-color":"","overlay-opacity":"","overlay-gradient":""}}},"bauteilart":[606,621],"bauteil_subtyp":[],"anwendung":[587],"funktionsgruppe":[588],"product_brand":[],"product_cat":[584],"product_tag":[],"class_list":{"0":"post-15963","1":"product","2":"type-product","3":"status-publish","4":"has-post-thumbnail","6":"bauteilart-element-przypominajacy-plyte","7":"bauteilart-schody","8":"anwendung-transport","9":"funktionsgruppe-gwintowany-system-kotwic-transportowych","10":"product_cat-system-zasilania-sr","11":"desktop-align-left","12":"tablet-align-left","13":"mobile-align-left","15":"first","16":"instock","17":"shipping-taxable","18":"purchasable","19":"product-type-simple"},"acf":[],"_links":{"self":[{"href":"https:\/\/philipp-group.com\/pl\/wp-json\/wp\/v2\/product\/15963","targetHints":{"allow":["GET"]}}],"collection":[{"href":"https:\/\/philipp-group.com\/pl\/wp-json\/wp\/v2\/product"}],"about":[{"href":"https:\/\/philipp-group.com\/pl\/wp-json\/wp\/v2\/types\/product"}],"wp:featuredmedia":[{"embeddable":true,"href":"https:\/\/philipp-group.com\/pl\/wp-json\/wp\/v2\/media\/15965"}],"wp:attachment":[{"href":"https:\/\/philipp-group.com\/pl\/wp-json\/wp\/v2\/media?parent=15963"}],"wp:term":[{"taxonomy":"bauteilart","embeddable":true,"href":"https:\/\/philipp-group.com\/pl\/wp-json\/wp\/v2\/bauteilart?post=15963"},{"taxonomy":"bauteil_subtyp","embeddable":true,"href":"https:\/\/philipp-group.com\/pl\/wp-json\/wp\/v2\/bauteil_subtyp?post=15963"},{"taxonomy":"anwendung","embeddable":true,"href":"https:\/\/philipp-group.com\/pl\/wp-json\/wp\/v2\/anwendung?post=15963"},{"taxonomy":"funktionsgruppe","embeddable":true,"href":"https:\/\/philipp-group.com\/pl\/wp-json\/wp\/v2\/funktionsgruppe?post=15963"},{"taxonomy":"product_brand","embeddable":true,"href":"https:\/\/philipp-group.com\/pl\/wp-json\/wp\/v2\/product_brand?post=15963"},{"taxonomy":"product_cat","embeddable":true,"href":"https:\/\/philipp-group.com\/pl\/wp-json\/wp\/v2\/product_cat?post=15963"},{"taxonomy":"product_tag","embeddable":true,"href":"https:\/\/philipp-group.com\/pl\/wp-json\/wp\/v2\/product_tag?post=15963"}],"curies":[{"name":"wp","href":"https:\/\/api.w.org\/{rel}","templated":true}]}}