{"id":15996,"date":"2025-10-02T15:09:49","date_gmt":"2025-10-02T13:09:49","guid":{"rendered":"https:\/\/philipp-group.com\/produkt\/kotwica-z-petla-transportowa\/"},"modified":"2026-02-25T16:48:22","modified_gmt":"2026-02-25T15:48:22","slug":"kotwica-z-petla-transportowa","status":"publish","type":"product","link":"https:\/\/philipp-group.com\/pl\/produkt\/kotwica-z-petla-transportowa\/","title":{"rendered":"Kotwica z p\u0119tl\u0105 transportow\u0105"},"content":{"rendered":"<p>System p\u0119tli transportowych jest przeznaczony na przyk\u0142ad do transportu rur i element\u00f3w studzienek, cystern i separator\u00f3w. Sk\u0142ada si\u0119 on z rzeczywistej kotwy w betonie, powi\u0105zanego urz\u0105dzenia no\u015bnego (p\u0119tli) i urz\u0105dzenia \u0142\u0105cz\u0105cego (\u015bruby). <\/p>\n","protected":false},"excerpt":{"rendered":"<p>System p\u0119tli transportowych jest przeznaczony na przyk\u0142ad do transportu rur i element\u00f3w studzienek, cystern i separator\u00f3w. Sk\u0142ada si\u0119 on z rzeczywistej kotwy w betonie, powi\u0105zanego urz\u0105dzenia no\u015bnego (p\u0119tli) i urz\u0105dzenia \u0142\u0105cz\u0105cego (\u015bruby). <\/p>\n","protected":false},"featured_media":15998,"template":"","meta":{"_acf_changed":false,"site-sidebar-layout":"default","site-content-layout":"","ast-site-content-layout":"default","site-content-style":"default","site-sidebar-style":"default","ast-global-header-display":"","ast-banner-title-visibility":"","ast-main-header-display":"","ast-hfb-above-header-display":"","ast-hfb-below-header-display":"","ast-hfb-mobile-header-display":"","site-post-title":"","ast-breadcrumbs-content":"","ast-featured-img":"","footer-sml-layout":"","ast-disable-related-posts":"","theme-transparent-header-meta":"default","adv-header-id-meta":"","stick-header-meta":"","header-above-stick-meta":"","header-main-stick-meta":"","header-below-stick-meta":"","astra-migrate-meta-layouts":"default","ast-page-background-enabled":"default","ast-page-background-meta":{"desktop":{"background-color":"","background-image":"","background-repeat":"repeat","background-position":"center center","background-size":"auto","background-attachment":"scroll","background-type":"","background-media":"","overlay-type":"","overlay-color":"","overlay-opacity":"","overlay-gradient":""},"tablet":{"background-color":"","background-image":"","background-repeat":"repeat","background-position":"center center","background-size":"auto","background-attachment":"scroll","background-type":"","background-media":"","overlay-type":"","overlay-color":"","overlay-opacity":"","overlay-gradient":""},"mobile":{"background-color":"","background-image":"","background-repeat":"repeat","background-position":"center center","background-size":"auto","background-attachment":"scroll","background-type":"","background-media":"","overlay-type":"","overlay-color":"","overlay-opacity":"","overlay-gradient":""}},"ast-content-background-meta":{"desktop":{"background-color":"var(--ast-global-color-5)","background-image":"","background-repeat":"repeat","background-position":"center center","background-size":"auto","background-attachment":"scroll","background-type":"","background-media":"","overlay-type":"","overlay-color":"","overlay-opacity":"","overlay-gradient":""},"tablet":{"background-color":"var(--ast-global-color-5)","background-image":"","background-repeat":"repeat","background-position":"center center","background-size":"auto","background-attachment":"scroll","background-type":"","background-media":"","overlay-type":"","overlay-color":"","overlay-opacity":"","overlay-gradient":""},"mobile":{"background-color":"var(--ast-global-color-5)","background-image":"","background-repeat":"repeat","background-position":"center center","background-size":"auto","background-attachment":"scroll","background-type":"","background-media":"","overlay-type":"","overlay-color":"","overlay-opacity":"","overlay-gradient":""}}},"bauteilart":[629,627],"bauteil_subtyp":[],"anwendung":[587],"funktionsgruppe":[588],"product_brand":[],"product_cat":[583,589,630,582],"product_tag":[],"class_list":{"0":"post-15996","1":"product","2":"type-product","3":"status-publish","4":"has-post-thumbnail","6":"bauteilart-rura","7":"bauteilart-wlaz-pojemnik","8":"anwendung-transport","9":"funktionsgruppe-gwintowany-system-kotwic-transportowych","10":"product_cat-gwintowane-systemy-kotew-transportowych","11":"product_cat-kotwica-transportowa","12":"product_cat-system-tps","13":"product_cat-systemy-kotwic-transportowych","14":"desktop-align-left","15":"tablet-align-left","16":"mobile-align-left","18":"first","19":"instock","20":"shipping-taxable","21":"purchasable","22":"product-type-simple"},"acf":[],"_links":{"self":[{"href":"https:\/\/philipp-group.com\/pl\/wp-json\/wp\/v2\/product\/15996","targetHints":{"allow":["GET"]}}],"collection":[{"href":"https:\/\/philipp-group.com\/pl\/wp-json\/wp\/v2\/product"}],"about":[{"href":"https:\/\/philipp-group.com\/pl\/wp-json\/wp\/v2\/types\/product"}],"wp:featuredmedia":[{"embeddable":true,"href":"https:\/\/philipp-group.com\/pl\/wp-json\/wp\/v2\/media\/15998"}],"wp:attachment":[{"href":"https:\/\/philipp-group.com\/pl\/wp-json\/wp\/v2\/media?parent=15996"}],"wp:term":[{"taxonomy":"bauteilart","embeddable":true,"href":"https:\/\/philipp-group.com\/pl\/wp-json\/wp\/v2\/bauteilart?post=15996"},{"taxonomy":"bauteil_subtyp","embeddable":true,"href":"https:\/\/philipp-group.com\/pl\/wp-json\/wp\/v2\/bauteil_subtyp?post=15996"},{"taxonomy":"anwendung","embeddable":true,"href":"https:\/\/philipp-group.com\/pl\/wp-json\/wp\/v2\/anwendung?post=15996"},{"taxonomy":"funktionsgruppe","embeddable":true,"href":"https:\/\/philipp-group.com\/pl\/wp-json\/wp\/v2\/funktionsgruppe?post=15996"},{"taxonomy":"product_brand","embeddable":true,"href":"https:\/\/philipp-group.com\/pl\/wp-json\/wp\/v2\/product_brand?post=15996"},{"taxonomy":"product_cat","embeddable":true,"href":"https:\/\/philipp-group.com\/pl\/wp-json\/wp\/v2\/product_cat?post=15996"},{"taxonomy":"product_tag","embeddable":true,"href":"https:\/\/philipp-group.com\/pl\/wp-json\/wp\/v2\/product_tag?post=15996"}],"curies":[{"name":"wp","href":"https:\/\/api.w.org\/{rel}","templated":true}]}}