{"id":16011,"date":"2025-10-02T15:09:50","date_gmt":"2025-10-02T13:09:50","guid":{"rendered":"https:\/\/philipp-group.com\/produkt\/lozysko-stalowe-phitt\/"},"modified":"2026-02-19T13:18:10","modified_gmt":"2026-02-19T12:18:10","slug":"lozysko-stalowe-phitt","status":"publish","type":"product","link":"https:\/\/philipp-group.com\/pl\/produkt\/lozysko-stalowe-phitt\/","title":{"rendered":"Wsporniki stalowe PHiTT"},"content":{"rendered":"<div>Stalowe podparcie PHiTT to wydajne rozwi\u0105zanie dla prefabrykowanych konstrukcji betonowych, szczeg\u00f3lnie w przypadku p\u0142yt \u017cebrowych, podci\u0105g\u00f3w i konstrukcji halowych. Umo\u017cliwia ekonomicznie zoptymalizowan\u0105 metod\u0119 budowy o wysokiej no\u015bno\u015bci i obni\u017conych kosztach budowy. Integracja z klatk\u0105 zbrojeniow\u0105 elementu p\u00f3\u0142prefabrykowanego zapewnia 100% prefabrykacj\u0119, co gwarantuje sta\u0142\u0105 jako\u015b\u0107 i szybki monta\u017c. PHiTT sk\u0142ada si\u0119 z dw\u00f3ch profili U przyspawanych do stalowej p\u0142yty i przyspawanych pr\u0119t\u00f3w zbrojeniowych dla bezpiecznego przenoszenia obci\u0105\u017ce\u0144. Zalety obejmuj\u0105 uproszczone planowanie strukturalne bez zawias\u00f3w wspornikowych, zmniejszon\u0105 wysoko\u015b\u0107 konstrukcji i elastyczne sekwencje monta\u017cu. Dzi\u0119ki pi\u0119ciu wariantom, PHiTT obejmuje r\u00f3\u017cne klasy obci\u0105\u017ce\u0144 i zosta\u0142 przetestowany statycznie. Przyjazne dla u\u017cytkownika oprogramowanie jest dost\u0119pne do wymiarowania, umo\u017cliwiaj\u0105c szybkie i niezawodne planowanie.      <\/div>\n","protected":false},"excerpt":{"rendered":"<p><strong>PHiTT &#8211; stalowe podparcie zapewniaj\u0105ce maksymaln\u0105 wydajno\u015b\u0107 w prefabrykowanych konstrukcjach betonowych.<\/strong><br \/>\nWysoka no\u015bno\u015b\u0107, zredukowana wysoko\u015b\u0107 ca\u0142kowita i szybki monta\u017c sprawiaj\u0105, \u017ce PHiTT jest idealnym rozwi\u0105zaniem dla strop\u00f3w \u017cebrowych i belek. Sprawdzone pod wzgl\u0119dem typu, przyjazne w projektowaniu i w 100% prefabrykowane &#8211; dla lepszej jako\u015bci i efektywno\u015bci kosztowej w ka\u017cdym projekcie. <\/p>\n","protected":false},"featured_media":16013,"template":"","meta":{"_acf_changed":false,"site-sidebar-layout":"default","site-content-layout":"","ast-site-content-layout":"default","site-content-style":"default","site-sidebar-style":"default","ast-global-header-display":"","ast-banner-title-visibility":"","ast-main-header-display":"","ast-hfb-above-header-display":"","ast-hfb-below-header-display":"","ast-hfb-mobile-header-display":"","site-post-title":"","ast-breadcrumbs-content":"","ast-featured-img":"","footer-sml-layout":"","ast-disable-related-posts":"","theme-transparent-header-meta":"default","adv-header-id-meta":"","stick-header-meta":"","header-above-stick-meta":"","header-main-stick-meta":"","header-below-stick-meta":"","astra-migrate-meta-layouts":"default","ast-page-background-enabled":"default","ast-page-background-meta":{"desktop":{"background-color":"","background-image":"","background-repeat":"repeat","background-position":"center center","background-size":"auto","background-attachment":"scroll","background-type":"","background-media":"","overlay-type":"","overlay-color":"","overlay-opacity":"","overlay-gradient":""},"tablet":{"background-color":"","background-image":"","background-repeat":"repeat","background-position":"center center","background-size":"auto","background-attachment":"scroll","background-type":"","background-media":"","overlay-type":"","overlay-color":"","overlay-opacity":"","overlay-gradient":""},"mobile":{"background-color":"","background-image":"","background-repeat":"repeat","background-position":"center center","background-size":"auto","background-attachment":"scroll","background-type":"","background-media":"","overlay-type":"","overlay-color":"","overlay-opacity":"","overlay-gradient":""}},"ast-content-background-meta":{"desktop":{"background-color":"var(--ast-global-color-5)","background-image":"","background-repeat":"repeat","background-position":"center center","background-size":"auto","background-attachment":"scroll","background-type":"","background-media":"","overlay-type":"","overlay-color":"","overlay-opacity":"","overlay-gradient":""},"tablet":{"background-color":"var(--ast-global-color-5)","background-image":"","background-repeat":"repeat","background-position":"center center","background-size":"auto","background-attachment":"scroll","background-type":"","background-media":"","overlay-type":"","overlay-color":"","overlay-opacity":"","overlay-gradient":""},"mobile":{"background-color":"var(--ast-global-color-5)","background-image":"","background-repeat":"repeat","background-position":"center center","background-size":"auto","background-attachment":"scroll","background-type":"","background-media":"","overlay-type":"","overlay-color":"","overlay-opacity":"","overlay-gradient":""}}},"bauteilart":[606,624],"bauteil_subtyp":[],"anwendung":[616],"funktionsgruppe":[612],"product_brand":[],"product_cat":[586],"product_tag":[],"class_list":{"0":"post-16011","1":"product","2":"type-product","3":"status-publish","4":"has-post-thumbnail","6":"bauteilart-element-przypominajacy-plyte","7":"bauteilart-segregator","8":"anwendung-polaczenie","9":"funktionsgruppe-zatwierdzony-sprawdzony-typ","10":"product_cat-technologia-polaczen","11":"desktop-align-left","12":"tablet-align-left","13":"mobile-align-left","15":"first","16":"instock","17":"shipping-taxable","18":"purchasable","19":"product-type-simple"},"acf":[],"_links":{"self":[{"href":"https:\/\/philipp-group.com\/pl\/wp-json\/wp\/v2\/product\/16011","targetHints":{"allow":["GET"]}}],"collection":[{"href":"https:\/\/philipp-group.com\/pl\/wp-json\/wp\/v2\/product"}],"about":[{"href":"https:\/\/philipp-group.com\/pl\/wp-json\/wp\/v2\/types\/product"}],"wp:featuredmedia":[{"embeddable":true,"href":"https:\/\/philipp-group.com\/pl\/wp-json\/wp\/v2\/media\/16013"}],"wp:attachment":[{"href":"https:\/\/philipp-group.com\/pl\/wp-json\/wp\/v2\/media?parent=16011"}],"wp:term":[{"taxonomy":"bauteilart","embeddable":true,"href":"https:\/\/philipp-group.com\/pl\/wp-json\/wp\/v2\/bauteilart?post=16011"},{"taxonomy":"bauteil_subtyp","embeddable":true,"href":"https:\/\/philipp-group.com\/pl\/wp-json\/wp\/v2\/bauteil_subtyp?post=16011"},{"taxonomy":"anwendung","embeddable":true,"href":"https:\/\/philipp-group.com\/pl\/wp-json\/wp\/v2\/anwendung?post=16011"},{"taxonomy":"funktionsgruppe","embeddable":true,"href":"https:\/\/philipp-group.com\/pl\/wp-json\/wp\/v2\/funktionsgruppe?post=16011"},{"taxonomy":"product_brand","embeddable":true,"href":"https:\/\/philipp-group.com\/pl\/wp-json\/wp\/v2\/product_brand?post=16011"},{"taxonomy":"product_cat","embeddable":true,"href":"https:\/\/philipp-group.com\/pl\/wp-json\/wp\/v2\/product_cat?post=16011"},{"taxonomy":"product_tag","embeddable":true,"href":"https:\/\/philipp-group.com\/pl\/wp-json\/wp\/v2\/product_tag?post=16011"}],"curies":[{"name":"wp","href":"https:\/\/api.w.org\/{rel}","templated":true}]}}