{"id":16130,"date":"2025-10-02T15:09:44","date_gmt":"2025-10-02T13:09:44","guid":{"rendered":"https:\/\/philipp-group.com\/produkt\/skrzynia-do-podnoszenia-lin-stalowych\/"},"modified":"2026-02-25T16:53:46","modified_gmt":"2026-02-25T15:53:46","slug":"skrzynia-do-podnoszenia-lin-stalowych","status":"publish","type":"product","link":"https:\/\/philipp-group.com\/pl\/produkt\/skrzynia-do-podnoszenia-lin-stalowych\/","title":{"rendered":"Skrzynia do podnoszenia lin stalowych"},"content":{"rendered":"<p>Dzi\u0119ki elastycznemu zakotwieniu ko\u0144cowemu, skrzynka do podnoszenia lin stalowych pokazuje swoj\u0105 si\u0142\u0119 szczeg\u00f3lnie w elementach \u015bciennych o delikatnych obszarach sk\u0142adowych, takich jak smuk\u0142e \u015brodniki lub w\u0105skie obszary nadpro\u017ca. Prosta obs\u0142uga i bezpo\u015brednie mocowanie bez sprz\u0119tu no\u015bnego stanowi\u0105 ekonomiczne, wysokowydajne rozwi\u0105zanie dla ma\u0142ych i \u015brednich element\u00f3w \u017celbetowych. Po\u0142\u0105czenie wiedzy specjalistycznej w zakresie technologii po\u0142\u0105cze\u0144 i mechanizm\u00f3w znormalizowanych kotew transportowych zapewnia typ kotwy o standardowo wysokiej jako\u015bci i standardach bezpiecze\u0144stwa.  <\/p>\n","protected":false},"excerpt":{"rendered":"<p>Dzi\u0119ki elastycznemu zakotwieniu ko\u0144cowemu, skrzynka do podnoszenia lin stalowych pokazuje swoj\u0105 si\u0142\u0119 szczeg\u00f3lnie w elementach \u015bciennych o delikatnych obszarach sk\u0142adowych, takich jak smuk\u0142e \u015brodniki lub w\u0105skie obszary nadpro\u017ca. Prosta obs\u0142uga i bezpo\u015brednie mocowanie bez sprz\u0119tu no\u015bnego stanowi\u0105 ekonomiczne, wysokowydajne rozwi\u0105zanie dla ma\u0142ych i \u015brednich element\u00f3w \u017celbetowych. Po\u0142\u0105czenie wiedzy specjalistycznej w zakresie technologii po\u0142\u0105cze\u0144 i mechanizm\u00f3w znormalizowanych kotew transportowych zapewnia typ kotwy o standardowo wysokiej jako\u015bci i standardach bezpiecze\u0144stwa.  <\/p>\n","protected":false},"featured_media":16131,"template":"","meta":{"_acf_changed":false,"site-sidebar-layout":"default","site-content-layout":"","ast-site-content-layout":"default","site-content-style":"default","site-sidebar-style":"default","ast-global-header-display":"","ast-banner-title-visibility":"","ast-main-header-display":"","ast-hfb-above-header-display":"","ast-hfb-below-header-display":"","ast-hfb-mobile-header-display":"","site-post-title":"","ast-breadcrumbs-content":"","ast-featured-img":"","footer-sml-layout":"","ast-disable-related-posts":"","theme-transparent-header-meta":"default","adv-header-id-meta":"","stick-header-meta":"","header-above-stick-meta":"","header-main-stick-meta":"","header-below-stick-meta":"","astra-migrate-meta-layouts":"default","ast-page-background-enabled":"default","ast-page-background-meta":{"desktop":{"background-color":"","background-image":"","background-repeat":"repeat","background-position":"center center","background-size":"auto","background-attachment":"scroll","background-type":"","background-media":"","overlay-type":"","overlay-color":"","overlay-opacity":"","overlay-gradient":""},"tablet":{"background-color":"","background-image":"","background-repeat":"repeat","background-position":"center center","background-size":"auto","background-attachment":"scroll","background-type":"","background-media":"","overlay-type":"","overlay-color":"","overlay-opacity":"","overlay-gradient":""},"mobile":{"background-color":"","background-image":"","background-repeat":"repeat","background-position":"center center","background-size":"auto","background-attachment":"scroll","background-type":"","background-media":"","overlay-type":"","overlay-color":"","overlay-opacity":"","overlay-gradient":""}},"ast-content-background-meta":{"desktop":{"background-color":"var(--ast-global-color-5)","background-image":"","background-repeat":"repeat","background-position":"center center","background-size":"auto","background-attachment":"scroll","background-type":"","background-media":"","overlay-type":"","overlay-color":"","overlay-opacity":"","overlay-gradient":""},"tablet":{"background-color":"var(--ast-global-color-5)","background-image":"","background-repeat":"repeat","background-position":"center center","background-size":"auto","background-attachment":"scroll","background-type":"","background-media":"","overlay-type":"","overlay-color":"","overlay-opacity":"","overlay-gradient":""},"mobile":{"background-color":"var(--ast-global-color-5)","background-image":"","background-repeat":"repeat","background-position":"center center","background-size":"auto","background-attachment":"scroll","background-type":"","background-media":"","overlay-type":"","overlay-color":"","overlay-opacity":"","overlay-gradient":""}}},"bauteilart":[603],"bauteil_subtyp":[609],"anwendung":[587],"funktionsgruppe":[607],"product_brand":[],"product_cat":[589,608,582],"product_tag":[],"class_list":{"0":"post-16130","1":"product","2":"type-product","3":"status-publish","4":"has-post-thumbnail","6":"bauteilart-element-przypominajacy-sciane","7":"bauteil_subtyp-solidna-sciana","8":"anwendung-transport","9":"funktionsgruppe-petle-podnoszenia","10":"product_cat-kotwica-transportowa","11":"product_cat-petle-podnoszenia","12":"product_cat-systemy-kotwic-transportowych","13":"desktop-align-left","14":"tablet-align-left","15":"mobile-align-left","17":"first","18":"instock","19":"shipping-taxable","20":"purchasable","21":"product-type-simple"},"acf":[],"_links":{"self":[{"href":"https:\/\/philipp-group.com\/pl\/wp-json\/wp\/v2\/product\/16130","targetHints":{"allow":["GET"]}}],"collection":[{"href":"https:\/\/philipp-group.com\/pl\/wp-json\/wp\/v2\/product"}],"about":[{"href":"https:\/\/philipp-group.com\/pl\/wp-json\/wp\/v2\/types\/product"}],"wp:featuredmedia":[{"embeddable":true,"href":"https:\/\/philipp-group.com\/pl\/wp-json\/wp\/v2\/media\/16131"}],"wp:attachment":[{"href":"https:\/\/philipp-group.com\/pl\/wp-json\/wp\/v2\/media?parent=16130"}],"wp:term":[{"taxonomy":"bauteilart","embeddable":true,"href":"https:\/\/philipp-group.com\/pl\/wp-json\/wp\/v2\/bauteilart?post=16130"},{"taxonomy":"bauteil_subtyp","embeddable":true,"href":"https:\/\/philipp-group.com\/pl\/wp-json\/wp\/v2\/bauteil_subtyp?post=16130"},{"taxonomy":"anwendung","embeddable":true,"href":"https:\/\/philipp-group.com\/pl\/wp-json\/wp\/v2\/anwendung?post=16130"},{"taxonomy":"funktionsgruppe","embeddable":true,"href":"https:\/\/philipp-group.com\/pl\/wp-json\/wp\/v2\/funktionsgruppe?post=16130"},{"taxonomy":"product_brand","embeddable":true,"href":"https:\/\/philipp-group.com\/pl\/wp-json\/wp\/v2\/product_brand?post=16130"},{"taxonomy":"product_cat","embeddable":true,"href":"https:\/\/philipp-group.com\/pl\/wp-json\/wp\/v2\/product_cat?post=16130"},{"taxonomy":"product_tag","embeddable":true,"href":"https:\/\/philipp-group.com\/pl\/wp-json\/wp\/v2\/product_tag?post=16130"}],"curies":[{"name":"wp","href":"https:\/\/api.w.org\/{rel}","templated":true}]}}