{"id":16133,"date":"2025-10-02T15:09:45","date_gmt":"2025-10-02T13:09:45","guid":{"rendered":"https:\/\/philipp-group.com\/produkt\/kotwica-kompaktowa-sr\/"},"modified":"2026-02-25T16:45:57","modified_gmt":"2026-02-25T15:45:57","slug":"kotwica-kompaktowa-sr","status":"publish","type":"product","link":"https:\/\/philipp-group.com\/pl\/produkt\/kotwica-kompaktowa-sr\/","title":{"rendered":"Kotwica kompaktowa (SR)"},"content":{"rendered":"<p>Po\u0142\u0105czenie g\u0142adkiej, okr\u0105g\u0142ej stali i odwr\u00f3conej podstawy zapewnia kotwie kompaktowej SR niezwykle szeroki zakres zastosowa\u0144. Ze wzgl\u0119du na niewielk\u0105 g\u0142\u0119boko\u015b\u0107 zakotwienia, kotwy kompaktowe s\u0105 zazwyczaj odpowiednie do specjalnych geometrii \u015bcian o ograniczonej przestrzeni, ale tak\u017ce do stosowania na przyk\u0142ad na schodach. Za pomoc\u0105 kotew kompaktowych mo\u017cna \u0142atwo realizowa\u0107 napr\u0119\u017cenia osiowe, uko\u015bne i poprzeczne.  <\/p>\n","protected":false},"excerpt":{"rendered":"<p>Po\u0142\u0105czenie g\u0142adkiej, okr\u0105g\u0142ej stali i odwr\u00f3conej podstawy zapewnia kotwie kompaktowej SR niezwykle szeroki zakres zastosowa\u0144. Ze wzgl\u0119du na niewielk\u0105 g\u0142\u0119boko\u015b\u0107 zakotwienia, kotwy kompaktowe s\u0105 zazwyczaj odpowiednie do specjalnych geometrii \u015bcian o ograniczonej przestrzeni, ale tak\u017ce do stosowania na przyk\u0142ad na schodach. Za pomoc\u0105 kotew kompaktowych mo\u017cna \u0142atwo realizowa\u0107 napr\u0119\u017cenia osiowe, uko\u015bne i poprzeczne.  <\/p>\n","protected":false},"featured_media":16134,"template":"","meta":{"_acf_changed":false,"site-sidebar-layout":"default","site-content-layout":"","ast-site-content-layout":"default","site-content-style":"default","site-sidebar-style":"default","ast-global-header-display":"","ast-banner-title-visibility":"","ast-main-header-display":"","ast-hfb-above-header-display":"","ast-hfb-below-header-display":"","ast-hfb-mobile-header-display":"","site-post-title":"","ast-breadcrumbs-content":"","ast-featured-img":"","footer-sml-layout":"","ast-disable-related-posts":"","theme-transparent-header-meta":"default","adv-header-id-meta":"","stick-header-meta":"","header-above-stick-meta":"","header-main-stick-meta":"","header-below-stick-meta":"","astra-migrate-meta-layouts":"default","ast-page-background-enabled":"default","ast-page-background-meta":{"desktop":{"background-color":"","background-image":"","background-repeat":"repeat","background-position":"center center","background-size":"auto","background-attachment":"scroll","background-type":"","background-media":"","overlay-type":"","overlay-color":"","overlay-opacity":"","overlay-gradient":""},"tablet":{"background-color":"","background-image":"","background-repeat":"repeat","background-position":"center center","background-size":"auto","background-attachment":"scroll","background-type":"","background-media":"","overlay-type":"","overlay-color":"","overlay-opacity":"","overlay-gradient":""},"mobile":{"background-color":"","background-image":"","background-repeat":"repeat","background-position":"center center","background-size":"auto","background-attachment":"scroll","background-type":"","background-media":"","overlay-type":"","overlay-color":"","overlay-opacity":"","overlay-gradient":""}},"ast-content-background-meta":{"desktop":{"background-color":"var(--ast-global-color-5)","background-image":"","background-repeat":"repeat","background-position":"center center","background-size":"auto","background-attachment":"scroll","background-type":"","background-media":"","overlay-type":"","overlay-color":"","overlay-opacity":"","overlay-gradient":""},"tablet":{"background-color":"var(--ast-global-color-5)","background-image":"","background-repeat":"repeat","background-position":"center center","background-size":"auto","background-attachment":"scroll","background-type":"","background-media":"","overlay-type":"","overlay-color":"","overlay-opacity":"","overlay-gradient":""},"mobile":{"background-color":"var(--ast-global-color-5)","background-image":"","background-repeat":"repeat","background-position":"center center","background-size":"auto","background-attachment":"scroll","background-type":"","background-media":"","overlay-type":"","overlay-color":"","overlay-opacity":"","overlay-gradient":""}}},"bauteilart":[603,618,617,621,627],"bauteil_subtyp":[609],"anwendung":[587],"funktionsgruppe":[588],"product_brand":[],"product_cat":[583,589,584,582],"product_tag":[],"class_list":{"0":"post-16133","1":"product","2":"type-product","3":"status-publish","4":"has-post-thumbnail","6":"bauteilart-element-przypominajacy-sciane","7":"bauteilart-komorka-pokoju","8":"bauteilart-komponent-wspornik-drazka","9":"bauteilart-schody","10":"bauteilart-wlaz-pojemnik","11":"bauteil_subtyp-solidna-sciana","12":"anwendung-transport","13":"funktionsgruppe-gwintowany-system-kotwic-transportowych","14":"product_cat-gwintowane-systemy-kotew-transportowych","15":"product_cat-kotwica-transportowa","16":"product_cat-system-zasilania-sr","17":"product_cat-systemy-kotwic-transportowych","18":"desktop-align-left","19":"tablet-align-left","20":"mobile-align-left","22":"first","23":"instock","24":"shipping-taxable","25":"purchasable","26":"product-type-simple"},"acf":[],"_links":{"self":[{"href":"https:\/\/philipp-group.com\/pl\/wp-json\/wp\/v2\/product\/16133","targetHints":{"allow":["GET"]}}],"collection":[{"href":"https:\/\/philipp-group.com\/pl\/wp-json\/wp\/v2\/product"}],"about":[{"href":"https:\/\/philipp-group.com\/pl\/wp-json\/wp\/v2\/types\/product"}],"wp:featuredmedia":[{"embeddable":true,"href":"https:\/\/philipp-group.com\/pl\/wp-json\/wp\/v2\/media\/16134"}],"wp:attachment":[{"href":"https:\/\/philipp-group.com\/pl\/wp-json\/wp\/v2\/media?parent=16133"}],"wp:term":[{"taxonomy":"bauteilart","embeddable":true,"href":"https:\/\/philipp-group.com\/pl\/wp-json\/wp\/v2\/bauteilart?post=16133"},{"taxonomy":"bauteil_subtyp","embeddable":true,"href":"https:\/\/philipp-group.com\/pl\/wp-json\/wp\/v2\/bauteil_subtyp?post=16133"},{"taxonomy":"anwendung","embeddable":true,"href":"https:\/\/philipp-group.com\/pl\/wp-json\/wp\/v2\/anwendung?post=16133"},{"taxonomy":"funktionsgruppe","embeddable":true,"href":"https:\/\/philipp-group.com\/pl\/wp-json\/wp\/v2\/funktionsgruppe?post=16133"},{"taxonomy":"product_brand","embeddable":true,"href":"https:\/\/philipp-group.com\/pl\/wp-json\/wp\/v2\/product_brand?post=16133"},{"taxonomy":"product_cat","embeddable":true,"href":"https:\/\/philipp-group.com\/pl\/wp-json\/wp\/v2\/product_cat?post=16133"},{"taxonomy":"product_tag","embeddable":true,"href":"https:\/\/philipp-group.com\/pl\/wp-json\/wp\/v2\/product_tag?post=16133"}],"curies":[{"name":"wp","href":"https:\/\/api.w.org\/{rel}","templated":true}]}}