{"id":16137,"date":"2025-10-02T15:09:45","date_gmt":"2025-10-02T13:09:45","guid":{"rendered":"https:\/\/philipp-group.com\/produkt\/gwintowana-kotwa-transportowa-prosta-sr\/"},"modified":"2026-03-18T14:17:35","modified_gmt":"2026-03-18T13:17:35","slug":"gwintowana-kotwa-transportowa-prosta-sr","status":"publish","type":"product","link":"https:\/\/philipp-group.com\/pl\/produkt\/gwintowana-kotwa-transportowa-prosta-sr\/","title":{"rendered":"Gwintowana kotwa transportowa &#8211; prosta (SR)"},"content":{"rendered":"<p>W szczeg\u00f3lno\u015bci gwintowane kotwy transportowe SR mog\u0105 by\u0107 stosowane uniwersalnie do szerokiej gamy prefabrykat\u00f3w, ale mog\u0105 r\u00f3wnie\u017c wykaza\u0107 swoj\u0105 wytrzyma\u0142o\u015b\u0107 na przyk\u0142ad w elementach pr\u0119towych lub \u015bcianach. Niezale\u017cnie od tego, czy chodzi o prefabrykaty o wyj\u0105tkowo cienkich \u015bciankach, czy te\u017c ci\u0119\u017ckie elementy &#8211; w zale\u017cno\u015bci od rodzaju elementu dost\u0119pne s\u0105 r\u00f3\u017cne rozmiary. Napr\u0119\u017cenia osiowe, uko\u015bne i poprzeczne mo\u017cna \u0142atwo zrealizowa\u0107 za pomoc\u0105 kotew transportowych z gwintem prostym.  <\/p>\n","protected":false},"excerpt":{"rendered":"<p>W szczeg\u00f3lno\u015bci gwintowane kotwy transportowe SR mog\u0105 by\u0107 stosowane uniwersalnie do szerokiej gamy prefabrykat\u00f3w, ale mog\u0105 r\u00f3wnie\u017c wykaza\u0107 swoj\u0105 wytrzyma\u0142o\u015b\u0107 na przyk\u0142ad w elementach pr\u0119towych lub \u015bcianach. Niezale\u017cnie od tego, czy chodzi o prefabrykaty o wyj\u0105tkowo cienkich \u015bciankach, czy te\u017c ci\u0119\u017ckie elementy &#8211; w zale\u017cno\u015bci od rodzaju elementu dost\u0119pne s\u0105 r\u00f3\u017cne rozmiary. Napr\u0119\u017cenia osiowe, uko\u015bne i poprzeczne mo\u017cna \u0142atwo zrealizowa\u0107 za pomoc\u0105 kotew transportowych z gwintem prostym.  <\/p>\n","protected":false},"featured_media":20647,"template":"","meta":{"_acf_changed":false,"site-sidebar-layout":"default","site-content-layout":"","ast-site-content-layout":"default","site-content-style":"default","site-sidebar-style":"default","ast-global-header-display":"","ast-banner-title-visibility":"","ast-main-header-display":"","ast-hfb-above-header-display":"","ast-hfb-below-header-display":"","ast-hfb-mobile-header-display":"","site-post-title":"","ast-breadcrumbs-content":"","ast-featured-img":"","footer-sml-layout":"","ast-disable-related-posts":"","theme-transparent-header-meta":"default","adv-header-id-meta":"","stick-header-meta":"","header-above-stick-meta":"","header-main-stick-meta":"","header-below-stick-meta":"","astra-migrate-meta-layouts":"default","ast-page-background-enabled":"default","ast-page-background-meta":{"desktop":{"background-color":"","background-image":"","background-repeat":"repeat","background-position":"center center","background-size":"auto","background-attachment":"scroll","background-type":"","background-media":"","overlay-type":"","overlay-color":"","overlay-opacity":"","overlay-gradient":""},"tablet":{"background-color":"","background-image":"","background-repeat":"repeat","background-position":"center center","background-size":"auto","background-attachment":"scroll","background-type":"","background-media":"","overlay-type":"","overlay-color":"","overlay-opacity":"","overlay-gradient":""},"mobile":{"background-color":"","background-image":"","background-repeat":"repeat","background-position":"center center","background-size":"auto","background-attachment":"scroll","background-type":"","background-media":"","overlay-type":"","overlay-color":"","overlay-opacity":"","overlay-gradient":""}},"ast-content-background-meta":{"desktop":{"background-color":"var(--ast-global-color-5)","background-image":"","background-repeat":"repeat","background-position":"center center","background-size":"auto","background-attachment":"scroll","background-type":"","background-media":"","overlay-type":"","overlay-color":"","overlay-opacity":"","overlay-gradient":""},"tablet":{"background-color":"var(--ast-global-color-5)","background-image":"","background-repeat":"repeat","background-position":"center center","background-size":"auto","background-attachment":"scroll","background-type":"","background-media":"","overlay-type":"","overlay-color":"","overlay-opacity":"","overlay-gradient":""},"mobile":{"background-color":"var(--ast-global-color-5)","background-image":"","background-repeat":"repeat","background-position":"center center","background-size":"auto","background-attachment":"scroll","background-type":"","background-media":"","overlay-type":"","overlay-color":"","overlay-opacity":"","overlay-gradient":""}}},"bauteilart":[603,618,617,627],"bauteil_subtyp":[609],"anwendung":[587],"funktionsgruppe":[588],"product_brand":[],"product_cat":[583,589,584,582],"product_tag":[],"class_list":{"0":"post-16137","1":"product","2":"type-product","3":"status-publish","4":"has-post-thumbnail","6":"bauteilart-element-przypominajacy-sciane","7":"bauteilart-komorka-pokoju","8":"bauteilart-komponent-wspornik-drazka","9":"bauteilart-wlaz-pojemnik","10":"bauteil_subtyp-solidna-sciana","11":"anwendung-transport","12":"funktionsgruppe-gwintowany-system-kotwic-transportowych","13":"product_cat-gwintowane-systemy-kotew-transportowych","14":"product_cat-kotwica-transportowa","15":"product_cat-system-zasilania-sr","16":"product_cat-systemy-kotwic-transportowych","17":"desktop-align-left","18":"tablet-align-left","19":"mobile-align-left","21":"first","22":"instock","23":"shipping-taxable","24":"purchasable","25":"product-type-simple"},"acf":[],"_links":{"self":[{"href":"https:\/\/philipp-group.com\/pl\/wp-json\/wp\/v2\/product\/16137","targetHints":{"allow":["GET"]}}],"collection":[{"href":"https:\/\/philipp-group.com\/pl\/wp-json\/wp\/v2\/product"}],"about":[{"href":"https:\/\/philipp-group.com\/pl\/wp-json\/wp\/v2\/types\/product"}],"wp:featuredmedia":[{"embeddable":true,"href":"https:\/\/philipp-group.com\/pl\/wp-json\/wp\/v2\/media\/20647"}],"wp:attachment":[{"href":"https:\/\/philipp-group.com\/pl\/wp-json\/wp\/v2\/media?parent=16137"}],"wp:term":[{"taxonomy":"bauteilart","embeddable":true,"href":"https:\/\/philipp-group.com\/pl\/wp-json\/wp\/v2\/bauteilart?post=16137"},{"taxonomy":"bauteil_subtyp","embeddable":true,"href":"https:\/\/philipp-group.com\/pl\/wp-json\/wp\/v2\/bauteil_subtyp?post=16137"},{"taxonomy":"anwendung","embeddable":true,"href":"https:\/\/philipp-group.com\/pl\/wp-json\/wp\/v2\/anwendung?post=16137"},{"taxonomy":"funktionsgruppe","embeddable":true,"href":"https:\/\/philipp-group.com\/pl\/wp-json\/wp\/v2\/funktionsgruppe?post=16137"},{"taxonomy":"product_brand","embeddable":true,"href":"https:\/\/philipp-group.com\/pl\/wp-json\/wp\/v2\/product_brand?post=16137"},{"taxonomy":"product_cat","embeddable":true,"href":"https:\/\/philipp-group.com\/pl\/wp-json\/wp\/v2\/product_cat?post=16137"},{"taxonomy":"product_tag","embeddable":true,"href":"https:\/\/philipp-group.com\/pl\/wp-json\/wp\/v2\/product_tag?post=16137"}],"curies":[{"name":"wp","href":"https:\/\/api.w.org\/{rel}","templated":true}]}}