{"id":16151,"date":"2025-10-02T15:04:41","date_gmt":"2025-10-02T13:04:41","guid":{"rendered":"https:\/\/philipp-group.com\/produkt\/pakon-akustyczny-isodorn-hqw-zd\/"},"modified":"2025-11-10T16:49:39","modified_gmt":"2025-11-10T15:49:39","slug":"pakon-akustyczny-isodorn-hqw-zd","status":"publish","type":"product","link":"https:\/\/philipp-group.com\/pl\/produkt\/pakon-akustyczny-isodorn-hqw-zd\/","title":{"rendered":"Pakon akustyczny ISODORN HQW\u00ae ZD"},"content":{"rendered":"<p>Rozszerzenie sworznia poci\u0105gowego dla ISODORN HQW\u00ae, kt\u00f3re jest szczeg\u00f3lnie przydatne do ukrytego monta\u017cu element\u00f3w schod\u00f3w. W\u0142a\u015bciwy element no\u015bny jest wk\u0142adany do przed\u0142u\u017conej tulei, kt\u00f3r\u0105 mo\u017cna przesuwa\u0107 podczas instalacji za pomoc\u0105 linki i zabezpiecza\u0107 za pomoc\u0105 zawleczki. <\/p>\n","protected":false},"excerpt":{"rendered":"<p>Rozszerzenie sworznia poci\u0105gowego dla ISODORN HQW\u00ae, kt\u00f3re jest szczeg\u00f3lnie przydatne do ukrytego monta\u017cu element\u00f3w schod\u00f3w. W\u0142a\u015bciwy element no\u015bny jest wk\u0142adany do przed\u0142u\u017conej tulei, kt\u00f3r\u0105 mo\u017cna przesuwa\u0107 podczas instalacji za pomoc\u0105 linki i zabezpiecza\u0107 za pomoc\u0105 zawleczki. <\/p>\n","protected":false},"featured_media":0,"template":"","meta":{"_acf_changed":false,"site-sidebar-layout":"default","site-content-layout":"","ast-site-content-layout":"default","site-content-style":"default","site-sidebar-style":"default","ast-global-header-display":"","ast-banner-title-visibility":"","ast-main-header-display":"","ast-hfb-above-header-display":"","ast-hfb-below-header-display":"","ast-hfb-mobile-header-display":"","site-post-title":"","ast-breadcrumbs-content":"","ast-featured-img":"","footer-sml-layout":"","ast-disable-related-posts":"","theme-transparent-header-meta":"default","adv-header-id-meta":"","stick-header-meta":"","header-above-stick-meta":"","header-main-stick-meta":"","header-below-stick-meta":"","astra-migrate-meta-layouts":"default","ast-page-background-enabled":"default","ast-page-background-meta":{"desktop":{"background-color":"","background-image":"","background-repeat":"repeat","background-position":"center center","background-size":"auto","background-attachment":"scroll","background-type":"","background-media":"","overlay-type":"","overlay-color":"","overlay-opacity":"","overlay-gradient":""},"tablet":{"background-color":"","background-image":"","background-repeat":"repeat","background-position":"center center","background-size":"auto","background-attachment":"scroll","background-type":"","background-media":"","overlay-type":"","overlay-color":"","overlay-opacity":"","overlay-gradient":""},"mobile":{"background-color":"","background-image":"","background-repeat":"repeat","background-position":"center center","background-size":"auto","background-attachment":"scroll","background-type":"","background-media":"","overlay-type":"","overlay-color":"","overlay-opacity":"","overlay-gradient":""}},"ast-content-background-meta":{"desktop":{"background-color":"var(--ast-global-color-5)","background-image":"","background-repeat":"repeat","background-position":"center center","background-size":"auto","background-attachment":"scroll","background-type":"","background-media":"","overlay-type":"","overlay-color":"","overlay-opacity":"","overlay-gradient":""},"tablet":{"background-color":"var(--ast-global-color-5)","background-image":"","background-repeat":"repeat","background-position":"center center","background-size":"auto","background-attachment":"scroll","background-type":"","background-media":"","overlay-type":"","overlay-color":"","overlay-opacity":"","overlay-gradient":""},"mobile":{"background-color":"var(--ast-global-color-5)","background-image":"","background-repeat":"repeat","background-position":"center center","background-size":"auto","background-attachment":"scroll","background-type":"","background-media":"","overlay-type":"","overlay-color":"","overlay-opacity":"","overlay-gradient":""}}},"bauteilart":[],"bauteil_subtyp":[],"anwendung":[],"funktionsgruppe":[],"product_brand":[],"product_cat":[23],"product_tag":[],"class_list":{"0":"post-16151","1":"product","2":"type-product","3":"status-publish","5":"product_cat-unkategorisiert","6":"desktop-align-left","7":"tablet-align-left","8":"mobile-align-left","10":"first","11":"instock","12":"shipping-taxable","13":"purchasable","14":"product-type-simple"},"acf":[],"_links":{"self":[{"href":"https:\/\/philipp-group.com\/pl\/wp-json\/wp\/v2\/product\/16151","targetHints":{"allow":["GET"]}}],"collection":[{"href":"https:\/\/philipp-group.com\/pl\/wp-json\/wp\/v2\/product"}],"about":[{"href":"https:\/\/philipp-group.com\/pl\/wp-json\/wp\/v2\/types\/product"}],"wp:attachment":[{"href":"https:\/\/philipp-group.com\/pl\/wp-json\/wp\/v2\/media?parent=16151"}],"wp:term":[{"taxonomy":"bauteilart","embeddable":true,"href":"https:\/\/philipp-group.com\/pl\/wp-json\/wp\/v2\/bauteilart?post=16151"},{"taxonomy":"bauteil_subtyp","embeddable":true,"href":"https:\/\/philipp-group.com\/pl\/wp-json\/wp\/v2\/bauteil_subtyp?post=16151"},{"taxonomy":"anwendung","embeddable":true,"href":"https:\/\/philipp-group.com\/pl\/wp-json\/wp\/v2\/anwendung?post=16151"},{"taxonomy":"funktionsgruppe","embeddable":true,"href":"https:\/\/philipp-group.com\/pl\/wp-json\/wp\/v2\/funktionsgruppe?post=16151"},{"taxonomy":"product_brand","embeddable":true,"href":"https:\/\/philipp-group.com\/pl\/wp-json\/wp\/v2\/product_brand?post=16151"},{"taxonomy":"product_cat","embeddable":true,"href":"https:\/\/philipp-group.com\/pl\/wp-json\/wp\/v2\/product_cat?post=16151"},{"taxonomy":"product_tag","embeddable":true,"href":"https:\/\/philipp-group.com\/pl\/wp-json\/wp\/v2\/product_tag?post=16151"}],"curies":[{"name":"wp","href":"https:\/\/api.w.org\/{rel}","templated":true}]}}