{"id":16160,"date":"2025-10-02T15:04:41","date_gmt":"2025-10-02T13:04:41","guid":{"rendered":"https:\/\/philipp-group.com\/produkt\/stalowka-schodowa-pakon-pd\/"},"modified":"2026-02-25T17:16:05","modified_gmt":"2026-02-25T16:16:05","slug":"stalowka-schodowa-pakon-pd","status":"publish","type":"product","link":"https:\/\/philipp-group.com\/pl\/produkt\/stalowka-schodowa-pakon-pd\/","title":{"rendered":"Stal\u00f3wka schodowa PAKON PD"},"content":{"rendered":"<p>Ko\u0142ek schodowy PD s\u0142u\u017cy z jednej strony do zabezpieczenia pozycji konstrukcyjnej element\u00f3w betonowych, a z drugiej do zapewnienia odsprz\u0119\u017cenia akustycznego u podn\u00f3\u017ca schod\u00f3w. Ko\u0142ek mo\u017ce by\u0107 stosowany w prefabrykowanych i montowanych na miejscu schodach betonowych i jest dost\u0119pny w wersji ocynkowanej i ze stali nierdzewnej. <\/p>\n","protected":false},"excerpt":{"rendered":"<p>Ko\u0142ek schodowy PD s\u0142u\u017cy z jednej strony do zabezpieczenia pozycji konstrukcyjnej element\u00f3w betonowych, a z drugiej do zapewnienia odsprz\u0119\u017cenia akustycznego u podn\u00f3\u017ca schod\u00f3w. Ko\u0142ek mo\u017ce by\u0107 stosowany w prefabrykowanych i montowanych na miejscu schodach betonowych i jest dost\u0119pny w wersji ocynkowanej i ze stali nierdzewnej. <\/p>\n","protected":false},"featured_media":16161,"template":"","meta":{"_acf_changed":false,"site-sidebar-layout":"default","site-content-layout":"","ast-site-content-layout":"default","site-content-style":"default","site-sidebar-style":"default","ast-global-header-display":"","ast-banner-title-visibility":"","ast-main-header-display":"","ast-hfb-above-header-display":"","ast-hfb-below-header-display":"","ast-hfb-mobile-header-display":"","site-post-title":"","ast-breadcrumbs-content":"","ast-featured-img":"","footer-sml-layout":"","ast-disable-related-posts":"","theme-transparent-header-meta":"default","adv-header-id-meta":"","stick-header-meta":"","header-above-stick-meta":"","header-main-stick-meta":"","header-below-stick-meta":"","astra-migrate-meta-layouts":"default","ast-page-background-enabled":"default","ast-page-background-meta":{"desktop":{"background-color":"","background-image":"","background-repeat":"repeat","background-position":"center center","background-size":"auto","background-attachment":"scroll","background-type":"","background-media":"","overlay-type":"","overlay-color":"","overlay-opacity":"","overlay-gradient":""},"tablet":{"background-color":"","background-image":"","background-repeat":"repeat","background-position":"center center","background-size":"auto","background-attachment":"scroll","background-type":"","background-media":"","overlay-type":"","overlay-color":"","overlay-opacity":"","overlay-gradient":""},"mobile":{"background-color":"","background-image":"","background-repeat":"repeat","background-position":"center center","background-size":"auto","background-attachment":"scroll","background-type":"","background-media":"","overlay-type":"","overlay-color":"","overlay-opacity":"","overlay-gradient":""}},"ast-content-background-meta":{"desktop":{"background-color":"var(--ast-global-color-5)","background-image":"","background-repeat":"repeat","background-position":"center center","background-size":"auto","background-attachment":"scroll","background-type":"","background-media":"","overlay-type":"","overlay-color":"","overlay-opacity":"","overlay-gradient":""},"tablet":{"background-color":"var(--ast-global-color-5)","background-image":"","background-repeat":"repeat","background-position":"center center","background-size":"auto","background-attachment":"scroll","background-type":"","background-media":"","overlay-type":"","overlay-color":"","overlay-opacity":"","overlay-gradient":""},"mobile":{"background-color":"var(--ast-global-color-5)","background-image":"","background-repeat":"repeat","background-position":"center center","background-size":"auto","background-attachment":"scroll","background-type":"","background-media":"","overlay-type":"","overlay-color":"","overlay-opacity":"","overlay-gradient":""}}},"bauteilart":[621],"bauteil_subtyp":[],"anwendung":[620],"funktionsgruppe":[614],"product_brand":[],"product_cat":[619],"product_tag":[],"class_list":{"0":"post-16160","1":"product","2":"type-product","3":"status-publish","4":"has-post-thumbnail","6":"bauteilart-schody","7":"anwendung-izolacja-dzwiekow-uderzeniowych","8":"funktionsgruppe-konstruktywny","9":"product_cat-systemy-izolacji-dzwiekow-uderzeniowych","10":"desktop-align-left","11":"tablet-align-left","12":"mobile-align-left","14":"first","15":"instock","16":"shipping-taxable","17":"purchasable","18":"product-type-simple"},"acf":[],"_links":{"self":[{"href":"https:\/\/philipp-group.com\/pl\/wp-json\/wp\/v2\/product\/16160","targetHints":{"allow":["GET"]}}],"collection":[{"href":"https:\/\/philipp-group.com\/pl\/wp-json\/wp\/v2\/product"}],"about":[{"href":"https:\/\/philipp-group.com\/pl\/wp-json\/wp\/v2\/types\/product"}],"wp:featuredmedia":[{"embeddable":true,"href":"https:\/\/philipp-group.com\/pl\/wp-json\/wp\/v2\/media\/16161"}],"wp:attachment":[{"href":"https:\/\/philipp-group.com\/pl\/wp-json\/wp\/v2\/media?parent=16160"}],"wp:term":[{"taxonomy":"bauteilart","embeddable":true,"href":"https:\/\/philipp-group.com\/pl\/wp-json\/wp\/v2\/bauteilart?post=16160"},{"taxonomy":"bauteil_subtyp","embeddable":true,"href":"https:\/\/philipp-group.com\/pl\/wp-json\/wp\/v2\/bauteil_subtyp?post=16160"},{"taxonomy":"anwendung","embeddable":true,"href":"https:\/\/philipp-group.com\/pl\/wp-json\/wp\/v2\/anwendung?post=16160"},{"taxonomy":"funktionsgruppe","embeddable":true,"href":"https:\/\/philipp-group.com\/pl\/wp-json\/wp\/v2\/funktionsgruppe?post=16160"},{"taxonomy":"product_brand","embeddable":true,"href":"https:\/\/philipp-group.com\/pl\/wp-json\/wp\/v2\/product_brand?post=16160"},{"taxonomy":"product_cat","embeddable":true,"href":"https:\/\/philipp-group.com\/pl\/wp-json\/wp\/v2\/product_cat?post=16160"},{"taxonomy":"product_tag","embeddable":true,"href":"https:\/\/philipp-group.com\/pl\/wp-json\/wp\/v2\/product_tag?post=16160"}],"curies":[{"name":"wp","href":"https:\/\/api.w.org\/{rel}","templated":true}]}}