{"id":16162,"date":"2025-10-02T15:04:41","date_gmt":"2025-10-02T13:04:41","guid":{"rendered":"https:\/\/philipp-group.com\/produkt\/systemy-trzpieni-scinanych-pakon\/"},"modified":"2026-02-25T16:59:31","modified_gmt":"2026-02-25T15:59:31","slug":"systemy-trzpieni-scinanych-pakon","status":"publish","type":"product","link":"https:\/\/philipp-group.com\/pl\/produkt\/systemy-trzpieni-scinanych-pakon\/","title":{"rendered":"PAKON Querkraftdornsysteme"},"content":{"rendered":"<p>Oto jak proste mo\u017ce by\u0107 zaplanowane przenoszenie si\u0142 \u015bcinaj\u0105cych pomi\u0119dzy elementami \u017celbetowymi. Proste kombinacje cz\u0119\u015bci trzpieniowej i cz\u0119\u015bci tulejowej obejmuj\u0105 szeroki zakres zastosowa\u0144 i tworz\u0105 wysoce no\u015bne, wolne od ogranicze\u0144 i swobodnie ruchome konstrukcje. \u0141atwo\u015b\u0107 monta\u017cu i instalacji uzupe\u0142nia te systemy. Og\u00f3lnie rzecz bior\u0105c, systemy ko\u0142k\u00f3w \u015bcinanych spe\u0142niaj\u0105 najwy\u017csze wymagania w zakresie op\u0142acalno\u015bci, jako\u015bci i bezpiecze\u0144stwa.   <\/p>\n","protected":false},"excerpt":{"rendered":"<p>Oto jak proste mo\u017ce by\u0107 zaplanowane przenoszenie si\u0142 \u015bcinaj\u0105cych pomi\u0119dzy elementami \u017celbetowymi. Proste kombinacje cz\u0119\u015bci trzpieniowej i cz\u0119\u015bci tulejowej obejmuj\u0105 szeroki zakres zastosowa\u0144 i tworz\u0105 wysoce no\u015bne, wolne od ogranicze\u0144 i swobodnie ruchome konstrukcje. \u0141atwo\u015b\u0107 monta\u017cu i instalacji uzupe\u0142nia te systemy. Og\u00f3lnie rzecz bior\u0105c, systemy ko\u0142k\u00f3w \u015bcinanych spe\u0142niaj\u0105 najwy\u017csze wymagania w zakresie op\u0142acalno\u015bci, jako\u015bci i bezpiecze\u0144stwa.   <\/p>\n","protected":false},"featured_media":16163,"template":"","meta":{"_acf_changed":false,"site-sidebar-layout":"default","site-content-layout":"","ast-site-content-layout":"default","site-content-style":"default","site-sidebar-style":"default","ast-global-header-display":"","ast-banner-title-visibility":"","ast-main-header-display":"","ast-hfb-above-header-display":"","ast-hfb-below-header-display":"","ast-hfb-mobile-header-display":"","site-post-title":"","ast-breadcrumbs-content":"","ast-featured-img":"","footer-sml-layout":"","ast-disable-related-posts":"","theme-transparent-header-meta":"default","adv-header-id-meta":"","stick-header-meta":"","header-above-stick-meta":"","header-main-stick-meta":"","header-below-stick-meta":"","astra-migrate-meta-layouts":"default","ast-page-background-enabled":"default","ast-page-background-meta":{"desktop":{"background-color":"","background-image":"","background-repeat":"repeat","background-position":"center center","background-size":"auto","background-attachment":"scroll","background-type":"","background-media":"","overlay-type":"","overlay-color":"","overlay-opacity":"","overlay-gradient":""},"tablet":{"background-color":"","background-image":"","background-repeat":"repeat","background-position":"center center","background-size":"auto","background-attachment":"scroll","background-type":"","background-media":"","overlay-type":"","overlay-color":"","overlay-opacity":"","overlay-gradient":""},"mobile":{"background-color":"","background-image":"","background-repeat":"repeat","background-position":"center center","background-size":"auto","background-attachment":"scroll","background-type":"","background-media":"","overlay-type":"","overlay-color":"","overlay-opacity":"","overlay-gradient":""}},"ast-content-background-meta":{"desktop":{"background-color":"var(--ast-global-color-5)","background-image":"","background-repeat":"repeat","background-position":"center center","background-size":"auto","background-attachment":"scroll","background-type":"","background-media":"","overlay-type":"","overlay-color":"","overlay-opacity":"","overlay-gradient":""},"tablet":{"background-color":"var(--ast-global-color-5)","background-image":"","background-repeat":"repeat","background-position":"center center","background-size":"auto","background-attachment":"scroll","background-type":"","background-media":"","overlay-type":"","overlay-color":"","overlay-opacity":"","overlay-gradient":""},"mobile":{"background-color":"var(--ast-global-color-5)","background-image":"","background-repeat":"repeat","background-position":"center center","background-size":"auto","background-attachment":"scroll","background-type":"","background-media":"","overlay-type":"","overlay-color":"","overlay-opacity":"","overlay-gradient":""}}},"bauteilart":[],"bauteil_subtyp":[],"anwendung":[],"funktionsgruppe":[],"product_brand":[],"product_cat":[586],"product_tag":[],"class_list":{"0":"post-16162","1":"product","2":"type-product","3":"status-publish","4":"has-post-thumbnail","6":"product_cat-technologia-polaczen","7":"desktop-align-left","8":"tablet-align-left","9":"mobile-align-left","11":"first","12":"instock","13":"shipping-taxable","14":"purchasable","15":"product-type-simple"},"acf":[],"_links":{"self":[{"href":"https:\/\/philipp-group.com\/pl\/wp-json\/wp\/v2\/product\/16162","targetHints":{"allow":["GET"]}}],"collection":[{"href":"https:\/\/philipp-group.com\/pl\/wp-json\/wp\/v2\/product"}],"about":[{"href":"https:\/\/philipp-group.com\/pl\/wp-json\/wp\/v2\/types\/product"}],"wp:featuredmedia":[{"embeddable":true,"href":"https:\/\/philipp-group.com\/pl\/wp-json\/wp\/v2\/media\/16163"}],"wp:attachment":[{"href":"https:\/\/philipp-group.com\/pl\/wp-json\/wp\/v2\/media?parent=16162"}],"wp:term":[{"taxonomy":"bauteilart","embeddable":true,"href":"https:\/\/philipp-group.com\/pl\/wp-json\/wp\/v2\/bauteilart?post=16162"},{"taxonomy":"bauteil_subtyp","embeddable":true,"href":"https:\/\/philipp-group.com\/pl\/wp-json\/wp\/v2\/bauteil_subtyp?post=16162"},{"taxonomy":"anwendung","embeddable":true,"href":"https:\/\/philipp-group.com\/pl\/wp-json\/wp\/v2\/anwendung?post=16162"},{"taxonomy":"funktionsgruppe","embeddable":true,"href":"https:\/\/philipp-group.com\/pl\/wp-json\/wp\/v2\/funktionsgruppe?post=16162"},{"taxonomy":"product_brand","embeddable":true,"href":"https:\/\/philipp-group.com\/pl\/wp-json\/wp\/v2\/product_brand?post=16162"},{"taxonomy":"product_cat","embeddable":true,"href":"https:\/\/philipp-group.com\/pl\/wp-json\/wp\/v2\/product_cat?post=16162"},{"taxonomy":"product_tag","embeddable":true,"href":"https:\/\/philipp-group.com\/pl\/wp-json\/wp\/v2\/product_tag?post=16162"}],"curies":[{"name":"wp","href":"https:\/\/api.w.org\/{rel}","templated":true}]}}