{"id":16177,"date":"2025-10-02T15:04:45","date_gmt":"2025-10-02T13:04:45","guid":{"rendered":"https:\/\/philipp-group.com\/produkt\/magfly\/"},"modified":"2026-03-18T14:22:49","modified_gmt":"2026-03-18T13:22:49","slug":"magfly","status":"publish","type":"product","link":"https:\/\/philipp-group.com\/pl\/produkt\/magfly\/","title":{"rendered":"BT MagFly"},"content":{"rendered":"<p>MagFly\u00ae AP to opatentowany magnes szalunkowy b\u0119d\u0105cy cz\u0119\u015bci\u0105 systemu szalunkowego BT. Jego stosunek si\u0142y przyczepno\u015bci do masy oraz system stopa\/spr\u0119\u017cyna, kt\u00f3ry umo\u017cliwia magnesowi bezwysi\u0142kowe przesuwanie si\u0119 po stole szalunkowym, s\u0105 wyj\u0105tkowe. MagFly jest idealnie dopasowany do belek szalunkowych MultiForm i nadaje si\u0119 do prawie wszystkich zastosowa\u0144 w fabryce oraz do produkcji szerokiej gamy element\u00f3w betonowych.  <\/p>\n","protected":false},"excerpt":{"rendered":"<p>MagFly\u00ae AP to opatentowany magnes szalunkowy b\u0119d\u0105cy cz\u0119\u015bci\u0105 systemu szalunkowego BT. Jego stosunek si\u0142y przyczepno\u015bci do masy oraz system stopa\/spr\u0119\u017cyna, kt\u00f3ry umo\u017cliwia magnesowi bezwysi\u0142kowe przesuwanie si\u0119 po stole szalunkowym, s\u0105 wyj\u0105tkowe. MagFly jest idealnie dopasowany do belek szalunkowych MultiForm i nadaje si\u0119 do prawie wszystkich zastosowa\u0144 w fabryce oraz do produkcji szerokiej gamy element\u00f3w betonowych.  <\/p>\n","protected":false},"featured_media":16179,"template":"","meta":{"_acf_changed":false,"site-sidebar-layout":"default","site-content-layout":"","ast-site-content-layout":"default","site-content-style":"default","site-sidebar-style":"default","ast-global-header-display":"","ast-banner-title-visibility":"","ast-main-header-display":"","ast-hfb-above-header-display":"","ast-hfb-below-header-display":"","ast-hfb-mobile-header-display":"","site-post-title":"","ast-breadcrumbs-content":"","ast-featured-img":"","footer-sml-layout":"","ast-disable-related-posts":"","theme-transparent-header-meta":"default","adv-header-id-meta":"","stick-header-meta":"","header-above-stick-meta":"","header-main-stick-meta":"","header-below-stick-meta":"","astra-migrate-meta-layouts":"default","ast-page-background-enabled":"default","ast-page-background-meta":{"desktop":{"background-color":"","background-image":"","background-repeat":"repeat","background-position":"center center","background-size":"auto","background-attachment":"scroll","background-type":"","background-media":"","overlay-type":"","overlay-color":"","overlay-opacity":"","overlay-gradient":""},"tablet":{"background-color":"","background-image":"","background-repeat":"repeat","background-position":"center center","background-size":"auto","background-attachment":"scroll","background-type":"","background-media":"","overlay-type":"","overlay-color":"","overlay-opacity":"","overlay-gradient":""},"mobile":{"background-color":"","background-image":"","background-repeat":"repeat","background-position":"center center","background-size":"auto","background-attachment":"scroll","background-type":"","background-media":"","overlay-type":"","overlay-color":"","overlay-opacity":"","overlay-gradient":""}},"ast-content-background-meta":{"desktop":{"background-color":"var(--ast-global-color-5)","background-image":"","background-repeat":"repeat","background-position":"center center","background-size":"auto","background-attachment":"scroll","background-type":"","background-media":"","overlay-type":"","overlay-color":"","overlay-opacity":"","overlay-gradient":""},"tablet":{"background-color":"var(--ast-global-color-5)","background-image":"","background-repeat":"repeat","background-position":"center center","background-size":"auto","background-attachment":"scroll","background-type":"","background-media":"","overlay-type":"","overlay-color":"","overlay-opacity":"","overlay-gradient":""},"mobile":{"background-color":"var(--ast-global-color-5)","background-image":"","background-repeat":"repeat","background-position":"center center","background-size":"auto","background-attachment":"scroll","background-type":"","background-media":"","overlay-type":"","overlay-color":"","overlay-opacity":"","overlay-gradient":""}}},"bauteilart":[],"bauteil_subtyp":[],"anwendung":[],"funktionsgruppe":[],"product_brand":[],"product_cat":[631],"product_tag":[],"class_list":{"0":"post-16177","1":"product","2":"type-product","3":"status-publish","4":"has-post-thumbnail","6":"product_cat-technologia-deskowania","7":"desktop-align-left","8":"tablet-align-left","9":"mobile-align-left","11":"first","12":"instock","13":"shipping-taxable","14":"purchasable","15":"product-type-simple"},"acf":[],"_links":{"self":[{"href":"https:\/\/philipp-group.com\/pl\/wp-json\/wp\/v2\/product\/16177","targetHints":{"allow":["GET"]}}],"collection":[{"href":"https:\/\/philipp-group.com\/pl\/wp-json\/wp\/v2\/product"}],"about":[{"href":"https:\/\/philipp-group.com\/pl\/wp-json\/wp\/v2\/types\/product"}],"wp:featuredmedia":[{"embeddable":true,"href":"https:\/\/philipp-group.com\/pl\/wp-json\/wp\/v2\/media\/16179"}],"wp:attachment":[{"href":"https:\/\/philipp-group.com\/pl\/wp-json\/wp\/v2\/media?parent=16177"}],"wp:term":[{"taxonomy":"bauteilart","embeddable":true,"href":"https:\/\/philipp-group.com\/pl\/wp-json\/wp\/v2\/bauteilart?post=16177"},{"taxonomy":"bauteil_subtyp","embeddable":true,"href":"https:\/\/philipp-group.com\/pl\/wp-json\/wp\/v2\/bauteil_subtyp?post=16177"},{"taxonomy":"anwendung","embeddable":true,"href":"https:\/\/philipp-group.com\/pl\/wp-json\/wp\/v2\/anwendung?post=16177"},{"taxonomy":"funktionsgruppe","embeddable":true,"href":"https:\/\/philipp-group.com\/pl\/wp-json\/wp\/v2\/funktionsgruppe?post=16177"},{"taxonomy":"product_brand","embeddable":true,"href":"https:\/\/philipp-group.com\/pl\/wp-json\/wp\/v2\/product_brand?post=16177"},{"taxonomy":"product_cat","embeddable":true,"href":"https:\/\/philipp-group.com\/pl\/wp-json\/wp\/v2\/product_cat?post=16177"},{"taxonomy":"product_tag","embeddable":true,"href":"https:\/\/philipp-group.com\/pl\/wp-json\/wp\/v2\/product_tag?post=16177"}],"curies":[{"name":"wp","href":"https:\/\/api.w.org\/{rel}","templated":true}]}}