{"id":16178,"date":"2025-10-02T15:04:43","date_gmt":"2025-10-02T13:04:43","guid":{"rendered":"https:\/\/philipp-group.com\/produkt\/podnosnik-linowy-w-elementach-katowych\/"},"modified":"2026-02-25T16:54:01","modified_gmt":"2026-02-25T15:54:01","slug":"podnosnik-linowy-w-elementach-katowych","status":"publish","type":"product","link":"https:\/\/philipp-group.com\/pl\/produkt\/podnosnik-linowy-w-elementach-katowych\/","title":{"rendered":"Podno\u015bnik linowy w elementach k\u0105towych"},"content":{"rendered":"<p>Podno\u015bnik linowy wykazuje r\u00f3wnie\u017c swoje zalety w przypadku element\u00f3w k\u0105towych dzi\u0119ki elastycznemu zakotwieniu ko\u0144cowemu. Przyjazna dla u\u017cytkownika obs\u0142uga i mo\u017cliwo\u015b\u0107 bezpo\u015bredniej pracy bez sprz\u0119tu do przenoszenia \u0142adunk\u00f3w oferuj\u0105 ekonomiczne rozwi\u0105zanie dla \u017celbetowych element\u00f3w k\u0105towych. Po\u0142\u0105czenie wiedzy specjalistycznej w zakresie technologii po\u0142\u0105cze\u0144 i mechanizm\u00f3w znormalizowanych kotew transportowych zapewnia typ kotwy, kt\u00f3ry spe\u0142nia wysokie standardy jako\u015bci i bezpiecze\u0144stwa.  <\/p>\n","protected":false},"excerpt":{"rendered":"<p>Podno\u015bnik linowy wykazuje r\u00f3wnie\u017c swoje zalety w przypadku element\u00f3w k\u0105towych dzi\u0119ki elastycznemu zakotwieniu ko\u0144cowemu. Przyjazna dla u\u017cytkownika obs\u0142uga i mo\u017cliwo\u015b\u0107 bezpo\u015bredniej pracy bez sprz\u0119tu do przenoszenia \u0142adunk\u00f3w oferuj\u0105 ekonomiczne rozwi\u0105zanie dla \u017celbetowych element\u00f3w k\u0105towych. Po\u0142\u0105czenie wiedzy specjalistycznej w zakresie technologii po\u0142\u0105cze\u0144 i mechanizm\u00f3w znormalizowanych kotew transportowych zapewnia typ kotwy, kt\u00f3ry spe\u0142nia wysokie standardy jako\u015bci i bezpiecze\u0144stwa.  <\/p>\n","protected":false},"featured_media":16180,"template":"","meta":{"_acf_changed":false,"site-sidebar-layout":"default","site-content-layout":"","ast-site-content-layout":"default","site-content-style":"default","site-sidebar-style":"default","ast-global-header-display":"","ast-banner-title-visibility":"","ast-main-header-display":"","ast-hfb-above-header-display":"","ast-hfb-below-header-display":"","ast-hfb-mobile-header-display":"","site-post-title":"","ast-breadcrumbs-content":"","ast-featured-img":"","footer-sml-layout":"","ast-disable-related-posts":"","theme-transparent-header-meta":"default","adv-header-id-meta":"","stick-header-meta":"","header-above-stick-meta":"","header-main-stick-meta":"","header-below-stick-meta":"","astra-migrate-meta-layouts":"default","ast-page-background-enabled":"default","ast-page-background-meta":{"desktop":{"background-color":"","background-image":"","background-repeat":"repeat","background-position":"center center","background-size":"auto","background-attachment":"scroll","background-type":"","background-media":"","overlay-type":"","overlay-color":"","overlay-opacity":"","overlay-gradient":""},"tablet":{"background-color":"","background-image":"","background-repeat":"repeat","background-position":"center center","background-size":"auto","background-attachment":"scroll","background-type":"","background-media":"","overlay-type":"","overlay-color":"","overlay-opacity":"","overlay-gradient":""},"mobile":{"background-color":"","background-image":"","background-repeat":"repeat","background-position":"center center","background-size":"auto","background-attachment":"scroll","background-type":"","background-media":"","overlay-type":"","overlay-color":"","overlay-opacity":"","overlay-gradient":""}},"ast-content-background-meta":{"desktop":{"background-color":"var(--ast-global-color-5)","background-image":"","background-repeat":"repeat","background-position":"center center","background-size":"auto","background-attachment":"scroll","background-type":"","background-media":"","overlay-type":"","overlay-color":"","overlay-opacity":"","overlay-gradient":""},"tablet":{"background-color":"var(--ast-global-color-5)","background-image":"","background-repeat":"repeat","background-position":"center center","background-size":"auto","background-attachment":"scroll","background-type":"","background-media":"","overlay-type":"","overlay-color":"","overlay-opacity":"","overlay-gradient":""},"mobile":{"background-color":"var(--ast-global-color-5)","background-image":"","background-repeat":"repeat","background-position":"center center","background-size":"auto","background-attachment":"scroll","background-type":"","background-media":"","overlay-type":"","overlay-color":"","overlay-opacity":"","overlay-gradient":""}}},"bauteilart":[603],"bauteil_subtyp":[],"anwendung":[587],"funktionsgruppe":[607],"product_brand":[],"product_cat":[589,608,582],"product_tag":[],"class_list":{"0":"post-16178","1":"product","2":"type-product","3":"status-publish","4":"has-post-thumbnail","6":"bauteilart-element-przypominajacy-sciane","7":"anwendung-transport","8":"funktionsgruppe-petle-podnoszenia","9":"product_cat-kotwica-transportowa","10":"product_cat-petle-podnoszenia","11":"product_cat-systemy-kotwic-transportowych","12":"desktop-align-left","13":"tablet-align-left","14":"mobile-align-left","16":"first","17":"instock","18":"shipping-taxable","19":"purchasable","20":"product-type-simple"},"acf":[],"_links":{"self":[{"href":"https:\/\/philipp-group.com\/pl\/wp-json\/wp\/v2\/product\/16178","targetHints":{"allow":["GET"]}}],"collection":[{"href":"https:\/\/philipp-group.com\/pl\/wp-json\/wp\/v2\/product"}],"about":[{"href":"https:\/\/philipp-group.com\/pl\/wp-json\/wp\/v2\/types\/product"}],"wp:featuredmedia":[{"embeddable":true,"href":"https:\/\/philipp-group.com\/pl\/wp-json\/wp\/v2\/media\/16180"}],"wp:attachment":[{"href":"https:\/\/philipp-group.com\/pl\/wp-json\/wp\/v2\/media?parent=16178"}],"wp:term":[{"taxonomy":"bauteilart","embeddable":true,"href":"https:\/\/philipp-group.com\/pl\/wp-json\/wp\/v2\/bauteilart?post=16178"},{"taxonomy":"bauteil_subtyp","embeddable":true,"href":"https:\/\/philipp-group.com\/pl\/wp-json\/wp\/v2\/bauteil_subtyp?post=16178"},{"taxonomy":"anwendung","embeddable":true,"href":"https:\/\/philipp-group.com\/pl\/wp-json\/wp\/v2\/anwendung?post=16178"},{"taxonomy":"funktionsgruppe","embeddable":true,"href":"https:\/\/philipp-group.com\/pl\/wp-json\/wp\/v2\/funktionsgruppe?post=16178"},{"taxonomy":"product_brand","embeddable":true,"href":"https:\/\/philipp-group.com\/pl\/wp-json\/wp\/v2\/product_brand?post=16178"},{"taxonomy":"product_cat","embeddable":true,"href":"https:\/\/philipp-group.com\/pl\/wp-json\/wp\/v2\/product_cat?post=16178"},{"taxonomy":"product_tag","embeddable":true,"href":"https:\/\/philipp-group.com\/pl\/wp-json\/wp\/v2\/product_tag?post=16178"}],"curies":[{"name":"wp","href":"https:\/\/api.w.org\/{rel}","templated":true}]}}