{"id":16185,"date":"2025-10-02T15:04:46","date_gmt":"2025-10-02T13:04:46","guid":{"rendered":"https:\/\/philipp-group.com\/produkt\/przyspawana-plyta\/"},"modified":"2026-03-09T16:42:25","modified_gmt":"2026-03-09T15:42:25","slug":"przyspawana-plyta","status":"publish","type":"product","link":"https:\/\/philipp-group.com\/pl\/produkt\/przyspawana-plyta\/","title":{"rendered":"P\u0142yta spawana"},"content":{"rendered":"<p>P\u0142yty spawane umo\u017cliwiaj\u0105 szybkie i wysokowydajne po\u0142\u0105czenia w prefabrykowanych konstrukcjach betonowych, poniewa\u017c oferuj\u0105 bezpo\u015brednie i solidne przenoszenie si\u0142y bez dodatkowych po\u0142\u0105cze\u0144 \u015brubowych. Poprawiaj\u0105 kontrol\u0119 monta\u017cu, skracaj\u0105 czas obr\u00f3bki wst\u0119pnej i ko\u0144cowej oraz zapewniaj\u0105 wy\u017csz\u0105 jako\u015b\u0107 i powtarzalno\u015b\u0107 po\u0142\u0105cze\u0144 dzi\u0119ki znormalizowanej konstrukcji. <\/p>\n","protected":false},"excerpt":{"rendered":"<p>P\u0142yty spawane umo\u017cliwiaj\u0105 szybkie i wysokowydajne po\u0142\u0105czenia w prefabrykowanych konstrukcjach betonowych, poniewa\u017c oferuj\u0105 bezpo\u015brednie i solidne przenoszenie si\u0142y bez dodatkowych po\u0142\u0105cze\u0144 \u015brubowych. Poprawiaj\u0105 kontrol\u0119 monta\u017cu, skracaj\u0105 czas obr\u00f3bki wst\u0119pnej i ko\u0144cowej oraz zapewniaj\u0105 wy\u017csz\u0105 jako\u015b\u0107 i powtarzalno\u015b\u0107 po\u0142\u0105cze\u0144 dzi\u0119ki znormalizowanej konstrukcji. <\/p>\n","protected":false},"featured_media":20661,"template":"","meta":{"_acf_changed":false,"site-sidebar-layout":"default","site-content-layout":"","ast-site-content-layout":"default","site-content-style":"default","site-sidebar-style":"default","ast-global-header-display":"","ast-banner-title-visibility":"","ast-main-header-display":"","ast-hfb-above-header-display":"","ast-hfb-below-header-display":"","ast-hfb-mobile-header-display":"","site-post-title":"","ast-breadcrumbs-content":"","ast-featured-img":"","footer-sml-layout":"","ast-disable-related-posts":"","theme-transparent-header-meta":"default","adv-header-id-meta":"","stick-header-meta":"","header-above-stick-meta":"","header-main-stick-meta":"","header-below-stick-meta":"","astra-migrate-meta-layouts":"default","ast-page-background-enabled":"default","ast-page-background-meta":{"desktop":{"background-color":"","background-image":"","background-repeat":"repeat","background-position":"center center","background-size":"auto","background-attachment":"scroll","background-type":"","background-media":"","overlay-type":"","overlay-color":"","overlay-opacity":"","overlay-gradient":""},"tablet":{"background-color":"","background-image":"","background-repeat":"repeat","background-position":"center center","background-size":"auto","background-attachment":"scroll","background-type":"","background-media":"","overlay-type":"","overlay-color":"","overlay-opacity":"","overlay-gradient":""},"mobile":{"background-color":"","background-image":"","background-repeat":"repeat","background-position":"center center","background-size":"auto","background-attachment":"scroll","background-type":"","background-media":"","overlay-type":"","overlay-color":"","overlay-opacity":"","overlay-gradient":""}},"ast-content-background-meta":{"desktop":{"background-color":"var(--ast-global-color-5)","background-image":"","background-repeat":"repeat","background-position":"center center","background-size":"auto","background-attachment":"scroll","background-type":"","background-media":"","overlay-type":"","overlay-color":"","overlay-opacity":"","overlay-gradient":""},"tablet":{"background-color":"var(--ast-global-color-5)","background-image":"","background-repeat":"repeat","background-position":"center center","background-size":"auto","background-attachment":"scroll","background-type":"","background-media":"","overlay-type":"","overlay-color":"","overlay-opacity":"","overlay-gradient":""},"mobile":{"background-color":"var(--ast-global-color-5)","background-image":"","background-repeat":"repeat","background-position":"center center","background-size":"auto","background-attachment":"scroll","background-type":"","background-media":"","overlay-type":"","overlay-color":"","overlay-opacity":"","overlay-gradient":""}}},"bauteilart":[606,603,618,617],"bauteil_subtyp":[],"anwendung":[622],"funktionsgruppe":[],"product_brand":[],"product_cat":[623],"product_tag":[],"class_list":{"0":"post-16185","1":"product","2":"type-product","3":"status-publish","4":"has-post-thumbnail","6":"bauteilart-element-przypominajacy-plyte","7":"bauteilart-element-przypominajacy-sciane","8":"bauteilart-komorka-pokoju","9":"bauteilart-komponent-wspornik-drazka","10":"anwendung-mocowanie","11":"product_cat-technologia-mocowania","12":"desktop-align-left","13":"tablet-align-left","14":"mobile-align-left","16":"first","17":"instock","18":"shipping-taxable","19":"purchasable","20":"product-type-simple"},"acf":[],"_links":{"self":[{"href":"https:\/\/philipp-group.com\/pl\/wp-json\/wp\/v2\/product\/16185","targetHints":{"allow":["GET"]}}],"collection":[{"href":"https:\/\/philipp-group.com\/pl\/wp-json\/wp\/v2\/product"}],"about":[{"href":"https:\/\/philipp-group.com\/pl\/wp-json\/wp\/v2\/types\/product"}],"wp:featuredmedia":[{"embeddable":true,"href":"https:\/\/philipp-group.com\/pl\/wp-json\/wp\/v2\/media\/20661"}],"wp:attachment":[{"href":"https:\/\/philipp-group.com\/pl\/wp-json\/wp\/v2\/media?parent=16185"}],"wp:term":[{"taxonomy":"bauteilart","embeddable":true,"href":"https:\/\/philipp-group.com\/pl\/wp-json\/wp\/v2\/bauteilart?post=16185"},{"taxonomy":"bauteil_subtyp","embeddable":true,"href":"https:\/\/philipp-group.com\/pl\/wp-json\/wp\/v2\/bauteil_subtyp?post=16185"},{"taxonomy":"anwendung","embeddable":true,"href":"https:\/\/philipp-group.com\/pl\/wp-json\/wp\/v2\/anwendung?post=16185"},{"taxonomy":"funktionsgruppe","embeddable":true,"href":"https:\/\/philipp-group.com\/pl\/wp-json\/wp\/v2\/funktionsgruppe?post=16185"},{"taxonomy":"product_brand","embeddable":true,"href":"https:\/\/philipp-group.com\/pl\/wp-json\/wp\/v2\/product_brand?post=16185"},{"taxonomy":"product_cat","embeddable":true,"href":"https:\/\/philipp-group.com\/pl\/wp-json\/wp\/v2\/product_cat?post=16185"},{"taxonomy":"product_tag","embeddable":true,"href":"https:\/\/philipp-group.com\/pl\/wp-json\/wp\/v2\/product_tag?post=16185"}],"curies":[{"name":"wp","href":"https:\/\/api.w.org\/{rel}","templated":true}]}}