{"id":16226,"date":"2025-10-02T15:04:30","date_gmt":"2025-10-02T13:04:30","guid":{"rendered":"https:\/\/philipp-group.com\/produkt\/kotwa-wkrecana-rd\/"},"modified":"2026-02-25T16:22:18","modified_gmt":"2026-02-25T15:22:18","slug":"kotwa-wkrecana-rd","status":"publish","type":"product","link":"https:\/\/philipp-group.com\/pl\/produkt\/kotwa-wkrecana-rd\/","title":{"rendered":"Kotwa wkr\u0119cana (RD)"},"content":{"rendered":"<p>Ze wzgl\u0119du na niewielk\u0105 g\u0142\u0119boko\u015b\u0107 zakotwienia, kotwy \u015brubowe s\u0105 idealnym rozwi\u0105zaniem w lekkich, cienkich prefabrykowanych elementach betonowych. Ponadto w pewnych warunkach mo\u017cna pomin\u0105\u0107 dodatkowe uko\u015bne zbrojenie rozci\u0105gane, dzi\u0119ki czemu monta\u017c kotwy \u015brubowej jest niezwykle prosty. Kierunki obci\u0105\u017cenia osiowego i uko\u015bnego s\u0105 dost\u0119pne bez ogranicze\u0144 dla tego typu kotew.  <\/p>\n","protected":false},"excerpt":{"rendered":"<p>Ze wzgl\u0119du na niewielk\u0105 g\u0142\u0119boko\u015b\u0107 zakotwienia, kotwy \u015brubowe s\u0105 idealnym rozwi\u0105zaniem w lekkich, cienkich prefabrykowanych elementach betonowych. Ponadto w pewnych warunkach mo\u017cna pomin\u0105\u0107 dodatkowe uko\u015bne zbrojenie rozci\u0105gane, dzi\u0119ki czemu monta\u017c kotwy \u015brubowej jest niezwykle prosty. Kierunki obci\u0105\u017cenia osiowego i uko\u015bnego s\u0105 dost\u0119pne bez ogranicze\u0144 dla tego typu kotew.  <\/p>\n","protected":false},"featured_media":16227,"template":"","meta":{"_acf_changed":false,"site-sidebar-layout":"default","site-content-layout":"","ast-site-content-layout":"default","site-content-style":"default","site-sidebar-style":"default","ast-global-header-display":"","ast-banner-title-visibility":"","ast-main-header-display":"","ast-hfb-above-header-display":"","ast-hfb-below-header-display":"","ast-hfb-mobile-header-display":"","site-post-title":"","ast-breadcrumbs-content":"","ast-featured-img":"","footer-sml-layout":"","ast-disable-related-posts":"","theme-transparent-header-meta":"default","adv-header-id-meta":"","stick-header-meta":"","header-above-stick-meta":"","header-main-stick-meta":"","header-below-stick-meta":"","astra-migrate-meta-layouts":"default","ast-page-background-enabled":"default","ast-page-background-meta":{"desktop":{"background-color":"","background-image":"","background-repeat":"repeat","background-position":"center center","background-size":"auto","background-attachment":"scroll","background-type":"","background-media":"","overlay-type":"","overlay-color":"","overlay-opacity":"","overlay-gradient":""},"tablet":{"background-color":"","background-image":"","background-repeat":"repeat","background-position":"center center","background-size":"auto","background-attachment":"scroll","background-type":"","background-media":"","overlay-type":"","overlay-color":"","overlay-opacity":"","overlay-gradient":""},"mobile":{"background-color":"","background-image":"","background-repeat":"repeat","background-position":"center center","background-size":"auto","background-attachment":"scroll","background-type":"","background-media":"","overlay-type":"","overlay-color":"","overlay-opacity":"","overlay-gradient":""}},"ast-content-background-meta":{"desktop":{"background-color":"var(--ast-global-color-5)","background-image":"","background-repeat":"repeat","background-position":"center center","background-size":"auto","background-attachment":"scroll","background-type":"","background-media":"","overlay-type":"","overlay-color":"","overlay-opacity":"","overlay-gradient":""},"tablet":{"background-color":"var(--ast-global-color-5)","background-image":"","background-repeat":"repeat","background-position":"center center","background-size":"auto","background-attachment":"scroll","background-type":"","background-media":"","overlay-type":"","overlay-color":"","overlay-opacity":"","overlay-gradient":""},"mobile":{"background-color":"var(--ast-global-color-5)","background-image":"","background-repeat":"repeat","background-position":"center center","background-size":"auto","background-attachment":"scroll","background-type":"","background-media":"","overlay-type":"","overlay-color":"","overlay-opacity":"","overlay-gradient":""}}},"bauteilart":[606],"bauteil_subtyp":[],"anwendung":[587],"funktionsgruppe":[588],"product_brand":[],"product_cat":[583,589,628,582],"product_tag":[],"class_list":{"0":"post-16226","1":"product","2":"type-product","3":"status-publish","4":"has-post-thumbnail","6":"bauteilart-element-przypominajacy-plyte","7":"anwendung-transport","8":"funktionsgruppe-gwintowany-system-kotwic-transportowych","9":"product_cat-gwintowane-systemy-kotew-transportowych","10":"product_cat-kotwica-transportowa","11":"product_cat-system-rd","12":"product_cat-systemy-kotwic-transportowych","13":"desktop-align-left","14":"tablet-align-left","15":"mobile-align-left","17":"first","18":"instock","19":"shipping-taxable","20":"purchasable","21":"product-type-simple"},"acf":[],"_links":{"self":[{"href":"https:\/\/philipp-group.com\/pl\/wp-json\/wp\/v2\/product\/16226","targetHints":{"allow":["GET"]}}],"collection":[{"href":"https:\/\/philipp-group.com\/pl\/wp-json\/wp\/v2\/product"}],"about":[{"href":"https:\/\/philipp-group.com\/pl\/wp-json\/wp\/v2\/types\/product"}],"wp:featuredmedia":[{"embeddable":true,"href":"https:\/\/philipp-group.com\/pl\/wp-json\/wp\/v2\/media\/16227"}],"wp:attachment":[{"href":"https:\/\/philipp-group.com\/pl\/wp-json\/wp\/v2\/media?parent=16226"}],"wp:term":[{"taxonomy":"bauteilart","embeddable":true,"href":"https:\/\/philipp-group.com\/pl\/wp-json\/wp\/v2\/bauteilart?post=16226"},{"taxonomy":"bauteil_subtyp","embeddable":true,"href":"https:\/\/philipp-group.com\/pl\/wp-json\/wp\/v2\/bauteil_subtyp?post=16226"},{"taxonomy":"anwendung","embeddable":true,"href":"https:\/\/philipp-group.com\/pl\/wp-json\/wp\/v2\/anwendung?post=16226"},{"taxonomy":"funktionsgruppe","embeddable":true,"href":"https:\/\/philipp-group.com\/pl\/wp-json\/wp\/v2\/funktionsgruppe?post=16226"},{"taxonomy":"product_brand","embeddable":true,"href":"https:\/\/philipp-group.com\/pl\/wp-json\/wp\/v2\/product_brand?post=16226"},{"taxonomy":"product_cat","embeddable":true,"href":"https:\/\/philipp-group.com\/pl\/wp-json\/wp\/v2\/product_cat?post=16226"},{"taxonomy":"product_tag","embeddable":true,"href":"https:\/\/philipp-group.com\/pl\/wp-json\/wp\/v2\/product_tag?post=16226"}],"curies":[{"name":"wp","href":"https:\/\/api.w.org\/{rel}","templated":true}]}}