{"id":16229,"date":"2025-10-02T15:04:33","date_gmt":"2025-10-02T13:04:33","guid":{"rendered":"https:\/\/philipp-group.com\/produkt\/sferyczna-glowica-kotwicy-rury-magazynka\/"},"modified":"2026-02-25T16:49:56","modified_gmt":"2026-02-25T15:49:56","slug":"sferyczna-glowica-kotwicy-rury-magazynka","status":"publish","type":"product","link":"https:\/\/philipp-group.com\/pl\/produkt\/sferyczna-glowica-kotwicy-rury-magazynka\/","title":{"rendered":"Sferyczna g\u0142owica kotwicy rury magazynka"},"content":{"rendered":"<p>Kotwy magazynkowe z g\u0142owic\u0105 kulow\u0105 s\u0105 stosowane g\u0142\u00f3wnie w lekkich, cienko\u015bciennych rurach oraz \u017celbetowych konstrukcjach szyb\u00f3w i zbiornik\u00f3w. Dost\u0119pne w dw\u00f3ch klasach no\u015bno\u015bci i ze standardow\u0105 g\u0142owic\u0105 kulow\u0105, kotwy te s\u0105 szczeg\u00f3lnie odpowiednie do szalunk\u00f3w z automatycznym podawaniem kotew. Specjalnie ukszta\u0142towane wg\u0142\u0119bienia u\u0142atwiaj\u0105 mocowanie do szalunku, a tak\u017ce p\u00f3\u017aniejsze mocowanie za pomoc\u0105 kulistej g\u0142owicy podnosz\u0105cej.  <\/p>\n","protected":false},"excerpt":{"rendered":"<p>Kotwy magazynkowe z g\u0142owic\u0105 kulow\u0105 s\u0105 stosowane g\u0142\u00f3wnie w lekkich, cienko\u015bciennych rurach oraz \u017celbetowych konstrukcjach szyb\u00f3w i zbiornik\u00f3w. Dost\u0119pne w dw\u00f3ch klasach no\u015bno\u015bci i ze standardow\u0105 g\u0142owic\u0105 kulow\u0105, kotwy te s\u0105 szczeg\u00f3lnie odpowiednie do szalunk\u00f3w z automatycznym podawaniem kotew. Specjalnie ukszta\u0142towane wg\u0142\u0119bienia u\u0142atwiaj\u0105 mocowanie do szalunku, a tak\u017ce p\u00f3\u017aniejsze mocowanie za pomoc\u0105 kulistej g\u0142owicy podnosz\u0105cej.  <\/p>\n","protected":false},"featured_media":16231,"template":"","meta":{"_acf_changed":false,"site-sidebar-layout":"default","site-content-layout":"","ast-site-content-layout":"default","site-content-style":"default","site-sidebar-style":"default","ast-global-header-display":"","ast-banner-title-visibility":"","ast-main-header-display":"","ast-hfb-above-header-display":"","ast-hfb-below-header-display":"","ast-hfb-mobile-header-display":"","site-post-title":"","ast-breadcrumbs-content":"","ast-featured-img":"","footer-sml-layout":"","ast-disable-related-posts":"","theme-transparent-header-meta":"default","adv-header-id-meta":"","stick-header-meta":"","header-above-stick-meta":"","header-main-stick-meta":"","header-below-stick-meta":"","astra-migrate-meta-layouts":"default","ast-page-background-enabled":"default","ast-page-background-meta":{"desktop":{"background-color":"","background-image":"","background-repeat":"repeat","background-position":"center center","background-size":"auto","background-attachment":"scroll","background-type":"","background-media":"","overlay-type":"","overlay-color":"","overlay-opacity":"","overlay-gradient":""},"tablet":{"background-color":"","background-image":"","background-repeat":"repeat","background-position":"center center","background-size":"auto","background-attachment":"scroll","background-type":"","background-media":"","overlay-type":"","overlay-color":"","overlay-opacity":"","overlay-gradient":""},"mobile":{"background-color":"","background-image":"","background-repeat":"repeat","background-position":"center center","background-size":"auto","background-attachment":"scroll","background-type":"","background-media":"","overlay-type":"","overlay-color":"","overlay-opacity":"","overlay-gradient":""}},"ast-content-background-meta":{"desktop":{"background-color":"var(--ast-global-color-5)","background-image":"","background-repeat":"repeat","background-position":"center center","background-size":"auto","background-attachment":"scroll","background-type":"","background-media":"","overlay-type":"","overlay-color":"","overlay-opacity":"","overlay-gradient":""},"tablet":{"background-color":"var(--ast-global-color-5)","background-image":"","background-repeat":"repeat","background-position":"center center","background-size":"auto","background-attachment":"scroll","background-type":"","background-media":"","overlay-type":"","overlay-color":"","overlay-opacity":"","overlay-gradient":""},"mobile":{"background-color":"var(--ast-global-color-5)","background-image":"","background-repeat":"repeat","background-position":"center center","background-size":"auto","background-attachment":"scroll","background-type":"","background-media":"","overlay-type":"","overlay-color":"","overlay-opacity":"","overlay-gradient":""}}},"bauteilart":[629,627],"bauteil_subtyp":[],"anwendung":[587],"funktionsgruppe":[638],"product_brand":[],"product_cat":[589,632,582],"product_tag":[],"class_list":{"0":"post-16229","1":"product","2":"type-product","3":"status-publish","4":"has-post-thumbnail","6":"bauteilart-rura","7":"bauteilart-wlaz-pojemnik","8":"anwendung-transport","9":"funktionsgruppe-system-kotwic-transportowych-z-glowica-kulista","10":"product_cat-kotwica-transportowa","11":"product_cat-system-kotwic-transportowych-z-glowica-kulista","12":"product_cat-systemy-kotwic-transportowych","13":"desktop-align-left","14":"tablet-align-left","15":"mobile-align-left","17":"first","18":"instock","19":"shipping-taxable","20":"purchasable","21":"product-type-simple"},"acf":[],"_links":{"self":[{"href":"https:\/\/philipp-group.com\/pl\/wp-json\/wp\/v2\/product\/16229","targetHints":{"allow":["GET"]}}],"collection":[{"href":"https:\/\/philipp-group.com\/pl\/wp-json\/wp\/v2\/product"}],"about":[{"href":"https:\/\/philipp-group.com\/pl\/wp-json\/wp\/v2\/types\/product"}],"wp:featuredmedia":[{"embeddable":true,"href":"https:\/\/philipp-group.com\/pl\/wp-json\/wp\/v2\/media\/16231"}],"wp:attachment":[{"href":"https:\/\/philipp-group.com\/pl\/wp-json\/wp\/v2\/media?parent=16229"}],"wp:term":[{"taxonomy":"bauteilart","embeddable":true,"href":"https:\/\/philipp-group.com\/pl\/wp-json\/wp\/v2\/bauteilart?post=16229"},{"taxonomy":"bauteil_subtyp","embeddable":true,"href":"https:\/\/philipp-group.com\/pl\/wp-json\/wp\/v2\/bauteil_subtyp?post=16229"},{"taxonomy":"anwendung","embeddable":true,"href":"https:\/\/philipp-group.com\/pl\/wp-json\/wp\/v2\/anwendung?post=16229"},{"taxonomy":"funktionsgruppe","embeddable":true,"href":"https:\/\/philipp-group.com\/pl\/wp-json\/wp\/v2\/funktionsgruppe?post=16229"},{"taxonomy":"product_brand","embeddable":true,"href":"https:\/\/philipp-group.com\/pl\/wp-json\/wp\/v2\/product_brand?post=16229"},{"taxonomy":"product_cat","embeddable":true,"href":"https:\/\/philipp-group.com\/pl\/wp-json\/wp\/v2\/product_cat?post=16229"},{"taxonomy":"product_tag","embeddable":true,"href":"https:\/\/philipp-group.com\/pl\/wp-json\/wp\/v2\/product_tag?post=16229"}],"curies":[{"name":"wp","href":"https:\/\/api.w.org\/{rel}","templated":true}]}}