{"id":16237,"date":"2025-10-02T15:04:33","date_gmt":"2025-10-02T13:04:33","guid":{"rendered":"https:\/\/philipp-group.com\/produkt\/kotwa-pretowa-z-glowica-kulowa\/"},"modified":"2026-02-25T16:49:22","modified_gmt":"2026-02-25T15:49:22","slug":"kotwa-pretowa-z-glowica-kulowa","status":"publish","type":"product","link":"https:\/\/philipp-group.com\/pl\/produkt\/kotwa-pretowa-z-glowica-kulowa\/","title":{"rendered":"Kotwa pr\u0119towa z g\u0142owic\u0105 kulow\u0105"},"content":{"rendered":"<p>Kotwy pr\u0119towe z g\u0142owic\u0105 kulow\u0105 to uniwersalne kotwy transportowe, kt\u00f3re s\u0105 bardziej odpowiednie do stosowania w lekkich i \u015brednio ci\u0119\u017ckich prefabrykowanych elementach betonowych typu \u015bciennego. Kotwa jest standardowo wyposa\u017cona w \u017cebrowan\u0105 podstaw\u0119 zamiast podstawy sp\u0119czanej, jest \u0142atwa w monta\u017cu dzi\u0119ki odpowiednim akcesoriom i imponuje prostot\u0105 i solidnymi elementami no\u015bnymi. Mo\u017cliwe kierunki obci\u0105\u017cenia to rozci\u0105ganie osiowe i uko\u015bne.  <\/p>\n","protected":false},"excerpt":{"rendered":"<p>Kotwy pr\u0119towe z g\u0142owic\u0105 kulow\u0105 to uniwersalne kotwy transportowe, kt\u00f3re s\u0105 bardziej odpowiednie do stosowania w lekkich i \u015brednio ci\u0119\u017ckich prefabrykowanych elementach betonowych typu \u015bciennego. Kotwa jest standardowo wyposa\u017cona w \u017cebrowan\u0105 podstaw\u0119 zamiast podstawy sp\u0119czanej, jest \u0142atwa w monta\u017cu dzi\u0119ki odpowiednim akcesoriom i imponuje prostot\u0105 i solidnymi elementami no\u015bnymi. Mo\u017cliwe kierunki obci\u0105\u017cenia to rozci\u0105ganie osiowe i uko\u015bne.  <\/p>\n","protected":false},"featured_media":16239,"template":"","meta":{"_acf_changed":false,"site-sidebar-layout":"default","site-content-layout":"","ast-site-content-layout":"default","site-content-style":"default","site-sidebar-style":"default","ast-global-header-display":"","ast-banner-title-visibility":"","ast-main-header-display":"","ast-hfb-above-header-display":"","ast-hfb-below-header-display":"","ast-hfb-mobile-header-display":"","site-post-title":"","ast-breadcrumbs-content":"","ast-featured-img":"","footer-sml-layout":"","ast-disable-related-posts":"","theme-transparent-header-meta":"default","adv-header-id-meta":"","stick-header-meta":"","header-above-stick-meta":"","header-main-stick-meta":"","header-below-stick-meta":"","astra-migrate-meta-layouts":"default","ast-page-background-enabled":"default","ast-page-background-meta":{"desktop":{"background-color":"","background-image":"","background-repeat":"repeat","background-position":"center center","background-size":"auto","background-attachment":"scroll","background-type":"","background-media":"","overlay-type":"","overlay-color":"","overlay-opacity":"","overlay-gradient":""},"tablet":{"background-color":"","background-image":"","background-repeat":"repeat","background-position":"center center","background-size":"auto","background-attachment":"scroll","background-type":"","background-media":"","overlay-type":"","overlay-color":"","overlay-opacity":"","overlay-gradient":""},"mobile":{"background-color":"","background-image":"","background-repeat":"repeat","background-position":"center center","background-size":"auto","background-attachment":"scroll","background-type":"","background-media":"","overlay-type":"","overlay-color":"","overlay-opacity":"","overlay-gradient":""}},"ast-content-background-meta":{"desktop":{"background-color":"var(--ast-global-color-5)","background-image":"","background-repeat":"repeat","background-position":"center center","background-size":"auto","background-attachment":"scroll","background-type":"","background-media":"","overlay-type":"","overlay-color":"","overlay-opacity":"","overlay-gradient":""},"tablet":{"background-color":"var(--ast-global-color-5)","background-image":"","background-repeat":"repeat","background-position":"center center","background-size":"auto","background-attachment":"scroll","background-type":"","background-media":"","overlay-type":"","overlay-color":"","overlay-opacity":"","overlay-gradient":""},"mobile":{"background-color":"var(--ast-global-color-5)","background-image":"","background-repeat":"repeat","background-position":"center center","background-size":"auto","background-attachment":"scroll","background-type":"","background-media":"","overlay-type":"","overlay-color":"","overlay-opacity":"","overlay-gradient":""}}},"bauteilart":[],"bauteil_subtyp":[],"anwendung":[587],"funktionsgruppe":[638],"product_brand":[],"product_cat":[589,632,582],"product_tag":[],"class_list":{"0":"post-16237","1":"product","2":"type-product","3":"status-publish","4":"has-post-thumbnail","6":"anwendung-transport","7":"funktionsgruppe-system-kotwic-transportowych-z-glowica-kulista","8":"product_cat-kotwica-transportowa","9":"product_cat-system-kotwic-transportowych-z-glowica-kulista","10":"product_cat-systemy-kotwic-transportowych","11":"desktop-align-left","12":"tablet-align-left","13":"mobile-align-left","15":"first","16":"instock","17":"shipping-taxable","18":"purchasable","19":"product-type-simple"},"acf":[],"_links":{"self":[{"href":"https:\/\/philipp-group.com\/pl\/wp-json\/wp\/v2\/product\/16237","targetHints":{"allow":["GET"]}}],"collection":[{"href":"https:\/\/philipp-group.com\/pl\/wp-json\/wp\/v2\/product"}],"about":[{"href":"https:\/\/philipp-group.com\/pl\/wp-json\/wp\/v2\/types\/product"}],"wp:featuredmedia":[{"embeddable":true,"href":"https:\/\/philipp-group.com\/pl\/wp-json\/wp\/v2\/media\/16239"}],"wp:attachment":[{"href":"https:\/\/philipp-group.com\/pl\/wp-json\/wp\/v2\/media?parent=16237"}],"wp:term":[{"taxonomy":"bauteilart","embeddable":true,"href":"https:\/\/philipp-group.com\/pl\/wp-json\/wp\/v2\/bauteilart?post=16237"},{"taxonomy":"bauteil_subtyp","embeddable":true,"href":"https:\/\/philipp-group.com\/pl\/wp-json\/wp\/v2\/bauteil_subtyp?post=16237"},{"taxonomy":"anwendung","embeddable":true,"href":"https:\/\/philipp-group.com\/pl\/wp-json\/wp\/v2\/anwendung?post=16237"},{"taxonomy":"funktionsgruppe","embeddable":true,"href":"https:\/\/philipp-group.com\/pl\/wp-json\/wp\/v2\/funktionsgruppe?post=16237"},{"taxonomy":"product_brand","embeddable":true,"href":"https:\/\/philipp-group.com\/pl\/wp-json\/wp\/v2\/product_brand?post=16237"},{"taxonomy":"product_cat","embeddable":true,"href":"https:\/\/philipp-group.com\/pl\/wp-json\/wp\/v2\/product_cat?post=16237"},{"taxonomy":"product_tag","embeddable":true,"href":"https:\/\/philipp-group.com\/pl\/wp-json\/wp\/v2\/product_tag?post=16237"}],"curies":[{"name":"wp","href":"https:\/\/api.w.org\/{rel}","templated":true}]}}