{"id":16252,"date":"2025-10-02T15:04:39","date_gmt":"2025-10-02T13:04:39","guid":{"rendered":"https:\/\/philipp-group.com\/produkt\/mocowanie-magnetyczne-dla-kanalow-kotwiacych\/"},"modified":"2026-03-09T16:18:40","modified_gmt":"2026-03-09T15:18:40","slug":"mocowanie-magnetyczne-dla-kanalow-kotwiacych","status":"publish","type":"product","link":"https:\/\/philipp-group.com\/pl\/produkt\/mocowanie-magnetyczne-dla-kanalow-kotwiacych\/","title":{"rendered":"Mocowanie magnetyczne dla szyn kotwi\u0105cych"},"content":{"rendered":"<p>Magnes do szyn kotwi\u0105cych umo\u017cliwia mocowanie szyn do szalunku. Magnes mo\u017cna \u0142atwo wcisn\u0105\u0107 w otw\u00f3r szyny lub piank\u0119 i zakotwiczy\u0107 pod kraw\u0119dziami szyny.  Po zatrza\u015bni\u0119ciu szyn\u0119 mo\u017cna po prostu przymocowa\u0107 do szalunku. Bez klejenia, bez pozosta\u0142o\u015bci kleju, \u0142atwe pozycjonowanie. <\/p>\n","protected":false},"excerpt":{"rendered":"<p>Magnes do szyn kotwi\u0105cych umo\u017cliwia mocowanie szyn do szalunku. Magnes mo\u017cna \u0142atwo wcisn\u0105\u0107 w otw\u00f3r szyny lub piank\u0119 i zakotwiczy\u0107 pod kraw\u0119dziami szyny.  Po zatrza\u015bni\u0119ciu szyn\u0119 mo\u017cna po prostu przymocowa\u0107 do szalunku. Bez klejenia, bez pozosta\u0142o\u015bci kleju, \u0142atwe pozycjonowanie. <\/p>\n","protected":false},"featured_media":20657,"template":"","meta":{"_acf_changed":false,"site-sidebar-layout":"default","site-content-layout":"","ast-site-content-layout":"default","site-content-style":"default","site-sidebar-style":"default","ast-global-header-display":"","ast-banner-title-visibility":"","ast-main-header-display":"","ast-hfb-above-header-display":"","ast-hfb-below-header-display":"","ast-hfb-mobile-header-display":"","site-post-title":"","ast-breadcrumbs-content":"","ast-featured-img":"","footer-sml-layout":"","ast-disable-related-posts":"","theme-transparent-header-meta":"default","adv-header-id-meta":"","stick-header-meta":"","header-above-stick-meta":"","header-main-stick-meta":"","header-below-stick-meta":"","astra-migrate-meta-layouts":"default","ast-page-background-enabled":"default","ast-page-background-meta":{"desktop":{"background-color":"","background-image":"","background-repeat":"repeat","background-position":"center center","background-size":"auto","background-attachment":"scroll","background-type":"","background-media":"","overlay-type":"","overlay-color":"","overlay-opacity":"","overlay-gradient":""},"tablet":{"background-color":"","background-image":"","background-repeat":"repeat","background-position":"center center","background-size":"auto","background-attachment":"scroll","background-type":"","background-media":"","overlay-type":"","overlay-color":"","overlay-opacity":"","overlay-gradient":""},"mobile":{"background-color":"","background-image":"","background-repeat":"repeat","background-position":"center center","background-size":"auto","background-attachment":"scroll","background-type":"","background-media":"","overlay-type":"","overlay-color":"","overlay-opacity":"","overlay-gradient":""}},"ast-content-background-meta":{"desktop":{"background-color":"var(--ast-global-color-5)","background-image":"","background-repeat":"repeat","background-position":"center center","background-size":"auto","background-attachment":"scroll","background-type":"","background-media":"","overlay-type":"","overlay-color":"","overlay-opacity":"","overlay-gradient":""},"tablet":{"background-color":"var(--ast-global-color-5)","background-image":"","background-repeat":"repeat","background-position":"center center","background-size":"auto","background-attachment":"scroll","background-type":"","background-media":"","overlay-type":"","overlay-color":"","overlay-opacity":"","overlay-gradient":""},"mobile":{"background-color":"var(--ast-global-color-5)","background-image":"","background-repeat":"repeat","background-position":"center center","background-size":"auto","background-attachment":"scroll","background-type":"","background-media":"","overlay-type":"","overlay-color":"","overlay-opacity":"","overlay-gradient":""}}},"bauteilart":[],"bauteil_subtyp":[],"anwendung":[],"funktionsgruppe":[],"product_brand":[],"product_cat":[623],"product_tag":[],"class_list":{"0":"post-16252","1":"product","2":"type-product","3":"status-publish","4":"has-post-thumbnail","6":"product_cat-technologia-mocowania","7":"desktop-align-left","8":"tablet-align-left","9":"mobile-align-left","11":"first","12":"instock","13":"shipping-taxable","14":"purchasable","15":"product-type-simple"},"acf":[],"_links":{"self":[{"href":"https:\/\/philipp-group.com\/pl\/wp-json\/wp\/v2\/product\/16252","targetHints":{"allow":["GET"]}}],"collection":[{"href":"https:\/\/philipp-group.com\/pl\/wp-json\/wp\/v2\/product"}],"about":[{"href":"https:\/\/philipp-group.com\/pl\/wp-json\/wp\/v2\/types\/product"}],"wp:featuredmedia":[{"embeddable":true,"href":"https:\/\/philipp-group.com\/pl\/wp-json\/wp\/v2\/media\/20657"}],"wp:attachment":[{"href":"https:\/\/philipp-group.com\/pl\/wp-json\/wp\/v2\/media?parent=16252"}],"wp:term":[{"taxonomy":"bauteilart","embeddable":true,"href":"https:\/\/philipp-group.com\/pl\/wp-json\/wp\/v2\/bauteilart?post=16252"},{"taxonomy":"bauteil_subtyp","embeddable":true,"href":"https:\/\/philipp-group.com\/pl\/wp-json\/wp\/v2\/bauteil_subtyp?post=16252"},{"taxonomy":"anwendung","embeddable":true,"href":"https:\/\/philipp-group.com\/pl\/wp-json\/wp\/v2\/anwendung?post=16252"},{"taxonomy":"funktionsgruppe","embeddable":true,"href":"https:\/\/philipp-group.com\/pl\/wp-json\/wp\/v2\/funktionsgruppe?post=16252"},{"taxonomy":"product_brand","embeddable":true,"href":"https:\/\/philipp-group.com\/pl\/wp-json\/wp\/v2\/product_brand?post=16252"},{"taxonomy":"product_cat","embeddable":true,"href":"https:\/\/philipp-group.com\/pl\/wp-json\/wp\/v2\/product_cat?post=16252"},{"taxonomy":"product_tag","embeddable":true,"href":"https:\/\/philipp-group.com\/pl\/wp-json\/wp\/v2\/product_tag?post=16252"}],"curies":[{"name":"wp","href":"https:\/\/api.w.org\/{rel}","templated":true}]}}