{"id":16256,"date":"2025-10-02T15:04:40","date_gmt":"2025-10-02T13:04:40","guid":{"rendered":"https:\/\/philipp-group.com\/produkt\/panel-akustyczny-pakon-nl-podluznica-schodow\/"},"modified":"2026-02-25T17:15:37","modified_gmt":"2026-02-25T16:15:37","slug":"panel-akustyczny-pakon-nl-podluznica-schodow","status":"publish","type":"product","link":"https:\/\/philipp-group.com\/pl\/produkt\/panel-akustyczny-pakon-nl-podluznica-schodow\/","title":{"rendered":"Panel akustyczny PAKON NL (pod\u0142u\u017cnica schod\u00f3w)"},"content":{"rendered":"<p>P\u0142yta izolacji akustycznej typu NL s\u0142u\u017cy do tworzenia po\u0142\u0105czenia mi\u0119dzy schodami lub podestami a \u015bcianami klatki schodowej bez tworzenia mostka akustycznego. Elementy betonowe mog\u0105 by\u0107 wykonane z betonu na miejscu lub jako elementy prefabrykowane. Panele s\u0105 samoprzylepne i sk\u0142adaj\u0105 si\u0119 z paneli z pianki PE, kt\u00f3re nie maj\u0105 efektu no\u015bnego. Panele izoluj\u0105ce od d\u017awi\u0119k\u00f3w uderzeniowych mo\u017cna \u0142atwo dostosowa\u0107 do r\u00f3\u017cnych kszta\u0142t\u00f3w klatki schodowej, przycinaj\u0105c je na miejscu.   <\/p>\n","protected":false},"excerpt":{"rendered":"<p>P\u0142yta izolacji akustycznej typu NL s\u0142u\u017cy do tworzenia po\u0142\u0105czenia mi\u0119dzy schodami lub podestami a \u015bcianami klatki schodowej bez tworzenia mostka akustycznego. Elementy betonowe mog\u0105 by\u0107 wykonane z betonu na miejscu lub jako elementy prefabrykowane. Panele s\u0105 samoprzylepne i sk\u0142adaj\u0105 si\u0119 z paneli z pianki PE, kt\u00f3re nie maj\u0105 efektu no\u015bnego. Panele izoluj\u0105ce od d\u017awi\u0119k\u00f3w uderzeniowych mo\u017cna \u0142atwo dostosowa\u0107 do r\u00f3\u017cnych kszta\u0142t\u00f3w klatki schodowej, przycinaj\u0105c je na miejscu.   <\/p>\n","protected":false},"featured_media":16258,"template":"","meta":{"_acf_changed":false,"site-sidebar-layout":"default","site-content-layout":"","ast-site-content-layout":"default","site-content-style":"default","site-sidebar-style":"default","ast-global-header-display":"","ast-banner-title-visibility":"","ast-main-header-display":"","ast-hfb-above-header-display":"","ast-hfb-below-header-display":"","ast-hfb-mobile-header-display":"","site-post-title":"","ast-breadcrumbs-content":"","ast-featured-img":"","footer-sml-layout":"","ast-disable-related-posts":"","theme-transparent-header-meta":"default","adv-header-id-meta":"","stick-header-meta":"","header-above-stick-meta":"","header-main-stick-meta":"","header-below-stick-meta":"","astra-migrate-meta-layouts":"default","ast-page-background-enabled":"default","ast-page-background-meta":{"desktop":{"background-color":"","background-image":"","background-repeat":"repeat","background-position":"center center","background-size":"auto","background-attachment":"scroll","background-type":"","background-media":"","overlay-type":"","overlay-color":"","overlay-opacity":"","overlay-gradient":""},"tablet":{"background-color":"","background-image":"","background-repeat":"repeat","background-position":"center center","background-size":"auto","background-attachment":"scroll","background-type":"","background-media":"","overlay-type":"","overlay-color":"","overlay-opacity":"","overlay-gradient":""},"mobile":{"background-color":"","background-image":"","background-repeat":"repeat","background-position":"center center","background-size":"auto","background-attachment":"scroll","background-type":"","background-media":"","overlay-type":"","overlay-color":"","overlay-opacity":"","overlay-gradient":""}},"ast-content-background-meta":{"desktop":{"background-color":"var(--ast-global-color-5)","background-image":"","background-repeat":"repeat","background-position":"center center","background-size":"auto","background-attachment":"scroll","background-type":"","background-media":"","overlay-type":"","overlay-color":"","overlay-opacity":"","overlay-gradient":""},"tablet":{"background-color":"var(--ast-global-color-5)","background-image":"","background-repeat":"repeat","background-position":"center center","background-size":"auto","background-attachment":"scroll","background-type":"","background-media":"","overlay-type":"","overlay-color":"","overlay-opacity":"","overlay-gradient":""},"mobile":{"background-color":"var(--ast-global-color-5)","background-image":"","background-repeat":"repeat","background-position":"center center","background-size":"auto","background-attachment":"scroll","background-type":"","background-media":"","overlay-type":"","overlay-color":"","overlay-opacity":"","overlay-gradient":""}}},"bauteilart":[621],"bauteil_subtyp":[],"anwendung":[620],"funktionsgruppe":[614],"product_brand":[],"product_cat":[619],"product_tag":[],"class_list":{"0":"post-16256","1":"product","2":"type-product","3":"status-publish","4":"has-post-thumbnail","6":"bauteilart-schody","7":"anwendung-izolacja-dzwiekow-uderzeniowych","8":"funktionsgruppe-konstruktywny","9":"product_cat-systemy-izolacji-dzwiekow-uderzeniowych","10":"desktop-align-left","11":"tablet-align-left","12":"mobile-align-left","14":"first","15":"instock","16":"shipping-taxable","17":"purchasable","18":"product-type-simple"},"acf":[],"_links":{"self":[{"href":"https:\/\/philipp-group.com\/pl\/wp-json\/wp\/v2\/product\/16256","targetHints":{"allow":["GET"]}}],"collection":[{"href":"https:\/\/philipp-group.com\/pl\/wp-json\/wp\/v2\/product"}],"about":[{"href":"https:\/\/philipp-group.com\/pl\/wp-json\/wp\/v2\/types\/product"}],"wp:featuredmedia":[{"embeddable":true,"href":"https:\/\/philipp-group.com\/pl\/wp-json\/wp\/v2\/media\/16258"}],"wp:attachment":[{"href":"https:\/\/philipp-group.com\/pl\/wp-json\/wp\/v2\/media?parent=16256"}],"wp:term":[{"taxonomy":"bauteilart","embeddable":true,"href":"https:\/\/philipp-group.com\/pl\/wp-json\/wp\/v2\/bauteilart?post=16256"},{"taxonomy":"bauteil_subtyp","embeddable":true,"href":"https:\/\/philipp-group.com\/pl\/wp-json\/wp\/v2\/bauteil_subtyp?post=16256"},{"taxonomy":"anwendung","embeddable":true,"href":"https:\/\/philipp-group.com\/pl\/wp-json\/wp\/v2\/anwendung?post=16256"},{"taxonomy":"funktionsgruppe","embeddable":true,"href":"https:\/\/philipp-group.com\/pl\/wp-json\/wp\/v2\/funktionsgruppe?post=16256"},{"taxonomy":"product_brand","embeddable":true,"href":"https:\/\/philipp-group.com\/pl\/wp-json\/wp\/v2\/product_brand?post=16256"},{"taxonomy":"product_cat","embeddable":true,"href":"https:\/\/philipp-group.com\/pl\/wp-json\/wp\/v2\/product_cat?post=16256"},{"taxonomy":"product_tag","embeddable":true,"href":"https:\/\/philipp-group.com\/pl\/wp-json\/wp\/v2\/product_tag?post=16256"}],"curies":[{"name":"wp","href":"https:\/\/api.w.org\/{rel}","templated":true}]}}