{"id":16261,"date":"2025-10-02T15:04:40","date_gmt":"2025-10-02T13:04:40","guid":{"rendered":"https:\/\/philipp-group.com\/produkt\/panel-dzwiekowy-pakon-nf-glowica-schodow\/"},"modified":"2026-02-25T17:14:30","modified_gmt":"2026-02-25T16:14:30","slug":"panel-dzwiekowy-pakon-nf-glowica-schodow","status":"publish","type":"product","link":"https:\/\/philipp-group.com\/pl\/produkt\/panel-dzwiekowy-pakon-nf-glowica-schodow\/","title":{"rendered":"Panel d\u017awi\u0119kowy PAKON NF (g\u0142owica schod\u00f3w)"},"content":{"rendered":"<p>Panel d\u017awi\u0119koch\u0142onny typu NF jest stosowany do akustycznego odsprz\u0119gania bieg\u00f3w schodowych lub podest\u00f3w za pomoc\u0105 listew wspornikowych. Elementy betonowe mog\u0105 by\u0107 wykonane z betonu na miejscu lub jako cz\u0119\u015bci prefabrykowane. Panel izoluj\u0105cy od d\u017awi\u0119k\u00f3w uderzeniowych mo\u017cna \u0142atwo dostosowa\u0107 do r\u00f3\u017cnych kszta\u0142t\u00f3w geometrycznych element\u00f3w betonowych na miejscu poprzez ich przyci\u0119cie. Specjalny typ NF-VH mo\u017ce by\u0107 r\u00f3wnie\u017c stosowany do przenoszenia obci\u0105\u017ce\u0144 poziomych wynikaj\u0105cych z normalnych obci\u0105\u017ce\u0144.   <\/p>\n","protected":false},"excerpt":{"rendered":"<p>Panel d\u017awi\u0119koch\u0142onny typu NF jest stosowany do akustycznego odsprz\u0119gania bieg\u00f3w schodowych lub podest\u00f3w za pomoc\u0105 listew wspornikowych. Elementy betonowe mog\u0105 by\u0107 wykonane z betonu na miejscu lub jako cz\u0119\u015bci prefabrykowane. Panel izoluj\u0105cy od d\u017awi\u0119k\u00f3w uderzeniowych mo\u017cna \u0142atwo dostosowa\u0107 do r\u00f3\u017cnych kszta\u0142t\u00f3w geometrycznych element\u00f3w betonowych na miejscu poprzez ich przyci\u0119cie. Specjalny typ NF-VH mo\u017ce by\u0107 r\u00f3wnie\u017c stosowany do przenoszenia obci\u0105\u017ce\u0144 poziomych wynikaj\u0105cych z normalnych obci\u0105\u017ce\u0144.   <\/p>\n","protected":false},"featured_media":16263,"template":"","meta":{"_acf_changed":false,"site-sidebar-layout":"default","site-content-layout":"","ast-site-content-layout":"default","site-content-style":"default","site-sidebar-style":"default","ast-global-header-display":"","ast-banner-title-visibility":"","ast-main-header-display":"","ast-hfb-above-header-display":"","ast-hfb-below-header-display":"","ast-hfb-mobile-header-display":"","site-post-title":"","ast-breadcrumbs-content":"","ast-featured-img":"","footer-sml-layout":"","ast-disable-related-posts":"","theme-transparent-header-meta":"default","adv-header-id-meta":"","stick-header-meta":"","header-above-stick-meta":"","header-main-stick-meta":"","header-below-stick-meta":"","astra-migrate-meta-layouts":"default","ast-page-background-enabled":"default","ast-page-background-meta":{"desktop":{"background-color":"","background-image":"","background-repeat":"repeat","background-position":"center center","background-size":"auto","background-attachment":"scroll","background-type":"","background-media":"","overlay-type":"","overlay-color":"","overlay-opacity":"","overlay-gradient":""},"tablet":{"background-color":"","background-image":"","background-repeat":"repeat","background-position":"center center","background-size":"auto","background-attachment":"scroll","background-type":"","background-media":"","overlay-type":"","overlay-color":"","overlay-opacity":"","overlay-gradient":""},"mobile":{"background-color":"","background-image":"","background-repeat":"repeat","background-position":"center center","background-size":"auto","background-attachment":"scroll","background-type":"","background-media":"","overlay-type":"","overlay-color":"","overlay-opacity":"","overlay-gradient":""}},"ast-content-background-meta":{"desktop":{"background-color":"var(--ast-global-color-5)","background-image":"","background-repeat":"repeat","background-position":"center center","background-size":"auto","background-attachment":"scroll","background-type":"","background-media":"","overlay-type":"","overlay-color":"","overlay-opacity":"","overlay-gradient":""},"tablet":{"background-color":"var(--ast-global-color-5)","background-image":"","background-repeat":"repeat","background-position":"center center","background-size":"auto","background-attachment":"scroll","background-type":"","background-media":"","overlay-type":"","overlay-color":"","overlay-opacity":"","overlay-gradient":""},"mobile":{"background-color":"var(--ast-global-color-5)","background-image":"","background-repeat":"repeat","background-position":"center center","background-size":"auto","background-attachment":"scroll","background-type":"","background-media":"","overlay-type":"","overlay-color":"","overlay-opacity":"","overlay-gradient":""}}},"bauteilart":[621],"bauteil_subtyp":[],"anwendung":[620],"funktionsgruppe":[612],"product_brand":[],"product_cat":[619],"product_tag":[],"class_list":{"0":"post-16261","1":"product","2":"type-product","3":"status-publish","4":"has-post-thumbnail","6":"bauteilart-schody","7":"anwendung-izolacja-dzwiekow-uderzeniowych","8":"funktionsgruppe-zatwierdzony-sprawdzony-typ","9":"product_cat-systemy-izolacji-dzwiekow-uderzeniowych","10":"desktop-align-left","11":"tablet-align-left","12":"mobile-align-left","14":"first","15":"instock","16":"shipping-taxable","17":"purchasable","18":"product-type-simple"},"acf":[],"_links":{"self":[{"href":"https:\/\/philipp-group.com\/pl\/wp-json\/wp\/v2\/product\/16261","targetHints":{"allow":["GET"]}}],"collection":[{"href":"https:\/\/philipp-group.com\/pl\/wp-json\/wp\/v2\/product"}],"about":[{"href":"https:\/\/philipp-group.com\/pl\/wp-json\/wp\/v2\/types\/product"}],"wp:featuredmedia":[{"embeddable":true,"href":"https:\/\/philipp-group.com\/pl\/wp-json\/wp\/v2\/media\/16263"}],"wp:attachment":[{"href":"https:\/\/philipp-group.com\/pl\/wp-json\/wp\/v2\/media?parent=16261"}],"wp:term":[{"taxonomy":"bauteilart","embeddable":true,"href":"https:\/\/philipp-group.com\/pl\/wp-json\/wp\/v2\/bauteilart?post=16261"},{"taxonomy":"bauteil_subtyp","embeddable":true,"href":"https:\/\/philipp-group.com\/pl\/wp-json\/wp\/v2\/bauteil_subtyp?post=16261"},{"taxonomy":"anwendung","embeddable":true,"href":"https:\/\/philipp-group.com\/pl\/wp-json\/wp\/v2\/anwendung?post=16261"},{"taxonomy":"funktionsgruppe","embeddable":true,"href":"https:\/\/philipp-group.com\/pl\/wp-json\/wp\/v2\/funktionsgruppe?post=16261"},{"taxonomy":"product_brand","embeddable":true,"href":"https:\/\/philipp-group.com\/pl\/wp-json\/wp\/v2\/product_brand?post=16261"},{"taxonomy":"product_cat","embeddable":true,"href":"https:\/\/philipp-group.com\/pl\/wp-json\/wp\/v2\/product_cat?post=16261"},{"taxonomy":"product_tag","embeddable":true,"href":"https:\/\/philipp-group.com\/pl\/wp-json\/wp\/v2\/product_tag?post=16261"}],"curies":[{"name":"wp","href":"https:\/\/api.w.org\/{rel}","templated":true}]}}