{"id":16270,"date":"2025-10-02T15:04:40","date_gmt":"2025-10-02T13:04:40","guid":{"rendered":"https:\/\/philipp-group.com\/produkt\/dzwiek-pakon-isodorn-hqw\/"},"modified":"2026-02-25T17:13:21","modified_gmt":"2026-02-25T16:13:21","slug":"dzwiek-pakon-isodorn-hqw","status":"publish","type":"product","link":"https:\/\/philipp-group.com\/pl\/produkt\/dzwiek-pakon-isodorn-hqw\/","title":{"rendered":"D\u017awi\u0119k PAKON ISODORN HQW"},"content":{"rendered":"<p>Schall-ISODORN HQW\u00ae mo\u017ce by\u0107 stosowany uniwersalnie i bez dodatkowych wspornik\u00f3w w klatkach schodowych o dowolnej konstrukcji do odsprz\u0119gania (spiralnych) klatek schodowych i podest\u00f3w, a tak\u017ce loggii i podcieni. System jest odpowiedni do pionowych si\u0142 \u015bcinaj\u0105cych (no\u015bnych i podnosz\u0105cych) i mo\u017ce by\u0107 rozszerzony o dodatkowe elementy, takie jak regulacja wysoko\u015bci, trzpie\u0144 napinaj\u0105cy, zwi\u0119kszone odleg\u0142o\u015bci monta\u017cowe do 120 mm i wiele innych.  <\/p>\n","protected":false},"excerpt":{"rendered":"<p>Schall-ISODORN HQW\u00ae mo\u017ce by\u0107 stosowany uniwersalnie i bez dodatkowych wspornik\u00f3w w klatkach schodowych o dowolnej konstrukcji do odsprz\u0119gania (spiralnych) klatek schodowych i podest\u00f3w, a tak\u017ce loggii i podcieni. System jest odpowiedni do pionowych si\u0142 \u015bcinaj\u0105cych (no\u015bnych i podnosz\u0105cych) i mo\u017ce by\u0107 rozszerzony o dodatkowe elementy, takie jak regulacja wysoko\u015bci, trzpie\u0144 napinaj\u0105cy, zwi\u0119kszone odleg\u0142o\u015bci monta\u017cowe do 120 mm i wiele innych.  <\/p>\n","protected":false},"featured_media":16271,"template":"","meta":{"_acf_changed":false,"site-sidebar-layout":"default","site-content-layout":"","ast-site-content-layout":"default","site-content-style":"default","site-sidebar-style":"default","ast-global-header-display":"","ast-banner-title-visibility":"","ast-main-header-display":"","ast-hfb-above-header-display":"","ast-hfb-below-header-display":"","ast-hfb-mobile-header-display":"","site-post-title":"","ast-breadcrumbs-content":"","ast-featured-img":"","footer-sml-layout":"","ast-disable-related-posts":"","theme-transparent-header-meta":"default","adv-header-id-meta":"","stick-header-meta":"","header-above-stick-meta":"","header-main-stick-meta":"","header-below-stick-meta":"","astra-migrate-meta-layouts":"default","ast-page-background-enabled":"default","ast-page-background-meta":{"desktop":{"background-color":"","background-image":"","background-repeat":"repeat","background-position":"center center","background-size":"auto","background-attachment":"scroll","background-type":"","background-media":"","overlay-type":"","overlay-color":"","overlay-opacity":"","overlay-gradient":""},"tablet":{"background-color":"","background-image":"","background-repeat":"repeat","background-position":"center center","background-size":"auto","background-attachment":"scroll","background-type":"","background-media":"","overlay-type":"","overlay-color":"","overlay-opacity":"","overlay-gradient":""},"mobile":{"background-color":"","background-image":"","background-repeat":"repeat","background-position":"center center","background-size":"auto","background-attachment":"scroll","background-type":"","background-media":"","overlay-type":"","overlay-color":"","overlay-opacity":"","overlay-gradient":""}},"ast-content-background-meta":{"desktop":{"background-color":"var(--ast-global-color-5)","background-image":"","background-repeat":"repeat","background-position":"center center","background-size":"auto","background-attachment":"scroll","background-type":"","background-media":"","overlay-type":"","overlay-color":"","overlay-opacity":"","overlay-gradient":""},"tablet":{"background-color":"var(--ast-global-color-5)","background-image":"","background-repeat":"repeat","background-position":"center center","background-size":"auto","background-attachment":"scroll","background-type":"","background-media":"","overlay-type":"","overlay-color":"","overlay-opacity":"","overlay-gradient":""},"mobile":{"background-color":"var(--ast-global-color-5)","background-image":"","background-repeat":"repeat","background-position":"center center","background-size":"auto","background-attachment":"scroll","background-type":"","background-media":"","overlay-type":"","overlay-color":"","overlay-opacity":"","overlay-gradient":""}}},"bauteilart":[621],"bauteil_subtyp":[],"anwendung":[620],"funktionsgruppe":[612],"product_brand":[],"product_cat":[619],"product_tag":[],"class_list":{"0":"post-16270","1":"product","2":"type-product","3":"status-publish","4":"has-post-thumbnail","6":"bauteilart-schody","7":"anwendung-izolacja-dzwiekow-uderzeniowych","8":"funktionsgruppe-zatwierdzony-sprawdzony-typ","9":"product_cat-systemy-izolacji-dzwiekow-uderzeniowych","10":"desktop-align-left","11":"tablet-align-left","12":"mobile-align-left","14":"first","15":"instock","16":"shipping-taxable","17":"purchasable","18":"product-type-simple"},"acf":[],"_links":{"self":[{"href":"https:\/\/philipp-group.com\/pl\/wp-json\/wp\/v2\/product\/16270","targetHints":{"allow":["GET"]}}],"collection":[{"href":"https:\/\/philipp-group.com\/pl\/wp-json\/wp\/v2\/product"}],"about":[{"href":"https:\/\/philipp-group.com\/pl\/wp-json\/wp\/v2\/types\/product"}],"wp:featuredmedia":[{"embeddable":true,"href":"https:\/\/philipp-group.com\/pl\/wp-json\/wp\/v2\/media\/16271"}],"wp:attachment":[{"href":"https:\/\/philipp-group.com\/pl\/wp-json\/wp\/v2\/media?parent=16270"}],"wp:term":[{"taxonomy":"bauteilart","embeddable":true,"href":"https:\/\/philipp-group.com\/pl\/wp-json\/wp\/v2\/bauteilart?post=16270"},{"taxonomy":"bauteil_subtyp","embeddable":true,"href":"https:\/\/philipp-group.com\/pl\/wp-json\/wp\/v2\/bauteil_subtyp?post=16270"},{"taxonomy":"anwendung","embeddable":true,"href":"https:\/\/philipp-group.com\/pl\/wp-json\/wp\/v2\/anwendung?post=16270"},{"taxonomy":"funktionsgruppe","embeddable":true,"href":"https:\/\/philipp-group.com\/pl\/wp-json\/wp\/v2\/funktionsgruppe?post=16270"},{"taxonomy":"product_brand","embeddable":true,"href":"https:\/\/philipp-group.com\/pl\/wp-json\/wp\/v2\/product_brand?post=16270"},{"taxonomy":"product_cat","embeddable":true,"href":"https:\/\/philipp-group.com\/pl\/wp-json\/wp\/v2\/product_cat?post=16270"},{"taxonomy":"product_tag","embeddable":true,"href":"https:\/\/philipp-group.com\/pl\/wp-json\/wp\/v2\/product_tag?post=16270"}],"curies":[{"name":"wp","href":"https:\/\/api.w.org\/{rel}","templated":true}]}}