{"id":16293,"date":"2025-10-02T15:04:29","date_gmt":"2025-10-02T13:04:29","guid":{"rendered":"https:\/\/philipp-group.com\/produkt\/glowica-kulowa-do-podnoszenia\/"},"modified":"2026-02-25T16:50:31","modified_gmt":"2026-02-25T15:50:31","slug":"glowica-kulowa-do-podnoszenia","status":"publish","type":"product","link":"https:\/\/philipp-group.com\/pl\/produkt\/glowica-kulowa-do-podnoszenia\/","title":{"rendered":"G\u0142owica kulowa do podnoszenia"},"content":{"rendered":"<p>G\u0142owica podnosz\u0105ca z g\u0142owic\u0105 kulow\u0105 zosta\u0142a zaprojektowana wy\u0142\u0105cznie dla systemu g\u0142owic kulowych, a jej nieskomplikowany mechanizm umo\u017cliwia bardzo \u0142atwe, bezpieczne i szybkie \u0142\u0105czenie i roz\u0142\u0105czanie gotowego elementu. Dzi\u0119ki solidnej konstrukcji jest bardzo wytrzyma\u0142a i dlatego idealnie nadaje si\u0119 do codziennego u\u017cytku. Aby zwi\u0119kszy\u0107 bezpiecze\u0144stwo, dost\u0119pny jest prosty miernik do szybkiego sprawdzania wa\u017cnych wymiar\u00f3w zu\u017cycia g\u0142owicy podnosz\u0105cej.  <\/p>\n","protected":false},"excerpt":{"rendered":"<p>G\u0142owica podnosz\u0105ca z g\u0142owic\u0105 kulow\u0105 zosta\u0142a zaprojektowana wy\u0142\u0105cznie dla systemu g\u0142owic kulowych, a jej nieskomplikowany mechanizm umo\u017cliwia bardzo \u0142atwe, bezpieczne i szybkie \u0142\u0105czenie i roz\u0142\u0105czanie gotowego elementu. Dzi\u0119ki solidnej konstrukcji jest bardzo wytrzyma\u0142a i dlatego idealnie nadaje si\u0119 do codziennego u\u017cytku. Aby zwi\u0119kszy\u0107 bezpiecze\u0144stwo, dost\u0119pny jest prosty miernik do szybkiego sprawdzania wa\u017cnych wymiar\u00f3w zu\u017cycia g\u0142owicy podnosz\u0105cej.  <\/p>\n","protected":false},"featured_media":16295,"template":"","meta":{"_acf_changed":false,"site-sidebar-layout":"default","site-content-layout":"","ast-site-content-layout":"default","site-content-style":"default","site-sidebar-style":"default","ast-global-header-display":"","ast-banner-title-visibility":"","ast-main-header-display":"","ast-hfb-above-header-display":"","ast-hfb-below-header-display":"","ast-hfb-mobile-header-display":"","site-post-title":"","ast-breadcrumbs-content":"","ast-featured-img":"","footer-sml-layout":"","ast-disable-related-posts":"","theme-transparent-header-meta":"default","adv-header-id-meta":"","stick-header-meta":"","header-above-stick-meta":"","header-main-stick-meta":"","header-below-stick-meta":"","astra-migrate-meta-layouts":"default","ast-page-background-enabled":"default","ast-page-background-meta":{"desktop":{"background-color":"","background-image":"","background-repeat":"repeat","background-position":"center center","background-size":"auto","background-attachment":"scroll","background-type":"","background-media":"","overlay-type":"","overlay-color":"","overlay-opacity":"","overlay-gradient":""},"tablet":{"background-color":"","background-image":"","background-repeat":"repeat","background-position":"center center","background-size":"auto","background-attachment":"scroll","background-type":"","background-media":"","overlay-type":"","overlay-color":"","overlay-opacity":"","overlay-gradient":""},"mobile":{"background-color":"","background-image":"","background-repeat":"repeat","background-position":"center center","background-size":"auto","background-attachment":"scroll","background-type":"","background-media":"","overlay-type":"","overlay-color":"","overlay-opacity":"","overlay-gradient":""}},"ast-content-background-meta":{"desktop":{"background-color":"var(--ast-global-color-5)","background-image":"","background-repeat":"repeat","background-position":"center center","background-size":"auto","background-attachment":"scroll","background-type":"","background-media":"","overlay-type":"","overlay-color":"","overlay-opacity":"","overlay-gradient":""},"tablet":{"background-color":"var(--ast-global-color-5)","background-image":"","background-repeat":"repeat","background-position":"center center","background-size":"auto","background-attachment":"scroll","background-type":"","background-media":"","overlay-type":"","overlay-color":"","overlay-opacity":"","overlay-gradient":""},"mobile":{"background-color":"var(--ast-global-color-5)","background-image":"","background-repeat":"repeat","background-position":"center center","background-size":"auto","background-attachment":"scroll","background-type":"","background-media":"","overlay-type":"","overlay-color":"","overlay-opacity":"","overlay-gradient":""}}},"bauteilart":[],"bauteil_subtyp":[],"anwendung":[],"funktionsgruppe":[],"product_brand":[],"product_cat":[589,585,632,582],"product_tag":[],"class_list":{"0":"post-16293","1":"product","2":"type-product","3":"status-publish","4":"has-post-thumbnail","6":"product_cat-kotwica-transportowa","7":"product_cat-osprzet-do-obslugi-ladunkow","8":"product_cat-system-kotwic-transportowych-z-glowica-kulista","9":"product_cat-systemy-kotwic-transportowych","10":"desktop-align-left","11":"tablet-align-left","12":"mobile-align-left","14":"first","15":"instock","16":"shipping-taxable","17":"purchasable","18":"product-type-simple"},"acf":[],"_links":{"self":[{"href":"https:\/\/philipp-group.com\/pl\/wp-json\/wp\/v2\/product\/16293","targetHints":{"allow":["GET"]}}],"collection":[{"href":"https:\/\/philipp-group.com\/pl\/wp-json\/wp\/v2\/product"}],"about":[{"href":"https:\/\/philipp-group.com\/pl\/wp-json\/wp\/v2\/types\/product"}],"wp:featuredmedia":[{"embeddable":true,"href":"https:\/\/philipp-group.com\/pl\/wp-json\/wp\/v2\/media\/16295"}],"wp:attachment":[{"href":"https:\/\/philipp-group.com\/pl\/wp-json\/wp\/v2\/media?parent=16293"}],"wp:term":[{"taxonomy":"bauteilart","embeddable":true,"href":"https:\/\/philipp-group.com\/pl\/wp-json\/wp\/v2\/bauteilart?post=16293"},{"taxonomy":"bauteil_subtyp","embeddable":true,"href":"https:\/\/philipp-group.com\/pl\/wp-json\/wp\/v2\/bauteil_subtyp?post=16293"},{"taxonomy":"anwendung","embeddable":true,"href":"https:\/\/philipp-group.com\/pl\/wp-json\/wp\/v2\/anwendung?post=16293"},{"taxonomy":"funktionsgruppe","embeddable":true,"href":"https:\/\/philipp-group.com\/pl\/wp-json\/wp\/v2\/funktionsgruppe?post=16293"},{"taxonomy":"product_brand","embeddable":true,"href":"https:\/\/philipp-group.com\/pl\/wp-json\/wp\/v2\/product_brand?post=16293"},{"taxonomy":"product_cat","embeddable":true,"href":"https:\/\/philipp-group.com\/pl\/wp-json\/wp\/v2\/product_cat?post=16293"},{"taxonomy":"product_tag","embeddable":true,"href":"https:\/\/philipp-group.com\/pl\/wp-json\/wp\/v2\/product_tag?post=16293"}],"curies":[{"name":"wp","href":"https:\/\/api.w.org\/{rel}","templated":true}]}}