{"id":16306,"date":"2025-10-02T15:04:29","date_gmt":"2025-10-02T13:04:29","guid":{"rendered":"https:\/\/philipp-group.com\/produkt\/gwintowana-kotwa-transportowa-prosta-rd\/"},"modified":"2026-02-25T08:49:44","modified_gmt":"2026-02-25T07:49:44","slug":"gwintowana-kotwa-transportowa-prosta-rd","status":"publish","type":"product","link":"https:\/\/philipp-group.com\/pl\/produkt\/gwintowana-kotwa-transportowa-prosta-rd\/","title":{"rendered":"Gwintowana kotwa transportowa &#8211; prosta (RD)"},"content":{"rendered":"<p>Kotwy transportowe z gwintem prostym mog\u0105 by\u0107 stosowane uniwersalnie do szerokiej gamy element\u00f3w prefabrykowanych, ale mog\u0105 r\u00f3wnie\u017c wykaza\u0107 swoj\u0105 wytrzyma\u0142o\u015b\u0107 na przyk\u0142ad w elementach pr\u0119towych lub \u015bcianach. Niezale\u017cnie od tego, czy chodzi o prefabrykaty o wyj\u0105tkowo cienkich \u015bciankach, czy te\u017c ci\u0119\u017ckie elementy &#8211; w zale\u017cno\u015bci od rodzaju elementu dost\u0119pne s\u0105 r\u00f3\u017cne rozmiary. Dzi\u0119ki kotwom transportowym z gwintem prostym mo\u017cna \u0142atwo realizowa\u0107 napr\u0119\u017cenia osiowe, uko\u015bne i poprzeczne.  <\/p>\n","protected":false},"excerpt":{"rendered":"<p>Kotwy transportowe z gwintem prostym mog\u0105 by\u0107 stosowane uniwersalnie do szerokiej gamy element\u00f3w prefabrykowanych, ale mog\u0105 r\u00f3wnie\u017c wykaza\u0107 swoj\u0105 wytrzyma\u0142o\u015b\u0107 na przyk\u0142ad w elementach pr\u0119towych lub \u015bcianach. Niezale\u017cnie od tego, czy chodzi o prefabrykaty o wyj\u0105tkowo cienkich \u015bciankach, czy te\u017c ci\u0119\u017ckie elementy &#8211; w zale\u017cno\u015bci od rodzaju elementu dost\u0119pne s\u0105 r\u00f3\u017cne rozmiary. Dzi\u0119ki kotwom transportowym z gwintem prostym mo\u017cna \u0142atwo realizowa\u0107 napr\u0119\u017cenia osiowe, uko\u015bne i poprzeczne.  <\/p>\n","protected":false},"featured_media":16308,"template":"","meta":{"_acf_changed":false,"site-sidebar-layout":"default","site-content-layout":"","ast-site-content-layout":"default","site-content-style":"default","site-sidebar-style":"default","ast-global-header-display":"","ast-banner-title-visibility":"","ast-main-header-display":"","ast-hfb-above-header-display":"","ast-hfb-below-header-display":"","ast-hfb-mobile-header-display":"","site-post-title":"","ast-breadcrumbs-content":"","ast-featured-img":"","footer-sml-layout":"","ast-disable-related-posts":"","theme-transparent-header-meta":"default","adv-header-id-meta":"","stick-header-meta":"","header-above-stick-meta":"","header-main-stick-meta":"","header-below-stick-meta":"","astra-migrate-meta-layouts":"default","ast-page-background-enabled":"default","ast-page-background-meta":{"desktop":{"background-color":"","background-image":"","background-repeat":"repeat","background-position":"center center","background-size":"auto","background-attachment":"scroll","background-type":"","background-media":"","overlay-type":"","overlay-color":"","overlay-opacity":"","overlay-gradient":""},"tablet":{"background-color":"","background-image":"","background-repeat":"repeat","background-position":"center center","background-size":"auto","background-attachment":"scroll","background-type":"","background-media":"","overlay-type":"","overlay-color":"","overlay-opacity":"","overlay-gradient":""},"mobile":{"background-color":"","background-image":"","background-repeat":"repeat","background-position":"center center","background-size":"auto","background-attachment":"scroll","background-type":"","background-media":"","overlay-type":"","overlay-color":"","overlay-opacity":"","overlay-gradient":""}},"ast-content-background-meta":{"desktop":{"background-color":"var(--ast-global-color-5)","background-image":"","background-repeat":"repeat","background-position":"center center","background-size":"auto","background-attachment":"scroll","background-type":"","background-media":"","overlay-type":"","overlay-color":"","overlay-opacity":"","overlay-gradient":""},"tablet":{"background-color":"var(--ast-global-color-5)","background-image":"","background-repeat":"repeat","background-position":"center center","background-size":"auto","background-attachment":"scroll","background-type":"","background-media":"","overlay-type":"","overlay-color":"","overlay-opacity":"","overlay-gradient":""},"mobile":{"background-color":"var(--ast-global-color-5)","background-image":"","background-repeat":"repeat","background-position":"center center","background-size":"auto","background-attachment":"scroll","background-type":"","background-media":"","overlay-type":"","overlay-color":"","overlay-opacity":"","overlay-gradient":""}}},"bauteilart":[603,617,627],"bauteil_subtyp":[609],"anwendung":[587],"funktionsgruppe":[588],"product_brand":[],"product_cat":[583,589,628,582],"product_tag":[],"class_list":{"0":"post-16306","1":"product","2":"type-product","3":"status-publish","4":"has-post-thumbnail","6":"bauteilart-element-przypominajacy-sciane","7":"bauteilart-komponent-wspornik-drazka","8":"bauteilart-wlaz-pojemnik","9":"bauteil_subtyp-solidna-sciana","10":"anwendung-transport","11":"funktionsgruppe-gwintowany-system-kotwic-transportowych","12":"product_cat-gwintowane-systemy-kotew-transportowych","13":"product_cat-kotwica-transportowa","14":"product_cat-system-rd","15":"product_cat-systemy-kotwic-transportowych","16":"desktop-align-left","17":"tablet-align-left","18":"mobile-align-left","20":"first","21":"instock","22":"shipping-taxable","23":"purchasable","24":"product-type-simple"},"acf":[],"_links":{"self":[{"href":"https:\/\/philipp-group.com\/pl\/wp-json\/wp\/v2\/product\/16306","targetHints":{"allow":["GET"]}}],"collection":[{"href":"https:\/\/philipp-group.com\/pl\/wp-json\/wp\/v2\/product"}],"about":[{"href":"https:\/\/philipp-group.com\/pl\/wp-json\/wp\/v2\/types\/product"}],"wp:featuredmedia":[{"embeddable":true,"href":"https:\/\/philipp-group.com\/pl\/wp-json\/wp\/v2\/media\/16308"}],"wp:attachment":[{"href":"https:\/\/philipp-group.com\/pl\/wp-json\/wp\/v2\/media?parent=16306"}],"wp:term":[{"taxonomy":"bauteilart","embeddable":true,"href":"https:\/\/philipp-group.com\/pl\/wp-json\/wp\/v2\/bauteilart?post=16306"},{"taxonomy":"bauteil_subtyp","embeddable":true,"href":"https:\/\/philipp-group.com\/pl\/wp-json\/wp\/v2\/bauteil_subtyp?post=16306"},{"taxonomy":"anwendung","embeddable":true,"href":"https:\/\/philipp-group.com\/pl\/wp-json\/wp\/v2\/anwendung?post=16306"},{"taxonomy":"funktionsgruppe","embeddable":true,"href":"https:\/\/philipp-group.com\/pl\/wp-json\/wp\/v2\/funktionsgruppe?post=16306"},{"taxonomy":"product_brand","embeddable":true,"href":"https:\/\/philipp-group.com\/pl\/wp-json\/wp\/v2\/product_brand?post=16306"},{"taxonomy":"product_cat","embeddable":true,"href":"https:\/\/philipp-group.com\/pl\/wp-json\/wp\/v2\/product_cat?post=16306"},{"taxonomy":"product_tag","embeddable":true,"href":"https:\/\/philipp-group.com\/pl\/wp-json\/wp\/v2\/product_tag?post=16306"}],"curies":[{"name":"wp","href":"https:\/\/api.w.org\/{rel}","templated":true}]}}