{"id":16330,"date":"2025-08-31T10:45:45","date_gmt":"2025-08-31T08:45:45","guid":{"rendered":"https:\/\/philipp-group.com\/produkt\/l40hd\/"},"modified":"2025-11-10T16:50:45","modified_gmt":"2025-11-10T15:50:45","slug":"l40hd","status":"publish","type":"product","link":"https:\/\/philipp-group.com\/pl\/produkt\/l40hd\/","title":{"rendered":"L40HD"},"content":{"rendered":"<table style=\"border: none; border-collapse: collapse; width: auto;\">\n<tbody>\n<tr>\n<td style=\"padding: 4px 16px 4px 0; border: none;\">Nr artyku\u0142u.<\/td>\n<td style=\"padding: 4px 0; border: none;\">94L40HD<\/td>\n<\/tr>\n<tr>\n<td style=\"padding: 4px 16px 4px 0; border: none;\">Si\u0142a podnoszenia (maks.)<\/td>\n<td style=\"padding: 4px 0; border: none;\">40,0 t<\/td>\n<\/tr>\n<tr>\n<td style=\"padding: 4px 16px 4px 0; border: none;\">Si\u0142a poziomowania (maks.)<\/td>\n<td style=\"padding: 4px 0; border: none;\">10,0 t<\/td>\n<\/tr>\n<tr>\n<td style=\"padding: 4px 16px 4px 0; border: none;\">D\u0142ugo\u015b\u0107 \u0142a\u0144cucha (standard)<\/td>\n<td style=\"padding: 4px 0; border: none;\">na \u017cyczenie<\/td>\n<\/tr>\n<tr>\n<td style=\"padding: 4px 16px 4px 0; border: none;\"><\/td>\n<td style=\"padding: 4px 0; border: none;\"><\/td>\n<\/tr>\n<tr>\n<td style=\"padding-top: 10px; padding-left: 0; border: none;\" colspan=\"2\" align=\"left\"><\/td>\n<\/tr>\n<\/tbody>\n<\/table>\n","protected":false},"excerpt":{"rendered":"<table style=\"border: none; border-collapse: collapse; width: auto;\">\n<tbody>\n<tr>\n<td style=\"padding: 4px 16px 4px 0; border: none;\">Nr artyku\u0142u.<\/td>\n<td style=\"padding: 4px 0; border: none;\">94L40HD<\/td>\n<\/tr>\n<tr>\n<td style=\"padding: 4px 16px 4px 0; border: none;\">Si\u0142a podnoszenia (maks.)<\/td>\n<td style=\"padding: 4px 0; border: none;\">40,0 t<\/td>\n<\/tr>\n<tr>\n<td style=\"padding: 4px 16px 4px 0; border: none;\">Si\u0142a poziomowania (maks.)<\/td>\n<td style=\"padding: 4px 0; border: none;\">10,0 t<\/td>\n<\/tr>\n<tr>\n<td style=\"padding: 4px 16px 4px 0; border: none;\">D\u0142ugo\u015b\u0107 \u0142a\u0144cucha (standard)<\/td>\n<td style=\"padding: 4px 0; border: none;\">na \u017cyczenie<\/td>\n<\/tr>\n<tr>\n<td style=\"padding: 4px 16px 4px 0; border: none;\"><\/td>\n<td style=\"padding: 4px 0; border: none;\"><\/td>\n<\/tr>\n<tr>\n<td style=\"padding-top: 10px; padding-left: 0; border: none;\" colspan=\"2\" align=\"left\"><\/td>\n<\/tr>\n<\/tbody>\n<\/table>\n","protected":false},"featured_media":16325,"template":"","meta":{"_acf_changed":false,"site-sidebar-layout":"default","site-content-layout":"","ast-site-content-layout":"default","site-content-style":"default","site-sidebar-style":"default","ast-global-header-display":"","ast-banner-title-visibility":"","ast-main-header-display":"","ast-hfb-above-header-display":"","ast-hfb-below-header-display":"","ast-hfb-mobile-header-display":"","site-post-title":"","ast-breadcrumbs-content":"","ast-featured-img":"","footer-sml-layout":"","ast-disable-related-posts":"","theme-transparent-header-meta":"default","adv-header-id-meta":"","stick-header-meta":"","header-above-stick-meta":"","header-main-stick-meta":"","header-below-stick-meta":"","astra-migrate-meta-layouts":"default","ast-page-background-enabled":"default","ast-page-background-meta":{"desktop":{"background-color":"","background-image":"","background-repeat":"repeat","background-position":"center center","background-size":"auto","background-attachment":"scroll","background-type":"","background-media":"","overlay-type":"","overlay-color":"","overlay-opacity":"","overlay-gradient":""},"tablet":{"background-color":"","background-image":"","background-repeat":"repeat","background-position":"center center","background-size":"auto","background-attachment":"scroll","background-type":"","background-media":"","overlay-type":"","overlay-color":"","overlay-opacity":"","overlay-gradient":""},"mobile":{"background-color":"","background-image":"","background-repeat":"repeat","background-position":"center center","background-size":"auto","background-attachment":"scroll","background-type":"","background-media":"","overlay-type":"","overlay-color":"","overlay-opacity":"","overlay-gradient":""}},"ast-content-background-meta":{"desktop":{"background-color":"var(--ast-global-color-5)","background-image":"","background-repeat":"repeat","background-position":"center center","background-size":"auto","background-attachment":"scroll","background-type":"","background-media":"","overlay-type":"","overlay-color":"","overlay-opacity":"","overlay-gradient":""},"tablet":{"background-color":"var(--ast-global-color-5)","background-image":"","background-repeat":"repeat","background-position":"center center","background-size":"auto","background-attachment":"scroll","background-type":"","background-media":"","overlay-type":"","overlay-color":"","overlay-opacity":"","overlay-gradient":""},"mobile":{"background-color":"var(--ast-global-color-5)","background-image":"","background-repeat":"repeat","background-position":"center center","background-size":"auto","background-attachment":"scroll","background-type":"","background-media":"","overlay-type":"","overlay-color":"","overlay-opacity":"","overlay-gradient":""}}},"bauteilart":[],"bauteil_subtyp":[],"anwendung":[],"funktionsgruppe":[],"product_brand":[],"product_cat":[648],"product_tag":[],"class_list":{"0":"post-16330","1":"product","2":"type-product","3":"status-publish","4":"has-post-thumbnail","6":"product_cat-ganterud","7":"desktop-align-left","8":"tablet-align-left","9":"mobile-align-left","11":"first","12":"instock","13":"shipping-taxable","14":"product-type-simple"},"acf":[],"_links":{"self":[{"href":"https:\/\/philipp-group.com\/pl\/wp-json\/wp\/v2\/product\/16330","targetHints":{"allow":["GET"]}}],"collection":[{"href":"https:\/\/philipp-group.com\/pl\/wp-json\/wp\/v2\/product"}],"about":[{"href":"https:\/\/philipp-group.com\/pl\/wp-json\/wp\/v2\/types\/product"}],"wp:featuredmedia":[{"embeddable":true,"href":"https:\/\/philipp-group.com\/pl\/wp-json\/wp\/v2\/media\/16325"}],"wp:attachment":[{"href":"https:\/\/philipp-group.com\/pl\/wp-json\/wp\/v2\/media?parent=16330"}],"wp:term":[{"taxonomy":"bauteilart","embeddable":true,"href":"https:\/\/philipp-group.com\/pl\/wp-json\/wp\/v2\/bauteilart?post=16330"},{"taxonomy":"bauteil_subtyp","embeddable":true,"href":"https:\/\/philipp-group.com\/pl\/wp-json\/wp\/v2\/bauteil_subtyp?post=16330"},{"taxonomy":"anwendung","embeddable":true,"href":"https:\/\/philipp-group.com\/pl\/wp-json\/wp\/v2\/anwendung?post=16330"},{"taxonomy":"funktionsgruppe","embeddable":true,"href":"https:\/\/philipp-group.com\/pl\/wp-json\/wp\/v2\/funktionsgruppe?post=16330"},{"taxonomy":"product_brand","embeddable":true,"href":"https:\/\/philipp-group.com\/pl\/wp-json\/wp\/v2\/product_brand?post=16330"},{"taxonomy":"product_cat","embeddable":true,"href":"https:\/\/philipp-group.com\/pl\/wp-json\/wp\/v2\/product_cat?post=16330"},{"taxonomy":"product_tag","embeddable":true,"href":"https:\/\/philipp-group.com\/pl\/wp-json\/wp\/v2\/product_tag?post=16330"}],"curies":[{"name":"wp","href":"https:\/\/api.w.org\/{rel}","templated":true}]}}