{"id":16340,"date":"2025-10-02T15:04:33","date_gmt":"2025-10-02T13:04:33","guid":{"rendered":"https:\/\/philipp-group.com\/produkt\/szyna-laczaca\/"},"modified":"2026-02-25T16:57:37","modified_gmt":"2026-02-25T15:57:37","slug":"szyna-laczaca","status":"publish","type":"product","link":"https:\/\/philipp-group.com\/pl\/produkt\/szyna-laczaca\/","title":{"rendered":"Szyna \u0142\u0105cz\u0105ca"},"content":{"rendered":"<p>Szyna \u0142\u0105cz\u0105ca jest po\u0142\u0105czeniem ocynkowanej szyny z blachy stalowej z regularnie rozmieszczonymi p\u0119tlami kablowymi, kt\u00f3re s\u0105 wk\u0142adane do szyny gotowej do monta\u017cu. Profilowana powierzchnia szyny zapewnia dobr\u0105 przyczepno\u015b\u0107 do betonu lub zaprawy. Szyna \u0142\u0105cz\u0105ca jest dost\u0119pna w r\u00f3\u017cnych szeroko\u015bciach i wysoko\u015bciach, a tak\u017ce z r\u00f3\u017cn\u0105 liczb\u0105 i d\u0142ugo\u015bci\u0105 p\u0119tli.  <\/p>\n","protected":false},"excerpt":{"rendered":"<p>Szyna \u0142\u0105cz\u0105ca jest po\u0142\u0105czeniem ocynkowanej szyny z blachy stalowej z regularnie rozmieszczonymi p\u0119tlami kablowymi, kt\u00f3re s\u0105 wk\u0142adane do szyny gotowej do monta\u017cu. Profilowana powierzchnia szyny zapewnia dobr\u0105 przyczepno\u015b\u0107 do betonu lub zaprawy. Szyna \u0142\u0105cz\u0105ca jest dost\u0119pna w r\u00f3\u017cnych szeroko\u015bciach i wysoko\u015bciach, a tak\u017ce z r\u00f3\u017cn\u0105 liczb\u0105 i d\u0142ugo\u015bci\u0105 p\u0119tli.  <\/p>\n","protected":false},"featured_media":16342,"template":"","meta":{"_acf_changed":false,"site-sidebar-layout":"default","site-content-layout":"","ast-site-content-layout":"default","site-content-style":"default","site-sidebar-style":"default","ast-global-header-display":"","ast-banner-title-visibility":"","ast-main-header-display":"","ast-hfb-above-header-display":"","ast-hfb-below-header-display":"","ast-hfb-mobile-header-display":"","site-post-title":"","ast-breadcrumbs-content":"","ast-featured-img":"","footer-sml-layout":"","ast-disable-related-posts":"","theme-transparent-header-meta":"default","adv-header-id-meta":"","stick-header-meta":"","header-above-stick-meta":"","header-main-stick-meta":"","header-below-stick-meta":"","astra-migrate-meta-layouts":"default","ast-page-background-enabled":"default","ast-page-background-meta":{"desktop":{"background-color":"","background-image":"","background-repeat":"repeat","background-position":"center center","background-size":"auto","background-attachment":"scroll","background-type":"","background-media":"","overlay-type":"","overlay-color":"","overlay-opacity":"","overlay-gradient":""},"tablet":{"background-color":"","background-image":"","background-repeat":"repeat","background-position":"center center","background-size":"auto","background-attachment":"scroll","background-type":"","background-media":"","overlay-type":"","overlay-color":"","overlay-opacity":"","overlay-gradient":""},"mobile":{"background-color":"","background-image":"","background-repeat":"repeat","background-position":"center center","background-size":"auto","background-attachment":"scroll","background-type":"","background-media":"","overlay-type":"","overlay-color":"","overlay-opacity":"","overlay-gradient":""}},"ast-content-background-meta":{"desktop":{"background-color":"var(--ast-global-color-5)","background-image":"","background-repeat":"repeat","background-position":"center center","background-size":"auto","background-attachment":"scroll","background-type":"","background-media":"","overlay-type":"","overlay-color":"","overlay-opacity":"","overlay-gradient":""},"tablet":{"background-color":"var(--ast-global-color-5)","background-image":"","background-repeat":"repeat","background-position":"center center","background-size":"auto","background-attachment":"scroll","background-type":"","background-media":"","overlay-type":"","overlay-color":"","overlay-opacity":"","overlay-gradient":""},"mobile":{"background-color":"var(--ast-global-color-5)","background-image":"","background-repeat":"repeat","background-position":"center center","background-size":"auto","background-attachment":"scroll","background-type":"","background-media":"","overlay-type":"","overlay-color":"","overlay-opacity":"","overlay-gradient":""}}},"bauteilart":[603,618,617],"bauteil_subtyp":[609],"anwendung":[616],"funktionsgruppe":[614],"product_brand":[],"product_cat":[586],"product_tag":[],"class_list":{"0":"post-16340","1":"product","2":"type-product","3":"status-publish","4":"has-post-thumbnail","6":"bauteilart-element-przypominajacy-sciane","7":"bauteilart-komorka-pokoju","8":"bauteilart-komponent-wspornik-drazka","9":"bauteil_subtyp-solidna-sciana","10":"anwendung-polaczenie","11":"funktionsgruppe-konstruktywny","12":"product_cat-technologia-polaczen","13":"desktop-align-left","14":"tablet-align-left","15":"mobile-align-left","17":"first","18":"instock","19":"shipping-taxable","20":"purchasable","21":"product-type-simple"},"acf":[],"_links":{"self":[{"href":"https:\/\/philipp-group.com\/pl\/wp-json\/wp\/v2\/product\/16340","targetHints":{"allow":["GET"]}}],"collection":[{"href":"https:\/\/philipp-group.com\/pl\/wp-json\/wp\/v2\/product"}],"about":[{"href":"https:\/\/philipp-group.com\/pl\/wp-json\/wp\/v2\/types\/product"}],"wp:featuredmedia":[{"embeddable":true,"href":"https:\/\/philipp-group.com\/pl\/wp-json\/wp\/v2\/media\/16342"}],"wp:attachment":[{"href":"https:\/\/philipp-group.com\/pl\/wp-json\/wp\/v2\/media?parent=16340"}],"wp:term":[{"taxonomy":"bauteilart","embeddable":true,"href":"https:\/\/philipp-group.com\/pl\/wp-json\/wp\/v2\/bauteilart?post=16340"},{"taxonomy":"bauteil_subtyp","embeddable":true,"href":"https:\/\/philipp-group.com\/pl\/wp-json\/wp\/v2\/bauteil_subtyp?post=16340"},{"taxonomy":"anwendung","embeddable":true,"href":"https:\/\/philipp-group.com\/pl\/wp-json\/wp\/v2\/anwendung?post=16340"},{"taxonomy":"funktionsgruppe","embeddable":true,"href":"https:\/\/philipp-group.com\/pl\/wp-json\/wp\/v2\/funktionsgruppe?post=16340"},{"taxonomy":"product_brand","embeddable":true,"href":"https:\/\/philipp-group.com\/pl\/wp-json\/wp\/v2\/product_brand?post=16340"},{"taxonomy":"product_cat","embeddable":true,"href":"https:\/\/philipp-group.com\/pl\/wp-json\/wp\/v2\/product_cat?post=16340"},{"taxonomy":"product_tag","embeddable":true,"href":"https:\/\/philipp-group.com\/pl\/wp-json\/wp\/v2\/product_tag?post=16340"}],"curies":[{"name":"wp","href":"https:\/\/api.w.org\/{rel}","templated":true}]}}