{"id":16341,"date":"2025-10-02T15:09:44","date_gmt":"2025-10-02T13:09:44","guid":{"rendered":"https:\/\/philipp-group.com\/produkt\/szyna-kotwiczna\/"},"modified":"2026-03-09T16:16:53","modified_gmt":"2026-03-09T15:16:53","slug":"szyna-kotwiczna","status":"publish","type":"product","link":"https:\/\/philipp-group.com\/pl\/produkt\/szyna-kotwiczna\/","title":{"rendered":"Szyna kotwi\u0105ca"},"content":{"rendered":"<p>Szyny kotwi\u0105ce s\u0105 dobrze znanym i idealnym rozwi\u0105zaniem dla szerokiej gamy wyzwa\u0144 zwi\u0105zanych z mocowaniem i maj\u0105 wiele zalet w por\u00f3wnaniu z po\u0142\u0105czeniami ko\u0142kowanymi lub spawanymi. Elastyczne, \u0142atwe w monta\u017cu po\u0142\u0105czenia mo\u017cna tworzy\u0107 poprzez osadzanie kana\u0142\u00f3w kotwi\u0105cych w betonie, kt\u00f3re s\u0105 dost\u0119pne w wielu wersjach dostosowanych do wymaga\u0144. <\/p>\n","protected":false},"excerpt":{"rendered":"<p>Szyny kotwi\u0105ce s\u0105 dobrze znanym i idealnym rozwi\u0105zaniem dla szerokiej gamy wyzwa\u0144 zwi\u0105zanych z mocowaniem i maj\u0105 wiele zalet w por\u00f3wnaniu z po\u0142\u0105czeniami ko\u0142kowanymi lub spawanymi. Elastyczne, \u0142atwe w monta\u017cu po\u0142\u0105czenia mo\u017cna tworzy\u0107 poprzez osadzanie kana\u0142\u00f3w kotwi\u0105cych w betonie, kt\u00f3re s\u0105 dost\u0119pne w wielu wersjach dostosowanych do wymaga\u0144. <\/p>\n","protected":false},"featured_media":20655,"template":"","meta":{"_acf_changed":false,"site-sidebar-layout":"default","site-content-layout":"","ast-site-content-layout":"default","site-content-style":"default","site-sidebar-style":"default","ast-global-header-display":"","ast-banner-title-visibility":"","ast-main-header-display":"","ast-hfb-above-header-display":"","ast-hfb-below-header-display":"","ast-hfb-mobile-header-display":"","site-post-title":"","ast-breadcrumbs-content":"","ast-featured-img":"","footer-sml-layout":"","ast-disable-related-posts":"","theme-transparent-header-meta":"default","adv-header-id-meta":"","stick-header-meta":"","header-above-stick-meta":"","header-main-stick-meta":"","header-below-stick-meta":"","astra-migrate-meta-layouts":"default","ast-page-background-enabled":"default","ast-page-background-meta":{"desktop":{"background-color":"","background-image":"","background-repeat":"repeat","background-position":"center center","background-size":"auto","background-attachment":"scroll","background-type":"","background-media":"","overlay-type":"","overlay-color":"","overlay-opacity":"","overlay-gradient":""},"tablet":{"background-color":"","background-image":"","background-repeat":"repeat","background-position":"center center","background-size":"auto","background-attachment":"scroll","background-type":"","background-media":"","overlay-type":"","overlay-color":"","overlay-opacity":"","overlay-gradient":""},"mobile":{"background-color":"","background-image":"","background-repeat":"repeat","background-position":"center center","background-size":"auto","background-attachment":"scroll","background-type":"","background-media":"","overlay-type":"","overlay-color":"","overlay-opacity":"","overlay-gradient":""}},"ast-content-background-meta":{"desktop":{"background-color":"var(--ast-global-color-5)","background-image":"","background-repeat":"repeat","background-position":"center center","background-size":"auto","background-attachment":"scroll","background-type":"","background-media":"","overlay-type":"","overlay-color":"","overlay-opacity":"","overlay-gradient":""},"tablet":{"background-color":"var(--ast-global-color-5)","background-image":"","background-repeat":"repeat","background-position":"center center","background-size":"auto","background-attachment":"scroll","background-type":"","background-media":"","overlay-type":"","overlay-color":"","overlay-opacity":"","overlay-gradient":""},"mobile":{"background-color":"var(--ast-global-color-5)","background-image":"","background-repeat":"repeat","background-position":"center center","background-size":"auto","background-attachment":"scroll","background-type":"","background-media":"","overlay-type":"","overlay-color":"","overlay-opacity":"","overlay-gradient":""}}},"bauteilart":[606,603,618,617,621,624],"bauteil_subtyp":[609],"anwendung":[622],"funktionsgruppe":[612],"product_brand":[],"product_cat":[623],"product_tag":[],"class_list":{"0":"post-16341","1":"product","2":"type-product","3":"status-publish","4":"has-post-thumbnail","6":"bauteilart-element-przypominajacy-plyte","7":"bauteilart-element-przypominajacy-sciane","8":"bauteilart-komorka-pokoju","9":"bauteilart-komponent-wspornik-drazka","10":"bauteilart-schody","11":"bauteilart-segregator","12":"bauteil_subtyp-solidna-sciana","13":"anwendung-mocowanie","14":"funktionsgruppe-zatwierdzony-sprawdzony-typ","15":"product_cat-technologia-mocowania","16":"desktop-align-left","17":"tablet-align-left","18":"mobile-align-left","20":"first","21":"instock","22":"shipping-taxable","23":"purchasable","24":"product-type-simple"},"acf":[],"_links":{"self":[{"href":"https:\/\/philipp-group.com\/pl\/wp-json\/wp\/v2\/product\/16341","targetHints":{"allow":["GET"]}}],"collection":[{"href":"https:\/\/philipp-group.com\/pl\/wp-json\/wp\/v2\/product"}],"about":[{"href":"https:\/\/philipp-group.com\/pl\/wp-json\/wp\/v2\/types\/product"}],"wp:featuredmedia":[{"embeddable":true,"href":"https:\/\/philipp-group.com\/pl\/wp-json\/wp\/v2\/media\/20655"}],"wp:attachment":[{"href":"https:\/\/philipp-group.com\/pl\/wp-json\/wp\/v2\/media?parent=16341"}],"wp:term":[{"taxonomy":"bauteilart","embeddable":true,"href":"https:\/\/philipp-group.com\/pl\/wp-json\/wp\/v2\/bauteilart?post=16341"},{"taxonomy":"bauteil_subtyp","embeddable":true,"href":"https:\/\/philipp-group.com\/pl\/wp-json\/wp\/v2\/bauteil_subtyp?post=16341"},{"taxonomy":"anwendung","embeddable":true,"href":"https:\/\/philipp-group.com\/pl\/wp-json\/wp\/v2\/anwendung?post=16341"},{"taxonomy":"funktionsgruppe","embeddable":true,"href":"https:\/\/philipp-group.com\/pl\/wp-json\/wp\/v2\/funktionsgruppe?post=16341"},{"taxonomy":"product_brand","embeddable":true,"href":"https:\/\/philipp-group.com\/pl\/wp-json\/wp\/v2\/product_brand?post=16341"},{"taxonomy":"product_cat","embeddable":true,"href":"https:\/\/philipp-group.com\/pl\/wp-json\/wp\/v2\/product_cat?post=16341"},{"taxonomy":"product_tag","embeddable":true,"href":"https:\/\/philipp-group.com\/pl\/wp-json\/wp\/v2\/product_tag?post=16341"}],"curies":[{"name":"wp","href":"https:\/\/api.w.org\/{rel}","templated":true}]}}