{"id":16344,"date":"2025-10-02T15:04:38","date_gmt":"2025-10-02T13:04:38","guid":{"rendered":"https:\/\/philipp-group.com\/produkt\/szyna-mocujaca-z-blachy-trapezowej\/"},"modified":"2026-02-25T17:05:59","modified_gmt":"2026-02-25T16:05:59","slug":"szyna-mocujaca-z-blachy-trapezowej","status":"publish","type":"product","link":"https:\/\/philipp-group.com\/pl\/produkt\/szyna-mocujaca-z-blachy-trapezowej\/","title":{"rendered":"PEC Szyna mocuj\u0105ca z blachy trapezowej"},"content":{"rendered":"<p>Te sprawdzone profile szynowe s\u0105 dost\u0119pne do prostego, szybkiego i bezpiecznego mocowania stalowych blach trapezowych do ka\u017cdej prefabrykowanej konstrukcji betonowej. R\u00f3\u017cne kszta\u0142ty kotew pozwalaj\u0105 na optymalne dostosowanie do danej sytuacji zbrojenia w elemencie betonowym. <\/p>\n","protected":false},"excerpt":{"rendered":"<p>Te sprawdzone profile szynowe s\u0105 dost\u0119pne do prostego, szybkiego i bezpiecznego mocowania stalowych blach trapezowych do ka\u017cdej prefabrykowanej konstrukcji betonowej. R\u00f3\u017cne kszta\u0142ty kotew pozwalaj\u0105 na optymalne dostosowanie do danej sytuacji zbrojenia w elemencie betonowym. <\/p>\n","protected":false},"featured_media":16345,"template":"","meta":{"_acf_changed":false,"site-sidebar-layout":"default","site-content-layout":"","ast-site-content-layout":"default","site-content-style":"default","site-sidebar-style":"default","ast-global-header-display":"","ast-banner-title-visibility":"","ast-main-header-display":"","ast-hfb-above-header-display":"","ast-hfb-below-header-display":"","ast-hfb-mobile-header-display":"","site-post-title":"","ast-breadcrumbs-content":"","ast-featured-img":"","footer-sml-layout":"","ast-disable-related-posts":"","theme-transparent-header-meta":"default","adv-header-id-meta":"","stick-header-meta":"","header-above-stick-meta":"","header-main-stick-meta":"","header-below-stick-meta":"","astra-migrate-meta-layouts":"default","ast-page-background-enabled":"default","ast-page-background-meta":{"desktop":{"background-color":"","background-image":"","background-repeat":"repeat","background-position":"center center","background-size":"auto","background-attachment":"scroll","background-type":"","background-media":"","overlay-type":"","overlay-color":"","overlay-opacity":"","overlay-gradient":""},"tablet":{"background-color":"","background-image":"","background-repeat":"repeat","background-position":"center center","background-size":"auto","background-attachment":"scroll","background-type":"","background-media":"","overlay-type":"","overlay-color":"","overlay-opacity":"","overlay-gradient":""},"mobile":{"background-color":"","background-image":"","background-repeat":"repeat","background-position":"center center","background-size":"auto","background-attachment":"scroll","background-type":"","background-media":"","overlay-type":"","overlay-color":"","overlay-opacity":"","overlay-gradient":""}},"ast-content-background-meta":{"desktop":{"background-color":"var(--ast-global-color-5)","background-image":"","background-repeat":"repeat","background-position":"center center","background-size":"auto","background-attachment":"scroll","background-type":"","background-media":"","overlay-type":"","overlay-color":"","overlay-opacity":"","overlay-gradient":""},"tablet":{"background-color":"var(--ast-global-color-5)","background-image":"","background-repeat":"repeat","background-position":"center center","background-size":"auto","background-attachment":"scroll","background-type":"","background-media":"","overlay-type":"","overlay-color":"","overlay-opacity":"","overlay-gradient":""},"mobile":{"background-color":"var(--ast-global-color-5)","background-image":"","background-repeat":"repeat","background-position":"center center","background-size":"auto","background-attachment":"scroll","background-type":"","background-media":"","overlay-type":"","overlay-color":"","overlay-opacity":"","overlay-gradient":""}}},"bauteilart":[603,624],"bauteil_subtyp":[609],"anwendung":[622],"funktionsgruppe":[612],"product_brand":[],"product_cat":[623],"product_tag":[],"class_list":{"0":"post-16344","1":"product","2":"type-product","3":"status-publish","4":"has-post-thumbnail","6":"bauteilart-element-przypominajacy-sciane","7":"bauteilart-segregator","8":"bauteil_subtyp-solidna-sciana","9":"anwendung-mocowanie","10":"funktionsgruppe-zatwierdzony-sprawdzony-typ","11":"product_cat-technologia-mocowania","12":"desktop-align-left","13":"tablet-align-left","14":"mobile-align-left","16":"first","17":"instock","18":"shipping-taxable","19":"purchasable","20":"product-type-simple"},"acf":[],"_links":{"self":[{"href":"https:\/\/philipp-group.com\/pl\/wp-json\/wp\/v2\/product\/16344","targetHints":{"allow":["GET"]}}],"collection":[{"href":"https:\/\/philipp-group.com\/pl\/wp-json\/wp\/v2\/product"}],"about":[{"href":"https:\/\/philipp-group.com\/pl\/wp-json\/wp\/v2\/types\/product"}],"wp:featuredmedia":[{"embeddable":true,"href":"https:\/\/philipp-group.com\/pl\/wp-json\/wp\/v2\/media\/16345"}],"wp:attachment":[{"href":"https:\/\/philipp-group.com\/pl\/wp-json\/wp\/v2\/media?parent=16344"}],"wp:term":[{"taxonomy":"bauteilart","embeddable":true,"href":"https:\/\/philipp-group.com\/pl\/wp-json\/wp\/v2\/bauteilart?post=16344"},{"taxonomy":"bauteil_subtyp","embeddable":true,"href":"https:\/\/philipp-group.com\/pl\/wp-json\/wp\/v2\/bauteil_subtyp?post=16344"},{"taxonomy":"anwendung","embeddable":true,"href":"https:\/\/philipp-group.com\/pl\/wp-json\/wp\/v2\/anwendung?post=16344"},{"taxonomy":"funktionsgruppe","embeddable":true,"href":"https:\/\/philipp-group.com\/pl\/wp-json\/wp\/v2\/funktionsgruppe?post=16344"},{"taxonomy":"product_brand","embeddable":true,"href":"https:\/\/philipp-group.com\/pl\/wp-json\/wp\/v2\/product_brand?post=16344"},{"taxonomy":"product_cat","embeddable":true,"href":"https:\/\/philipp-group.com\/pl\/wp-json\/wp\/v2\/product_cat?post=16344"},{"taxonomy":"product_tag","embeddable":true,"href":"https:\/\/philipp-group.com\/pl\/wp-json\/wp\/v2\/product_tag?post=16344"}],"curies":[{"name":"wp","href":"https:\/\/api.w.org\/{rel}","templated":true}]}}