{"id":16350,"date":"2025-10-02T15:04:29","date_gmt":"2025-10-02T13:04:29","guid":{"rendered":"https:\/\/philipp-group.com\/produkt\/gwintowana-kotwa-transportowa-korbowa-rd\/"},"modified":"2026-02-25T08:50:16","modified_gmt":"2026-02-25T07:50:16","slug":"gwintowana-kotwa-transportowa-korbowa-rd","status":"publish","type":"product","link":"https:\/\/philipp-group.com\/pl\/produkt\/gwintowana-kotwa-transportowa-korbowa-rd\/","title":{"rendered":"Gwintowana kotwa transportowa &#8211; korbowa (RD)"},"content":{"rendered":"<p>Kotwa transportowa z przesuni\u0119tym gwintem zosta\u0142a specjalnie zaprojektowana w celu kompensacji niewsp\u00f3\u0142osiowo\u015bci prefabrykat\u00f3w warstwowych podczas procesu podnoszenia. Specjalny kszta\u0142t gi\u0119cia umo\u017cliwia przeprowadzenie procesu transportu i monta\u017cu (prawie) wzd\u0142u\u017c \u015brodka ci\u0119\u017cko\u015bci prefabrykatu. Napr\u0119\u017cenie osiowe i uko\u015bne mo\u017cna \u0142atwo zrealizowa\u0107 za pomoc\u0105 kotwy transportowej z przesuni\u0119tym gwintem.  <\/p>\n","protected":false},"excerpt":{"rendered":"<p>Kotwa transportowa z przesuni\u0119tym gwintem zosta\u0142a specjalnie zaprojektowana w celu kompensacji niewsp\u00f3\u0142osiowo\u015bci prefabrykat\u00f3w warstwowych podczas procesu podnoszenia. Specjalny kszta\u0142t gi\u0119cia umo\u017cliwia przeprowadzenie procesu transportu i monta\u017cu (prawie) wzd\u0142u\u017c \u015brodka ci\u0119\u017cko\u015bci prefabrykatu. Napr\u0119\u017cenie osiowe i uko\u015bne mo\u017cna \u0142atwo zrealizowa\u0107 za pomoc\u0105 kotwy transportowej z przesuni\u0119tym gwintem.  <\/p>\n","protected":false},"featured_media":16351,"template":"","meta":{"_acf_changed":false,"site-sidebar-layout":"default","site-content-layout":"","ast-site-content-layout":"default","site-content-style":"default","site-sidebar-style":"default","ast-global-header-display":"","ast-banner-title-visibility":"","ast-main-header-display":"","ast-hfb-above-header-display":"","ast-hfb-below-header-display":"","ast-hfb-mobile-header-display":"","site-post-title":"","ast-breadcrumbs-content":"","ast-featured-img":"","footer-sml-layout":"","ast-disable-related-posts":"","theme-transparent-header-meta":"default","adv-header-id-meta":"","stick-header-meta":"","header-above-stick-meta":"","header-main-stick-meta":"","header-below-stick-meta":"","astra-migrate-meta-layouts":"default","ast-page-background-enabled":"default","ast-page-background-meta":{"desktop":{"background-color":"","background-image":"","background-repeat":"repeat","background-position":"center center","background-size":"auto","background-attachment":"scroll","background-type":"","background-media":"","overlay-type":"","overlay-color":"","overlay-opacity":"","overlay-gradient":""},"tablet":{"background-color":"","background-image":"","background-repeat":"repeat","background-position":"center center","background-size":"auto","background-attachment":"scroll","background-type":"","background-media":"","overlay-type":"","overlay-color":"","overlay-opacity":"","overlay-gradient":""},"mobile":{"background-color":"","background-image":"","background-repeat":"repeat","background-position":"center center","background-size":"auto","background-attachment":"scroll","background-type":"","background-media":"","overlay-type":"","overlay-color":"","overlay-opacity":"","overlay-gradient":""}},"ast-content-background-meta":{"desktop":{"background-color":"var(--ast-global-color-5)","background-image":"","background-repeat":"repeat","background-position":"center center","background-size":"auto","background-attachment":"scroll","background-type":"","background-media":"","overlay-type":"","overlay-color":"","overlay-opacity":"","overlay-gradient":""},"tablet":{"background-color":"var(--ast-global-color-5)","background-image":"","background-repeat":"repeat","background-position":"center center","background-size":"auto","background-attachment":"scroll","background-type":"","background-media":"","overlay-type":"","overlay-color":"","overlay-opacity":"","overlay-gradient":""},"mobile":{"background-color":"var(--ast-global-color-5)","background-image":"","background-repeat":"repeat","background-position":"center center","background-size":"auto","background-attachment":"scroll","background-type":"","background-media":"","overlay-type":"","overlay-color":"","overlay-opacity":"","overlay-gradient":""}}},"bauteilart":[603],"bauteil_subtyp":[611],"anwendung":[587],"funktionsgruppe":[588],"product_brand":[],"product_cat":[583,589,628,582],"product_tag":[],"class_list":{"0":"post-16350","1":"product","2":"type-product","3":"status-publish","4":"has-post-thumbnail","6":"bauteilart-element-przypominajacy-sciane","7":"bauteil_subtyp-sciana-warstwowa","8":"anwendung-transport","9":"funktionsgruppe-gwintowany-system-kotwic-transportowych","10":"product_cat-gwintowane-systemy-kotew-transportowych","11":"product_cat-kotwica-transportowa","12":"product_cat-system-rd","13":"product_cat-systemy-kotwic-transportowych","14":"desktop-align-left","15":"tablet-align-left","16":"mobile-align-left","18":"first","19":"instock","20":"shipping-taxable","21":"purchasable","22":"product-type-simple"},"acf":[],"_links":{"self":[{"href":"https:\/\/philipp-group.com\/pl\/wp-json\/wp\/v2\/product\/16350","targetHints":{"allow":["GET"]}}],"collection":[{"href":"https:\/\/philipp-group.com\/pl\/wp-json\/wp\/v2\/product"}],"about":[{"href":"https:\/\/philipp-group.com\/pl\/wp-json\/wp\/v2\/types\/product"}],"wp:featuredmedia":[{"embeddable":true,"href":"https:\/\/philipp-group.com\/pl\/wp-json\/wp\/v2\/media\/16351"}],"wp:attachment":[{"href":"https:\/\/philipp-group.com\/pl\/wp-json\/wp\/v2\/media?parent=16350"}],"wp:term":[{"taxonomy":"bauteilart","embeddable":true,"href":"https:\/\/philipp-group.com\/pl\/wp-json\/wp\/v2\/bauteilart?post=16350"},{"taxonomy":"bauteil_subtyp","embeddable":true,"href":"https:\/\/philipp-group.com\/pl\/wp-json\/wp\/v2\/bauteil_subtyp?post=16350"},{"taxonomy":"anwendung","embeddable":true,"href":"https:\/\/philipp-group.com\/pl\/wp-json\/wp\/v2\/anwendung?post=16350"},{"taxonomy":"funktionsgruppe","embeddable":true,"href":"https:\/\/philipp-group.com\/pl\/wp-json\/wp\/v2\/funktionsgruppe?post=16350"},{"taxonomy":"product_brand","embeddable":true,"href":"https:\/\/philipp-group.com\/pl\/wp-json\/wp\/v2\/product_brand?post=16350"},{"taxonomy":"product_cat","embeddable":true,"href":"https:\/\/philipp-group.com\/pl\/wp-json\/wp\/v2\/product_cat?post=16350"},{"taxonomy":"product_tag","embeddable":true,"href":"https:\/\/philipp-group.com\/pl\/wp-json\/wp\/v2\/product_tag?post=16350"}],"curies":[{"name":"wp","href":"https:\/\/api.w.org\/{rel}","templated":true}]}}