{"id":20985,"date":"2026-03-11T10:57:44","date_gmt":"2026-03-11T09:57:44","guid":{"rendered":"https:\/\/philipp-group.com\/?post_type=product&#038;p=20985"},"modified":"2026-03-11T11:15:45","modified_gmt":"2026-03-11T10:15:45","slug":"20985","status":"publish","type":"product","link":"https:\/\/philipp-group.com\/pl\/produkt\/20985\/","title":{"rendered":"MAX FRANK Coupler"},"content":{"rendered":"<p>W przypadku gdy nie jest mo\u017cliwe wykonanie tradycyjnego po\u0142\u0105czenia pr\u0119t\u00f3w zbrojeniowych na zak\u0142ad, w\u00f3wczas do \u0142\u0105czenia pr\u0119t\u00f3w zastosowanie znajduj\u0105 nowo opracowane po\u0142\u0105czenia gwintowane MAX FRANK. Stosuje si\u0119 je r\u00f3wnie\u017c wtedy, gdy ze wzgl\u0119du na \u015brednic\u0119 stali zbrojeniowej nie jest mo\u017cliwe u\u017cycie zbrojenia odginanego. Po\u0142\u0105czenie stali zbrojeniowej sk\u0142ada si\u0119 z regu\u0142y z \u017cebrowanego pr\u0119ta zbrojeniowego z zaci\u015bni\u0119t\u0105 na ko\u0144cu nagwintowan\u0105 wewn\u0119trznie tulej\u0105 stalow\u0105 dla pierwszego etapu realizacji konstrukcji oraz z nagwintowanego pr\u0119ta \u017cebrowanego do monta\u017cu w drugim etapie. Po\u0142\u0105czenia gwintowane stanowi\u0105 skuteczny i ekonomiczny spos\u00f3b \u0142\u0105czenia lub zakotwienia pr\u0119t\u00f3w zbrojeniowych element\u00f3w \u017celbetowych, na kt\u00f3re oddzia\u0142ywuj\u0105 obci\u0105\u017cenia statyczne oraz dynamiczne.<\/p>\n","protected":false},"excerpt":{"rendered":"<p>System zbrojenia skr\u0119canego, przenosi si\u0142y od obci\u0105\u017ce\u0144 statycznych i dynamicznych.<\/p>\n","protected":false},"featured_media":21007,"template":"","meta":{"_acf_changed":false,"site-sidebar-layout":"default","site-content-layout":"","ast-site-content-layout":"default","site-content-style":"default","site-sidebar-style":"default","ast-global-header-display":"","ast-banner-title-visibility":"","ast-main-header-display":"","ast-hfb-above-header-display":"","ast-hfb-below-header-display":"","ast-hfb-mobile-header-display":"","site-post-title":"","ast-breadcrumbs-content":"","ast-featured-img":"","footer-sml-layout":"","ast-disable-related-posts":"","theme-transparent-header-meta":"default","adv-header-id-meta":"","stick-header-meta":"","header-above-stick-meta":"","header-main-stick-meta":"","header-below-stick-meta":"","astra-migrate-meta-layouts":"set","ast-page-background-enabled":"default","ast-page-background-meta":{"desktop":{"background-color":"","background-image":"","background-repeat":"repeat","background-position":"center center","background-size":"auto","background-attachment":"scroll","background-type":"","background-media":"","overlay-type":"","overlay-color":"","overlay-opacity":"","overlay-gradient":""},"tablet":{"background-color":"","background-image":"","background-repeat":"repeat","background-position":"center center","background-size":"auto","background-attachment":"scroll","background-type":"","background-media":"","overlay-type":"","overlay-color":"","overlay-opacity":"","overlay-gradient":""},"mobile":{"background-color":"","background-image":"","background-repeat":"repeat","background-position":"center center","background-size":"auto","background-attachment":"scroll","background-type":"","background-media":"","overlay-type":"","overlay-color":"","overlay-opacity":"","overlay-gradient":""}},"ast-content-background-meta":{"desktop":{"background-color":"var(--ast-global-color-5)","background-image":"","background-repeat":"repeat","background-position":"center center","background-size":"auto","background-attachment":"scroll","background-type":"","background-media":"","overlay-type":"","overlay-color":"","overlay-opacity":"","overlay-gradient":""},"tablet":{"background-color":"var(--ast-global-color-5)","background-image":"","background-repeat":"repeat","background-position":"center center","background-size":"auto","background-attachment":"scroll","background-type":"","background-media":"","overlay-type":"","overlay-color":"","overlay-opacity":"","overlay-gradient":""},"mobile":{"background-color":"var(--ast-global-color-5)","background-image":"","background-repeat":"repeat","background-position":"center center","background-size":"auto","background-attachment":"scroll","background-type":"","background-media":"","overlay-type":"","overlay-color":"","overlay-opacity":"","overlay-gradient":""}}},"bauteilart":[606,603,617],"bauteil_subtyp":[609],"anwendung":[635],"funktionsgruppe":[612],"product_brand":[],"product_cat":[636],"product_tag":[],"class_list":{"0":"post-20985","1":"product","2":"type-product","3":"status-publish","4":"has-post-thumbnail","6":"bauteilart-element-przypominajacy-plyte","7":"bauteilart-element-przypominajacy-sciane","8":"bauteilart-komponent-wspornik-drazka","9":"bauteil_subtyp-solidna-sciana","10":"anwendung-wzmocnienie","11":"funktionsgruppe-zatwierdzony-sprawdzony-typ","12":"product_cat-technologia-wzmacniania","13":"desktop-align-left","14":"tablet-align-left","15":"mobile-align-left","17":"first","18":"instock","19":"shipping-taxable","20":"purchasable","21":"product-type-simple"},"acf":[],"_links":{"self":[{"href":"https:\/\/philipp-group.com\/pl\/wp-json\/wp\/v2\/product\/20985","targetHints":{"allow":["GET"]}}],"collection":[{"href":"https:\/\/philipp-group.com\/pl\/wp-json\/wp\/v2\/product"}],"about":[{"href":"https:\/\/philipp-group.com\/pl\/wp-json\/wp\/v2\/types\/product"}],"wp:featuredmedia":[{"embeddable":true,"href":"https:\/\/philipp-group.com\/pl\/wp-json\/wp\/v2\/media\/21007"}],"wp:attachment":[{"href":"https:\/\/philipp-group.com\/pl\/wp-json\/wp\/v2\/media?parent=20985"}],"wp:term":[{"taxonomy":"bauteilart","embeddable":true,"href":"https:\/\/philipp-group.com\/pl\/wp-json\/wp\/v2\/bauteilart?post=20985"},{"taxonomy":"bauteil_subtyp","embeddable":true,"href":"https:\/\/philipp-group.com\/pl\/wp-json\/wp\/v2\/bauteil_subtyp?post=20985"},{"taxonomy":"anwendung","embeddable":true,"href":"https:\/\/philipp-group.com\/pl\/wp-json\/wp\/v2\/anwendung?post=20985"},{"taxonomy":"funktionsgruppe","embeddable":true,"href":"https:\/\/philipp-group.com\/pl\/wp-json\/wp\/v2\/funktionsgruppe?post=20985"},{"taxonomy":"product_brand","embeddable":true,"href":"https:\/\/philipp-group.com\/pl\/wp-json\/wp\/v2\/product_brand?post=20985"},{"taxonomy":"product_cat","embeddable":true,"href":"https:\/\/philipp-group.com\/pl\/wp-json\/wp\/v2\/product_cat?post=20985"},{"taxonomy":"product_tag","embeddable":true,"href":"https:\/\/philipp-group.com\/pl\/wp-json\/wp\/v2\/product_tag?post=20985"}],"curies":[{"name":"wp","href":"https:\/\/api.w.org\/{rel}","templated":true}]}}